{"id":42582,"date":"2026-04-01T20:49:40","date_gmt":"2026-04-01T20:49:40","guid":{"rendered":"https:\/\/hotsmoke.shop\/?post_type=product&#038;p=42582"},"modified":"2026-04-01T20:49:40","modified_gmt":"2026-04-01T20:49:40","slug":"shanti-garden-kanapiu-ziedai","status":"publish","type":"product","link":"https:\/\/hotsmoke.shop\/pl\/parduotuve\/cbd-produktai\/shanti-garden-kanapiu-ziedai\/","title":{"rendered":"Shanti Garden - Kwiaty konopi indyjskich"},"content":{"rendered":"<p><strong>Baltic Shamans Kanapi\u0173 \u017diedai &#8211; \u201eShanti Garden\u201c<\/strong>. Tai kruop\u0161\u010diai i\u0161auginti ir profesionaliai paruo\u0161ti pluo\u0161tini\u0173 kanapi\u0173 \u017eiedynai, atkeliav\u0119 tiesiai i\u0161 Lietuvos \u016bki\u0173. \u0160is produktas vertinamas d\u0117l savo unikalios strukt\u016bros ir intensyvaus, gamtos suformuoto fitocheminio profilio, kuris geriausiai atsiskleid\u017eia per sodr\u0173 aromat\u0105.<\/p>\n<h2>Produkto savyb\u0117s<\/h2>\n<ul>\n<li>Aromatin\u0117s natos: \u0160velnus ir raminantis, dominuoja subtilios g\u0117li\u0173 bei vaista\u017eoli\u0173 natos, kurias harmoningai papildo lengvas sald\u017ei\u0173 vaisi\u0173 dvelksmas ir \u017eemi\u0161kas pagrindas.<\/li>\n<li>I\u0161vaizda ir tekst\u016bra: \u017diedynai yra tank\u016bs, tamsiai \u017ealio atspalvio, gausiai padengti nat\u016braliais augalo kristalais (trichomais), kurie liudija apie \u0161vie\u017eum\u0105 ir kokyb\u0119.<\/li>\n<li>Vietin\u0117 kilm\u0117: U\u017eauginta Lietuvoje (\u201eBaltic Shaman\u2019s Farm\u201c), u\u017etikrinant trumpiausi\u0105 keli\u0105 nuo lauko iki j\u016bs\u0173, taip i\u0161saugant visas verting\u0105sias augalo savybes.<\/li>\n<li>Rankinis apdorojimas: Kiekvienas \u017eiedynas yra r\u016bpestingai nuskintas ir nuvalytas rankomis, siekiant i\u0161laikyti nepriekai\u0161ting\u0105 botanin\u0119 estetik\u0105.<\/li>\n<li>Testy laboratoryjne: ka\u017cda partia jest testowana przez akredytowane laboratoria w celu potwierdzenia legalnej zawarto\u015bci THC &lt;0,2%.<\/li>\n<\/ul>\n<table data-path-to-node=\"16\">\n<thead>\n<tr>\n<td><strong>Savyb\u0117<\/strong><\/td>\n<td><strong>Reik\u0161m\u0117<\/strong><\/td>\n<\/tr>\n<\/thead>\n<tbody>\n<tr>\n<td><span data-path-to-node=\"16,1,0,0\"><b data-path-to-node=\"16,1,0,0\" data-index-in-node=\"0\">Veisl\u0117<\/b><\/span><\/td>\n<td>Shanti Garden<\/td>\n<\/tr>\n<tr>\n<td><span data-path-to-node=\"16,2,0,0\"><b data-path-to-node=\"16,2,0,0\" data-index-in-node=\"0\">Kilm\u0117<\/b><\/span><\/td>\n<td><span data-path-to-node=\"16,2,1,0\">Lietuva (Vietinis \u016bkis)<\/span><\/td>\n<\/tr>\n<tr>\n<td><span data-path-to-node=\"16,3,0,0\"><b data-path-to-node=\"16,3,0,0\" data-index-in-node=\"0\">Tipas<\/b><\/span><\/td>\n<td><span data-path-to-node=\"16,3,1,0\">Pluo\u0161tini\u0173 kanapi\u0173 \u017eiedynai<\/span><\/td>\n<\/tr>\n<tr>\n<td><span data-path-to-node=\"16,4,0,0\"><b data-path-to-node=\"16,4,0,0\" data-index-in-node=\"0\">Apdorojimas<\/b><\/span><\/td>\n<td><span data-path-to-node=\"16,4,1,0\">Rank\u0173 darbas, nat\u016bralus d\u017eiovinimas<\/span><\/td>\n<\/tr>\n<tr>\n<td><span data-path-to-node=\"16,5,0,0\"><b data-path-to-node=\"16,5,0,0\" data-index-in-node=\"0\">THC kiekis<\/b><\/span><\/td>\n<td><span data-path-to-node=\"16,5,1,0\">&lt; 0,2% (Atitinka ES standartus)<\/span><\/td>\n<\/tr>\n<\/tbody>\n<\/table>\n<p>&nbsp;<\/p>\n<h2>\u017died\u0173 paruo\u0161imas<\/h2>\n<p>U\u017epilkite \u017eied\u0173 \u017eiupsnel\u012f ~80 \u00b0C vandeniu. Skonio bei arbatos savyb\u0117ms sustiprinti pad\u0117s riebal\u0173 turintys priedai: pienas, grietin\u0117l\u0117 ar kokoso aliejus.<\/p>","protected":false},"excerpt":{"rendered":"<p>Premium, auk\u0161\u010diausios kokyb\u0117s lietuvi\u0161ki kanapi\u0173 \u017eiedynai. \u201eShanti Garden\u201c \u0160velnus ir raminantis, dominuoja subtilios g\u0117li\u0173 bei vaista\u017eoli\u0173 natos. Tai 100% nat\u016bralus, rankomis atrinktas produktas i\u0161 vietinio \u016bkio, vertinamas d\u0117l savo estetin\u0117s i\u0161vaizdos ir dervingumo.<\/p>","protected":false},"featured_media":42566,"comment_status":"closed","ping_status":"closed","template":"","meta":{"_acf_changed":false,"inline_featured_image":false},"product_brand":[301],"product_cat":[43,300],"product_tag":[],"class_list":{"0":"post-42582","1":"product","2":"type-product","3":"status-publish","4":"has-post-thumbnail","6":"product_brand-baltic-shamans","7":"product_cat-cbd-produktai","8":"product_cat-lietuviski-cbd-ziedai","10":"first","11":"instock","12":"sale","13":"shipping-taxable","14":"purchasable","15":"product-type-simple"},"acf":[],"yoast_head":"<!-- This site is optimized with the Yoast SEO Premium plugin v21.8 (Yoast SEO v27.2) - https:\/\/yoast.com\/product\/yoast-seo-premium-wordpress\/ -->\n<title>Shanti Garden - Lietuvi\u0161ki Kanapi\u0173 \u017diedynai (Premium) | HotSmoke<\/title>\n<meta name=\"description\" content=\"Atraskite lietuvi\u0161kus Shanti Garden pluo\u0161tini\u0173 kanapi\u0173 \u017eiedynus. Sodrus kavos ir kakavos aromatas, tanki strukt\u016bra ir vietin\u0117 kokyb\u0117. THC 0.2% Saugus.\" \/>\n<meta name=\"robots\" content=\"index, follow, max-snippet:-1, max-image-preview:large, max-video-preview:-1\" \/>\n<link rel=\"canonical\" href=\"https:\/\/hotsmoke.shop\/pl\/parduotuve\/produkty-cbd\/shanti-garden-kanapiu-ziedai\/\" \/>\n<meta property=\"og:locale\" content=\"pl_PL\" \/>\n<meta property=\"og:type\" content=\"article\" \/>\n<meta property=\"og:title\" content=\"Shanti Garden - Kanapi\u0173 \u017diedai\" \/>\n<meta property=\"og:description\" content=\"Atraskite lietuvi\u0161kus Shanti Garden pluo\u0161tini\u0173 kanapi\u0173 \u017eiedynus. Sodrus kavos ir kakavos aromatas, tanki strukt\u016bra ir vietin\u0117 kokyb\u0117. THC 0.2% Saugus.\" \/>\n<meta property=\"og:url\" content=\"https:\/\/hotsmoke.shop\/pl\/parduotuve\/produkty-cbd\/shanti-garden-kanapiu-ziedai\/\" \/>\n<meta property=\"og:site_name\" content=\"HotSmoke\" \/>\n<meta property=\"article:publisher\" content=\"https:\/\/www.facebook.com\/hotsmoke.shop\" \/>\n<meta property=\"og:image\" content=\"https:\/\/hotsmoke.shop\/wp-content\/uploads\/2026\/04\/Baltic-shamans-shanti-garden-cbd-ziedai-hotsmoke.shop_.webp\" \/>\n\t<meta property=\"og:image:width\" content=\"1024\" \/>\n\t<meta property=\"og:image:height\" content=\"1024\" \/>\n\t<meta property=\"og:image:type\" content=\"image\/webp\" \/>\n<meta name=\"twitter:card\" content=\"summary_large_image\" \/>\n<meta name=\"twitter:site\" content=\"@HotSmokeoffici1\" \/>\n<meta name=\"twitter:label1\" content=\"Cena\" \/>\n\t<meta name=\"twitter:data1\" content=\"18.00&euro; Pierwotna cena wynosi\u0142a: 18.00&euro;.13.99&euro;Aktualna cena wynosi: 13.99&euro;.\" \/>\n\t<meta name=\"twitter:label2\" content=\"Availability\" \/>\n\t<meta name=\"twitter:data2\" content=\"In stock\" \/>\n<script type=\"application\/ld+json\" class=\"yoast-schema-graph\">{\"@context\":\"https:\/\/schema.org\",\"@graph\":[{\"@type\":\"WebPage\",\"@id\":\"https:\/\/hotsmoke.shop\/parduotuve\/cbd-produktai\/shanti-garden-kanapiu-ziedai\/\",\"url\":\"https:\/\/hotsmoke.shop\/parduotuve\/cbd-produktai\/shanti-garden-kanapiu-ziedai\/\",\"name\":\"Shanti Garden - Lietuvi\u0161ki Kanapi\u0173 \u017diedynai (Premium) | HotSmoke\",\"isPartOf\":{\"@id\":\"https:\/\/hotsmoke.shop\/#website\"},\"primaryImageOfPage\":{\"@id\":\"https:\/\/hotsmoke.shop\/parduotuve\/cbd-produktai\/shanti-garden-kanapiu-ziedai\/#primaryimage\"},\"image\":{\"@id\":\"https:\/\/hotsmoke.shop\/parduotuve\/cbd-produktai\/shanti-garden-kanapiu-ziedai\/#primaryimage\"},\"thumbnailUrl\":\"https:\/\/hotsmoke.shop\/wp-content\/uploads\/2026\/04\/Baltic-shamans-shanti-garden-cbd-ziedai-hotsmoke.shop_.webp\",\"datePublished\":\"2026-04-01T20:49:40+00:00\",\"description\":\"Atraskite lietuvi\u0161kus Shanti Garden pluo\u0161tini\u0173 kanapi\u0173 \u017eiedynus. Sodrus kavos ir kakavos aromatas, tanki strukt\u016bra ir vietin\u0117 kokyb\u0117. THC 0.2% Saugus.\",\"breadcrumb\":{\"@id\":\"https:\/\/hotsmoke.shop\/parduotuve\/cbd-produktai\/shanti-garden-kanapiu-ziedai\/#breadcrumb\"},\"inLanguage\":\"pl-PL\",\"potentialAction\":[{\"@type\":\"ReadAction\",\"target\":[\"https:\/\/hotsmoke.shop\/parduotuve\/cbd-produktai\/shanti-garden-kanapiu-ziedai\/\"]}]},{\"@type\":\"ImageObject\",\"inLanguage\":\"pl-PL\",\"@id\":\"https:\/\/hotsmoke.shop\/parduotuve\/cbd-produktai\/shanti-garden-kanapiu-ziedai\/#primaryimage\",\"url\":\"https:\/\/hotsmoke.shop\/wp-content\/uploads\/2026\/04\/Baltic-shamans-shanti-garden-cbd-ziedai-hotsmoke.shop_.webp\",\"contentUrl\":\"https:\/\/hotsmoke.shop\/wp-content\/uploads\/2026\/04\/Baltic-shamans-shanti-garden-cbd-ziedai-hotsmoke.shop_.webp\",\"width\":1024,\"height\":1024,\"caption\":\"Baltic shamans shanti garden cbd ziedai\"},{\"@type\":\"BreadcrumbList\",\"@id\":\"https:\/\/hotsmoke.shop\/parduotuve\/cbd-produktai\/shanti-garden-kanapiu-ziedai\/#breadcrumb\",\"itemListElement\":[{\"@type\":\"ListItem\",\"position\":1,\"name\":\"Home\",\"item\":\"https:\/\/hotsmoke.shop\/\"},{\"@type\":\"ListItem\",\"position\":2,\"name\":\"CBD Parduotuv\u0117 | Premium Aliejai ir \u017diedai Internetu\",\"item\":\"https:\/\/hotsmoke.shop\/parduotuve\/\"},{\"@type\":\"ListItem\",\"position\":3,\"name\":\"Shanti Garden &#8211; Kanapi\u0173 \u017diedai\"}]},{\"@type\":\"WebSite\",\"@id\":\"https:\/\/hotsmoke.shop\/#website\",\"url\":\"https:\/\/hotsmoke.shop\/\",\"name\":\"HotSmoke CBD\",\"description\":\"CBD Produktai Lietuvoje | Premium Aliejus ir \u017diedai | HotSmoke\",\"publisher\":{\"@id\":\"https:\/\/hotsmoke.shop\/#organization\"},\"potentialAction\":[{\"@type\":\"SearchAction\",\"target\":{\"@type\":\"EntryPoint\",\"urlTemplate\":\"https:\/\/hotsmoke.shop\/?s={search_term_string}\"},\"query-input\":{\"@type\":\"PropertyValueSpecification\",\"valueRequired\":true,\"valueName\":\"search_term_string\"}}],\"inLanguage\":\"pl-PL\"},{\"@type\":[\"Organization\",\"Place\"],\"@id\":\"https:\/\/hotsmoke.shop\/#organization\",\"name\":\"Hotsmoke | CBD line\",\"url\":\"https:\/\/hotsmoke.shop\/\",\"logo\":{\"@id\":\"https:\/\/hotsmoke.shop\/parduotuve\/cbd-produktai\/shanti-garden-kanapiu-ziedai\/#local-main-organization-logo\"},\"image\":{\"@id\":\"https:\/\/hotsmoke.shop\/parduotuve\/cbd-produktai\/shanti-garden-kanapiu-ziedai\/#local-main-organization-logo\"},\"sameAs\":[\"https:\/\/www.facebook.com\/hotsmoke.shop\",\"https:\/\/x.com\/HotSmokeoffici1\"],\"publishingPrinciples\":\"https:\/\/hotsmoke.shop\/apie-mus\/\",\"ownershipFundingInfo\":\"https:\/\/hotsmoke.shop\/teises-ir-isipareigojimai\/\",\"actionableFeedbackPolicy\":\"https:\/\/hotsmoke.shop\/teises-ir-isipareigojimai\/\",\"correctionsPolicy\":\"https:\/\/hotsmoke.shop\/teises-ir-isipareigojimai\/\",\"ethicsPolicy\":\"https:\/\/hotsmoke.shop\/pristatymas-ir-taisykles\/\",\"diversityPolicy\":\"https:\/\/hotsmoke.shop\/garantijos-ir-grazinimas\/\",\"diversityStaffingReport\":\"https:\/\/hotsmoke.shop\/teises-ir-isipareigojimai\/\",\"openingHoursSpecification\":[{\"@type\":\"OpeningHoursSpecification\",\"dayOfWeek\":[\"Monday\",\"Tuesday\",\"Wednesday\",\"Thursday\",\"Friday\",\"Saturday\",\"Sunday\"],\"opens\":\"09:00\",\"closes\":\"17:00\"}]},{\"@type\":\"ImageObject\",\"inLanguage\":\"pl-PL\",\"@id\":\"https:\/\/hotsmoke.shop\/parduotuve\/cbd-produktai\/shanti-garden-kanapiu-ziedai\/#local-main-organization-logo\",\"url\":\"https:\/\/hotsmoke.shop\/wp-content\/uploads\/2026\/03\/Group-5-1.png\",\"contentUrl\":\"https:\/\/hotsmoke.shop\/wp-content\/uploads\/2026\/03\/Group-5-1.png\",\"width\":566,\"height\":73,\"caption\":\"Hotsmoke | CBD line\"}]}<\/script>\n<!-- \/ Yoast SEO Premium plugin. -->","yoast_head_json":{"title":"Shanti Garden - Lietuvi\u0161ki Kanapi\u0173 \u017diedynai (Premium) | HotSmoke","description":"Atraskite lietuvi\u0161kus Shanti Garden pluo\u0161tini\u0173 kanapi\u0173 \u017eiedynus. Sodrus kavos ir kakavos aromatas, tanki strukt\u016bra ir vietin\u0117 kokyb\u0117. THC 0.2% Saugus.","robots":{"index":"index","follow":"follow","max-snippet":"max-snippet:-1","max-image-preview":"max-image-preview:large","max-video-preview":"max-video-preview:-1"},"canonical":"https:\/\/hotsmoke.shop\/pl\/parduotuve\/produkty-cbd\/shanti-garden-kanapiu-ziedai\/","og_locale":"pl_PL","og_type":"article","og_title":"Shanti Garden - Kanapi\u0173 \u017diedai","og_description":"Atraskite lietuvi\u0161kus Shanti Garden pluo\u0161tini\u0173 kanapi\u0173 \u017eiedynus. Sodrus kavos ir kakavos aromatas, tanki strukt\u016bra ir vietin\u0117 kokyb\u0117. THC 0.2% Saugus.","og_url":"https:\/\/hotsmoke.shop\/pl\/parduotuve\/produkty-cbd\/shanti-garden-kanapiu-ziedai\/","og_site_name":"HotSmoke","article_publisher":"https:\/\/www.facebook.com\/hotsmoke.shop","og_image":[{"width":1024,"height":1024,"url":"https:\/\/hotsmoke.shop\/wp-content\/uploads\/2026\/04\/Baltic-shamans-shanti-garden-cbd-ziedai-hotsmoke.shop_.webp","type":"image\/webp"}],"twitter_card":"summary_large_image","twitter_site":"@HotSmokeoffici1","twitter_misc":{"Cena":"18.00&euro; Pierwotna cena wynosi\u0142a: 18.00&euro;.13.99&euro;Aktualna cena wynosi: 13.99&euro;.","Availability":"In stock"},"schema":{"@context":"https:\/\/schema.org","@graph":[{"@type":"WebPage","@id":"https:\/\/hotsmoke.shop\/parduotuve\/cbd-produktai\/shanti-garden-kanapiu-ziedai\/","url":"https:\/\/hotsmoke.shop\/parduotuve\/cbd-produktai\/shanti-garden-kanapiu-ziedai\/","name":"Shanti Garden - Lietuvi\u0161ki Kanapi\u0173 \u017diedynai (Premium) | HotSmoke","isPartOf":{"@id":"https:\/\/hotsmoke.shop\/#website"},"primaryImageOfPage":{"@id":"https:\/\/hotsmoke.shop\/parduotuve\/cbd-produktai\/shanti-garden-kanapiu-ziedai\/#primaryimage"},"image":{"@id":"https:\/\/hotsmoke.shop\/parduotuve\/cbd-produktai\/shanti-garden-kanapiu-ziedai\/#primaryimage"},"thumbnailUrl":"https:\/\/hotsmoke.shop\/wp-content\/uploads\/2026\/04\/Baltic-shamans-shanti-garden-cbd-ziedai-hotsmoke.shop_.webp","datePublished":"2026-04-01T20:49:40+00:00","description":"Atraskite lietuvi\u0161kus Shanti Garden pluo\u0161tini\u0173 kanapi\u0173 \u017eiedynus. Sodrus kavos ir kakavos aromatas, tanki strukt\u016bra ir vietin\u0117 kokyb\u0117. THC 0.2% Saugus.","breadcrumb":{"@id":"https:\/\/hotsmoke.shop\/parduotuve\/cbd-produktai\/shanti-garden-kanapiu-ziedai\/#breadcrumb"},"inLanguage":"pl-PL","potentialAction":[{"@type":"ReadAction","target":["https:\/\/hotsmoke.shop\/parduotuve\/cbd-produktai\/shanti-garden-kanapiu-ziedai\/"]}]},{"@type":"ImageObject","inLanguage":"pl-PL","@id":"https:\/\/hotsmoke.shop\/parduotuve\/cbd-produktai\/shanti-garden-kanapiu-ziedai\/#primaryimage","url":"https:\/\/hotsmoke.shop\/wp-content\/uploads\/2026\/04\/Baltic-shamans-shanti-garden-cbd-ziedai-hotsmoke.shop_.webp","contentUrl":"https:\/\/hotsmoke.shop\/wp-content\/uploads\/2026\/04\/Baltic-shamans-shanti-garden-cbd-ziedai-hotsmoke.shop_.webp","width":1024,"height":1024,"caption":"Baltic shamans shanti garden cbd ziedai"},{"@type":"BreadcrumbList","@id":"https:\/\/hotsmoke.shop\/parduotuve\/cbd-produktai\/shanti-garden-kanapiu-ziedai\/#breadcrumb","itemListElement":[{"@type":"ListItem","position":1,"name":"Home","item":"https:\/\/hotsmoke.shop\/"},{"@type":"ListItem","position":2,"name":"CBD Parduotuv\u0117 | Premium Aliejai ir \u017diedai Internetu","item":"https:\/\/hotsmoke.shop\/parduotuve\/"},{"@type":"ListItem","position":3,"name":"Shanti Garden &#8211; Kanapi\u0173 \u017diedai"}]},{"@type":"WebSite","@id":"https:\/\/hotsmoke.shop\/#website","url":"https:\/\/hotsmoke.shop\/","name":"HotSmoke CBD","description":"Produkty CBD w Wielkiej Brytanii | Olejki i kwiaty premium | HotSmoke","publisher":{"@id":"https:\/\/hotsmoke.shop\/#organization"},"potentialAction":[{"@type":"SearchAction","target":{"@type":"EntryPoint","urlTemplate":"https:\/\/hotsmoke.shop\/?s={search_term_string}"},"query-input":{"@type":"PropertyValueSpecification","valueRequired":true,"valueName":"search_term_string"}}],"inLanguage":"pl-PL"},{"@type":["Organization","Place"],"@id":"https:\/\/hotsmoke.shop\/#organization","name":"Linia Hotsmoke | CBD","url":"https:\/\/hotsmoke.shop\/","logo":{"@id":"https:\/\/hotsmoke.shop\/parduotuve\/cbd-produktai\/shanti-garden-kanapiu-ziedai\/#local-main-organization-logo"},"image":{"@id":"https:\/\/hotsmoke.shop\/parduotuve\/cbd-produktai\/shanti-garden-kanapiu-ziedai\/#local-main-organization-logo"},"sameAs":["https:\/\/www.facebook.com\/hotsmoke.shop","https:\/\/x.com\/HotSmokeoffici1"],"publishingPrinciples":"https:\/\/hotsmoke.shop\/apie-mus\/","ownershipFundingInfo":"https:\/\/hotsmoke.shop\/teises-ir-isipareigojimai\/","actionableFeedbackPolicy":"https:\/\/hotsmoke.shop\/teises-ir-isipareigojimai\/","correctionsPolicy":"https:\/\/hotsmoke.shop\/teises-ir-isipareigojimai\/","ethicsPolicy":"https:\/\/hotsmoke.shop\/pristatymas-ir-taisykles\/","diversityPolicy":"https:\/\/hotsmoke.shop\/garantijos-ir-grazinimas\/","diversityStaffingReport":"https:\/\/hotsmoke.shop\/teises-ir-isipareigojimai\/","openingHoursSpecification":[{"@type":"OpeningHoursSpecification","dayOfWeek":["Monday","Tuesday","Wednesday","Thursday","Friday","Saturday","Sunday"],"opens":"09:00","closes":"17:00"}]},{"@type":"ImageObject","inLanguage":"pl-PL","@id":"https:\/\/hotsmoke.shop\/parduotuve\/cbd-produktai\/shanti-garden-kanapiu-ziedai\/#local-main-organization-logo","url":"https:\/\/hotsmoke.shop\/wp-content\/uploads\/2026\/03\/Group-5-1.png","contentUrl":"https:\/\/hotsmoke.shop\/wp-content\/uploads\/2026\/03\/Group-5-1.png","width":566,"height":73,"caption":"Hotsmoke | CBD line"}]}},"_links":{"self":[{"href":"https:\/\/hotsmoke.shop\/pl\/wp-json\/wp\/v2\/product\/42582","targetHints":{"allow":["GET"]}}],"collection":[{"href":"https:\/\/hotsmoke.shop\/pl\/wp-json\/wp\/v2\/product"}],"about":[{"href":"https:\/\/hotsmoke.shop\/pl\/wp-json\/wp\/v2\/types\/product"}],"replies":[{"embeddable":true,"href":"https:\/\/hotsmoke.shop\/pl\/wp-json\/wp\/v2\/comments?post=42582"}],"wp:featuredmedia":[{"embeddable":true,"href":"https:\/\/hotsmoke.shop\/pl\/wp-json\/wp\/v2\/media\/42566"}],"wp:attachment":[{"href":"https:\/\/hotsmoke.shop\/pl\/wp-json\/wp\/v2\/media?parent=42582"}],"wp:term":[{"taxonomy":"product_brand","embeddable":true,"href":"https:\/\/hotsmoke.shop\/pl\/wp-json\/wp\/v2\/product_brand?post=42582"},{"taxonomy":"product_cat","embeddable":true,"href":"https:\/\/hotsmoke.shop\/pl\/wp-json\/wp\/v2\/product_cat?post=42582"},{"taxonomy":"product_tag","embeddable":true,"href":"https:\/\/hotsmoke.shop\/pl\/wp-json\/wp\/v2\/product_tag?post=42582"}],"curies":[{"name":"wp","href":"https:\/\/api.w.org\/{rel}","templated":true}]}}