{"id":42494,"date":"2026-03-31T12:28:34","date_gmt":"2026-03-31T12:28:34","guid":{"rendered":"https:\/\/hotsmoke.shop\/?post_type=product&#038;p=42494"},"modified":"2026-04-01T12:45:29","modified_gmt":"2026-04-01T12:45:29","slug":"cannastra-h4cbd-60-kanapiu-ziedai","status":"publish","type":"product","link":"https:\/\/hotsmoke.shop\/pl\/parduotuve\/cbd-produktai\/cannastra-h4cbd-60-kanapiu-ziedai\/","title":{"rendered":"Pier\u015bcienie do konopi Cannastra H4CBD 60%"},"content":{"rendered":"<p><strong>Cannastra H4CBD 60% Premium kanapi\u0173 \u017eiedai<\/strong> &#8211; modernus pasirinkimas tiems, kurie vertina auk\u0161\u010diausius standartus ir naujausius pasiekimus pluo\u0161tini\u0173 kanapi\u0173 srityje. H4CBD yra hidrinta CBD forma, pasi\u017eyminti unikalia strukt\u016bra ir intensyviu aromatu, kuris i\u0161gaunamas i\u0161 kruop\u0161\u010diai atrinkt\u0173, kontroliuojamoje aplinkoje u\u017eaugint\u0173 augal\u0173.<\/p>\n<h2><strong>Jako\u015b\u0107 jest naszym priorytetem, dlatego ka\u017cdy pier\u015bcionek jest<\/strong><\/h2>\n<ul>\n<li>Uprawa indoor: kontrolowane warunki zapewniaj\u0105 doskona\u0142\u0105 struktur\u0119, czysto\u015b\u0107 i bogaty aromat.<\/li>\n<li>Maksymalna \u015bwie\u017co\u015b\u0107: Wybierane s\u0105 tylko \u017cywiczne, nie uschni\u0119te kwiatostany.<\/li>\n<li>Testy laboratoryjne: ka\u017cda partia jest testowana przez akredytowane laboratoria w celu potwierdzenia legalnej zawarto\u015bci THC &lt;0,2%.<\/li>\n<\/ul>\n<h2><strong>H4CBD \u017eied\u0173 savyb\u0117s<\/strong><\/h2>\n<ul>\n<li>H4CBD kiekis: Net 60% (viena auk\u0161\u010diausi\u0173 H4CBD koncentracij\u0173).<\/li>\n<li>Profil: Naturalne kannabinoidy (CBD, CBG, CBC, THC itp.) oraz bogate spektrum terpen\u00f3w i flawonoid\u00f3w.<\/li>\n<li>Kilm\u0117: I\u0161auginta specializuotuose ES \u016bkiuose, naudojant tvarius auginimo metodus.<\/li>\n<li>Aromatas: I\u0161skirtinai saldus ir energingas, dominuoja unikalios any\u017eiaus (saldymed\u017eio) bei prieskoni\u0173 natos, kurias papildo \u0161viesus citrin\u0173 bei pu\u0161\u0173 sak\u0173 gaivumas.<\/li>\n<li>Struktura: g\u0119ste, \u017cywiczne kwiatostany pokryte wyra\u017anymi trichomami.<\/li>\n<li>Kokyb\u0117s kontrol\u0117: Kiekviena partija testuojama nepriklausomose laboratorijose.<\/li>\n<li>Sud\u0117tis: Kanapi\u0173 \u017eiedai\/H4CBD distiliatas.<\/li>\n<\/ul>\n<h2><strong>Cel i informacje o pier\u015bcieniach<\/strong><\/h2>\n<ul>\n<li>Zgodnie z ustawodawstwem Republiki Litewskiej produkt ten nie jest \u017cywno\u015bci\u0105, lekiem ani suplementem diety.<\/li>\n<li>Przeznaczenie: Kwiaty konopi technicznych. Konopie techniczne s\u0105 produkowane z nasion odmian zawartych we Wsp\u00f3lnym Katalogu Odmian Ro\u015blin Rolniczych. Ten produkt jest zgodny ze wszystkimi obowi\u0105zuj\u0105cymi przepisami i regulacjami i jest przeznaczony wy\u0142\u0105cznie do cel\u00f3w przemys\u0142owych, kosmetycznych, technicznych lub ogrodniczych.<\/li>\n<li>Ograniczenie wiekowe: Sprzedawane wy\u0142\u0105cznie osobom w wieku co najmniej 18 lat.<\/li>\n<\/ul>","protected":false},"excerpt":{"rendered":"<p>H4CBD 60% Premium \u017eiedai. Indoor auginimo kokyb\u0117, intensyvus aromatas ir tank\u016bs \u017eiedynai. (THC &lt; 0,2%), gauta i\u0161 sertifikuot\u0173 pluo\u0161tini\u0173 kanapi\u0173 veisli\u0173.<\/p>","protected":false},"featured_media":42499,"comment_status":"closed","ping_status":"closed","template":"","meta":{"_acf_changed":false,"inline_featured_image":false},"product_brand":[296],"product_cat":[43,292],"product_tag":[],"class_list":{"0":"post-42494","1":"product","2":"type-product","3":"status-publish","4":"has-post-thumbnail","6":"product_brand-cannastra","7":"product_cat-cbd-produktai","8":"product_cat-h4cbd-ziedai","10":"first","11":"instock","12":"sale","13":"shipping-taxable","14":"purchasable","15":"product-type-variable"},"acf":[],"yoast_head":"<!-- This site is optimized with the Yoast SEO Premium plugin v21.8 (Yoast SEO v27.2) - https:\/\/yoast.com\/product\/yoast-seo-premium-wordpress\/ -->\n<title>Cannastra H4CBD 60% \u017diedai (Indoor) - Premium Kokyb\u0117<\/title>\n<meta name=\"description\" content=\"Cannastra H4CBD 60% \u017eiedai pasi\u017eymi tankia strukt\u016bra, gausiu trichom\u0173 kiekiu ir sodriu terpen\u0173 profiliu. Premium kokyb\u0117, nat\u016bral\u016bs \u017eiedynai ir THC &lt; 0,2%.\" \/>\n<meta name=\"robots\" content=\"index, follow, max-snippet:-1, max-image-preview:large, max-video-preview:-1\" \/>\n<link rel=\"canonical\" href=\"https:\/\/hotsmoke.shop\/pl\/parduotuve\/produkty-cbd\/cannastra-h4cbd-60-kanapiu-ziedai\/\" \/>\n<meta property=\"og:locale\" content=\"pl_PL\" \/>\n<meta property=\"og:type\" content=\"article\" \/>\n<meta property=\"og:title\" content=\"Cannastra H4CBD 60% Kanapi\u0173 \u017diedai\" \/>\n<meta property=\"og:description\" content=\"Cannastra H4CBD 60% \u017eiedai pasi\u017eymi tankia strukt\u016bra, gausiu trichom\u0173 kiekiu ir sodriu terpen\u0173 profiliu. Premium kokyb\u0117, nat\u016bral\u016bs \u017eiedynai ir THC &lt; 0,2%.\" \/>\n<meta property=\"og:url\" content=\"https:\/\/hotsmoke.shop\/pl\/parduotuve\/produkty-cbd\/cannastra-h4cbd-60-kanapiu-ziedai\/\" \/>\n<meta property=\"og:site_name\" content=\"HotSmoke\" \/>\n<meta property=\"article:publisher\" content=\"https:\/\/www.facebook.com\/hotsmoke.shop\" \/>\n<meta property=\"article:modified_time\" content=\"2026-04-01T12:45:29+00:00\" \/>\n<meta property=\"og:image\" content=\"https:\/\/hotsmoke.shop\/wp-content\/uploads\/2026\/03\/h4cbd-60-kanapiu-ziedai-hotsmoke.shop_.webp\" \/>\n\t<meta property=\"og:image:width\" content=\"1024\" \/>\n\t<meta property=\"og:image:height\" content=\"1024\" \/>\n\t<meta property=\"og:image:type\" content=\"image\/webp\" \/>\n<meta name=\"twitter:card\" content=\"summary_large_image\" \/>\n<meta name=\"twitter:site\" content=\"@HotSmokeoffici1\" \/>\n<meta name=\"twitter:label1\" content=\"Availability\" \/>\n\t<meta name=\"twitter:data1\" content=\"In stock\" \/>\n<script type=\"application\/ld+json\" class=\"yoast-schema-graph\">{\"@context\":\"https:\/\/schema.org\",\"@graph\":[{\"@type\":\"WebPage\",\"@id\":\"https:\/\/hotsmoke.shop\/parduotuve\/cbd-produktai\/cannastra-h4cbd-60-kanapiu-ziedai\/\",\"url\":\"https:\/\/hotsmoke.shop\/parduotuve\/cbd-produktai\/cannastra-h4cbd-60-kanapiu-ziedai\/\",\"name\":\"Cannastra H4CBD 60% \u017diedai (Indoor) - Premium Kokyb\u0117\",\"isPartOf\":{\"@id\":\"https:\/\/hotsmoke.shop\/#website\"},\"primaryImageOfPage\":{\"@id\":\"https:\/\/hotsmoke.shop\/parduotuve\/cbd-produktai\/cannastra-h4cbd-60-kanapiu-ziedai\/#primaryimage\"},\"image\":{\"@id\":\"https:\/\/hotsmoke.shop\/parduotuve\/cbd-produktai\/cannastra-h4cbd-60-kanapiu-ziedai\/#primaryimage\"},\"thumbnailUrl\":\"https:\/\/hotsmoke.shop\/wp-content\/uploads\/2026\/03\/h4cbd-60-kanapiu-ziedai-hotsmoke.shop_.webp\",\"datePublished\":\"2026-03-31T12:28:34+00:00\",\"dateModified\":\"2026-04-01T12:45:29+00:00\",\"description\":\"Cannastra H4CBD 60% \u017eiedai pasi\u017eymi tankia strukt\u016bra, gausiu trichom\u0173 kiekiu ir sodriu terpen\u0173 profiliu. Premium kokyb\u0117, nat\u016bral\u016bs \u017eiedynai ir THC &lt; 0,2%.\",\"breadcrumb\":{\"@id\":\"https:\/\/hotsmoke.shop\/parduotuve\/cbd-produktai\/cannastra-h4cbd-60-kanapiu-ziedai\/#breadcrumb\"},\"inLanguage\":\"pl-PL\",\"potentialAction\":[{\"@type\":\"ReadAction\",\"target\":[\"https:\/\/hotsmoke.shop\/parduotuve\/cbd-produktai\/cannastra-h4cbd-60-kanapiu-ziedai\/\"]}]},{\"@type\":\"ImageObject\",\"inLanguage\":\"pl-PL\",\"@id\":\"https:\/\/hotsmoke.shop\/parduotuve\/cbd-produktai\/cannastra-h4cbd-60-kanapiu-ziedai\/#primaryimage\",\"url\":\"https:\/\/hotsmoke.shop\/wp-content\/uploads\/2026\/03\/h4cbd-60-kanapiu-ziedai-hotsmoke.shop_.webp\",\"contentUrl\":\"https:\/\/hotsmoke.shop\/wp-content\/uploads\/2026\/03\/h4cbd-60-kanapiu-ziedai-hotsmoke.shop_.webp\",\"width\":1024,\"height\":1024,\"caption\":\"h4cbd 60 kanapiu ziedai\"},{\"@type\":\"BreadcrumbList\",\"@id\":\"https:\/\/hotsmoke.shop\/parduotuve\/cbd-produktai\/cannastra-h4cbd-60-kanapiu-ziedai\/#breadcrumb\",\"itemListElement\":[{\"@type\":\"ListItem\",\"position\":1,\"name\":\"Home\",\"item\":\"https:\/\/hotsmoke.shop\/\"},{\"@type\":\"ListItem\",\"position\":2,\"name\":\"CBD Parduotuv\u0117 | Premium Aliejai ir \u017diedai Internetu\",\"item\":\"https:\/\/hotsmoke.shop\/parduotuve\/\"},{\"@type\":\"ListItem\",\"position\":3,\"name\":\"Cannastra H4CBD 60% Kanapi\u0173 \u017diedai\"}]},{\"@type\":\"WebSite\",\"@id\":\"https:\/\/hotsmoke.shop\/#website\",\"url\":\"https:\/\/hotsmoke.shop\/\",\"name\":\"HotSmoke CBD\",\"description\":\"CBD Produktai Lietuvoje | Premium Aliejus ir \u017diedai | HotSmoke\",\"publisher\":{\"@id\":\"https:\/\/hotsmoke.shop\/#organization\"},\"potentialAction\":[{\"@type\":\"SearchAction\",\"target\":{\"@type\":\"EntryPoint\",\"urlTemplate\":\"https:\/\/hotsmoke.shop\/?s={search_term_string}\"},\"query-input\":{\"@type\":\"PropertyValueSpecification\",\"valueRequired\":true,\"valueName\":\"search_term_string\"}}],\"inLanguage\":\"pl-PL\"},{\"@type\":[\"Organization\",\"Place\"],\"@id\":\"https:\/\/hotsmoke.shop\/#organization\",\"name\":\"Hotsmoke | CBD line\",\"url\":\"https:\/\/hotsmoke.shop\/\",\"logo\":{\"@id\":\"https:\/\/hotsmoke.shop\/parduotuve\/cbd-produktai\/cannastra-h4cbd-60-kanapiu-ziedai\/#local-main-organization-logo\"},\"image\":{\"@id\":\"https:\/\/hotsmoke.shop\/parduotuve\/cbd-produktai\/cannastra-h4cbd-60-kanapiu-ziedai\/#local-main-organization-logo\"},\"sameAs\":[\"https:\/\/www.facebook.com\/hotsmoke.shop\",\"https:\/\/x.com\/HotSmokeoffici1\"],\"publishingPrinciples\":\"https:\/\/hotsmoke.shop\/apie-mus\/\",\"ownershipFundingInfo\":\"https:\/\/hotsmoke.shop\/teises-ir-isipareigojimai\/\",\"actionableFeedbackPolicy\":\"https:\/\/hotsmoke.shop\/teises-ir-isipareigojimai\/\",\"correctionsPolicy\":\"https:\/\/hotsmoke.shop\/teises-ir-isipareigojimai\/\",\"ethicsPolicy\":\"https:\/\/hotsmoke.shop\/pristatymas-ir-taisykles\/\",\"diversityPolicy\":\"https:\/\/hotsmoke.shop\/garantijos-ir-grazinimas\/\",\"diversityStaffingReport\":\"https:\/\/hotsmoke.shop\/teises-ir-isipareigojimai\/\",\"openingHoursSpecification\":[{\"@type\":\"OpeningHoursSpecification\",\"dayOfWeek\":[\"Monday\",\"Tuesday\",\"Wednesday\",\"Thursday\",\"Friday\",\"Saturday\",\"Sunday\"],\"opens\":\"09:00\",\"closes\":\"17:00\"}]},{\"@type\":\"ImageObject\",\"inLanguage\":\"pl-PL\",\"@id\":\"https:\/\/hotsmoke.shop\/parduotuve\/cbd-produktai\/cannastra-h4cbd-60-kanapiu-ziedai\/#local-main-organization-logo\",\"url\":\"https:\/\/hotsmoke.shop\/wp-content\/uploads\/2026\/03\/Group-5-1.png\",\"contentUrl\":\"https:\/\/hotsmoke.shop\/wp-content\/uploads\/2026\/03\/Group-5-1.png\",\"width\":566,\"height\":73,\"caption\":\"Hotsmoke | CBD line\"}]}<\/script>\n<!-- \/ Yoast SEO Premium plugin. -->","yoast_head_json":{"title":"Cannastra H4CBD 60% \u017diedai (Indoor) - Premium Kokyb\u0117","description":"Cannastra H4CBD 60% \u017eiedai pasi\u017eymi tankia strukt\u016bra, gausiu trichom\u0173 kiekiu ir sodriu terpen\u0173 profiliu. Premium kokyb\u0117, nat\u016bral\u016bs \u017eiedynai ir THC &lt; 0,2%.","robots":{"index":"index","follow":"follow","max-snippet":"max-snippet:-1","max-image-preview":"max-image-preview:large","max-video-preview":"max-video-preview:-1"},"canonical":"https:\/\/hotsmoke.shop\/pl\/parduotuve\/produkty-cbd\/cannastra-h4cbd-60-kanapiu-ziedai\/","og_locale":"pl_PL","og_type":"article","og_title":"Cannastra H4CBD 60% Kanapi\u0173 \u017diedai","og_description":"Cannastra H4CBD 60% \u017eiedai pasi\u017eymi tankia strukt\u016bra, gausiu trichom\u0173 kiekiu ir sodriu terpen\u0173 profiliu. Premium kokyb\u0117, nat\u016bral\u016bs \u017eiedynai ir THC &lt; 0,2%.","og_url":"https:\/\/hotsmoke.shop\/pl\/parduotuve\/produkty-cbd\/cannastra-h4cbd-60-kanapiu-ziedai\/","og_site_name":"HotSmoke","article_publisher":"https:\/\/www.facebook.com\/hotsmoke.shop","article_modified_time":"2026-04-01T12:45:29+00:00","og_image":[{"width":1024,"height":1024,"url":"https:\/\/hotsmoke.shop\/wp-content\/uploads\/2026\/03\/h4cbd-60-kanapiu-ziedai-hotsmoke.shop_.webp","type":"image\/webp"}],"twitter_card":"summary_large_image","twitter_site":"@HotSmokeoffici1","twitter_misc":{"Availability":"In stock"},"schema":{"@context":"https:\/\/schema.org","@graph":[{"@type":"WebPage","@id":"https:\/\/hotsmoke.shop\/parduotuve\/cbd-produktai\/cannastra-h4cbd-60-kanapiu-ziedai\/","url":"https:\/\/hotsmoke.shop\/parduotuve\/cbd-produktai\/cannastra-h4cbd-60-kanapiu-ziedai\/","name":"Cannastra H4CBD 60% \u017diedai (Indoor) - Premium Kokyb\u0117","isPartOf":{"@id":"https:\/\/hotsmoke.shop\/#website"},"primaryImageOfPage":{"@id":"https:\/\/hotsmoke.shop\/parduotuve\/cbd-produktai\/cannastra-h4cbd-60-kanapiu-ziedai\/#primaryimage"},"image":{"@id":"https:\/\/hotsmoke.shop\/parduotuve\/cbd-produktai\/cannastra-h4cbd-60-kanapiu-ziedai\/#primaryimage"},"thumbnailUrl":"https:\/\/hotsmoke.shop\/wp-content\/uploads\/2026\/03\/h4cbd-60-kanapiu-ziedai-hotsmoke.shop_.webp","datePublished":"2026-03-31T12:28:34+00:00","dateModified":"2026-04-01T12:45:29+00:00","description":"Cannastra H4CBD 60% \u017eiedai pasi\u017eymi tankia strukt\u016bra, gausiu trichom\u0173 kiekiu ir sodriu terpen\u0173 profiliu. Premium kokyb\u0117, nat\u016bral\u016bs \u017eiedynai ir THC &lt; 0,2%.","breadcrumb":{"@id":"https:\/\/hotsmoke.shop\/parduotuve\/cbd-produktai\/cannastra-h4cbd-60-kanapiu-ziedai\/#breadcrumb"},"inLanguage":"pl-PL","potentialAction":[{"@type":"ReadAction","target":["https:\/\/hotsmoke.shop\/parduotuve\/cbd-produktai\/cannastra-h4cbd-60-kanapiu-ziedai\/"]}]},{"@type":"ImageObject","inLanguage":"pl-PL","@id":"https:\/\/hotsmoke.shop\/parduotuve\/cbd-produktai\/cannastra-h4cbd-60-kanapiu-ziedai\/#primaryimage","url":"https:\/\/hotsmoke.shop\/wp-content\/uploads\/2026\/03\/h4cbd-60-kanapiu-ziedai-hotsmoke.shop_.webp","contentUrl":"https:\/\/hotsmoke.shop\/wp-content\/uploads\/2026\/03\/h4cbd-60-kanapiu-ziedai-hotsmoke.shop_.webp","width":1024,"height":1024,"caption":"h4cbd 60 kanapiu ziedai"},{"@type":"BreadcrumbList","@id":"https:\/\/hotsmoke.shop\/parduotuve\/cbd-produktai\/cannastra-h4cbd-60-kanapiu-ziedai\/#breadcrumb","itemListElement":[{"@type":"ListItem","position":1,"name":"Home","item":"https:\/\/hotsmoke.shop\/"},{"@type":"ListItem","position":2,"name":"CBD Parduotuv\u0117 | Premium Aliejai ir \u017diedai Internetu","item":"https:\/\/hotsmoke.shop\/parduotuve\/"},{"@type":"ListItem","position":3,"name":"Cannastra H4CBD 60% Kanapi\u0173 \u017diedai"}]},{"@type":"WebSite","@id":"https:\/\/hotsmoke.shop\/#website","url":"https:\/\/hotsmoke.shop\/","name":"HotSmoke CBD","description":"Produkty CBD w Wielkiej Brytanii | Olejki i kwiaty premium | HotSmoke","publisher":{"@id":"https:\/\/hotsmoke.shop\/#organization"},"potentialAction":[{"@type":"SearchAction","target":{"@type":"EntryPoint","urlTemplate":"https:\/\/hotsmoke.shop\/?s={search_term_string}"},"query-input":{"@type":"PropertyValueSpecification","valueRequired":true,"valueName":"search_term_string"}}],"inLanguage":"pl-PL"},{"@type":["Organization","Place"],"@id":"https:\/\/hotsmoke.shop\/#organization","name":"Linia Hotsmoke | CBD","url":"https:\/\/hotsmoke.shop\/","logo":{"@id":"https:\/\/hotsmoke.shop\/parduotuve\/cbd-produktai\/cannastra-h4cbd-60-kanapiu-ziedai\/#local-main-organization-logo"},"image":{"@id":"https:\/\/hotsmoke.shop\/parduotuve\/cbd-produktai\/cannastra-h4cbd-60-kanapiu-ziedai\/#local-main-organization-logo"},"sameAs":["https:\/\/www.facebook.com\/hotsmoke.shop","https:\/\/x.com\/HotSmokeoffici1"],"publishingPrinciples":"https:\/\/hotsmoke.shop\/apie-mus\/","ownershipFundingInfo":"https:\/\/hotsmoke.shop\/teises-ir-isipareigojimai\/","actionableFeedbackPolicy":"https:\/\/hotsmoke.shop\/teises-ir-isipareigojimai\/","correctionsPolicy":"https:\/\/hotsmoke.shop\/teises-ir-isipareigojimai\/","ethicsPolicy":"https:\/\/hotsmoke.shop\/pristatymas-ir-taisykles\/","diversityPolicy":"https:\/\/hotsmoke.shop\/garantijos-ir-grazinimas\/","diversityStaffingReport":"https:\/\/hotsmoke.shop\/teises-ir-isipareigojimai\/","openingHoursSpecification":[{"@type":"OpeningHoursSpecification","dayOfWeek":["Monday","Tuesday","Wednesday","Thursday","Friday","Saturday","Sunday"],"opens":"09:00","closes":"17:00"}]},{"@type":"ImageObject","inLanguage":"pl-PL","@id":"https:\/\/hotsmoke.shop\/parduotuve\/cbd-produktai\/cannastra-h4cbd-60-kanapiu-ziedai\/#local-main-organization-logo","url":"https:\/\/hotsmoke.shop\/wp-content\/uploads\/2026\/03\/Group-5-1.png","contentUrl":"https:\/\/hotsmoke.shop\/wp-content\/uploads\/2026\/03\/Group-5-1.png","width":566,"height":73,"caption":"Hotsmoke | CBD line"}]}},"_links":{"self":[{"href":"https:\/\/hotsmoke.shop\/pl\/wp-json\/wp\/v2\/product\/42494","targetHints":{"allow":["GET"]}}],"collection":[{"href":"https:\/\/hotsmoke.shop\/pl\/wp-json\/wp\/v2\/product"}],"about":[{"href":"https:\/\/hotsmoke.shop\/pl\/wp-json\/wp\/v2\/types\/product"}],"replies":[{"embeddable":true,"href":"https:\/\/hotsmoke.shop\/pl\/wp-json\/wp\/v2\/comments?post=42494"}],"wp:featuredmedia":[{"embeddable":true,"href":"https:\/\/hotsmoke.shop\/pl\/wp-json\/wp\/v2\/media\/42499"}],"wp:attachment":[{"href":"https:\/\/hotsmoke.shop\/pl\/wp-json\/wp\/v2\/media?parent=42494"}],"wp:term":[{"taxonomy":"product_brand","embeddable":true,"href":"https:\/\/hotsmoke.shop\/pl\/wp-json\/wp\/v2\/product_brand?post=42494"},{"taxonomy":"product_cat","embeddable":true,"href":"https:\/\/hotsmoke.shop\/pl\/wp-json\/wp\/v2\/product_cat?post=42494"},{"taxonomy":"product_tag","embeddable":true,"href":"https:\/\/hotsmoke.shop\/pl\/wp-json\/wp\/v2\/product_tag?post=42494"}],"curies":[{"name":"wp","href":"https:\/\/api.w.org\/{rel}","templated":true}]}}