{"id":42546,"date":"2026-04-01T14:25:53","date_gmt":"2026-04-01T14:25:53","guid":{"rendered":"https:\/\/hotsmoke.shop\/?post_type=product&#038;p=42546"},"modified":"2026-04-01T14:25:53","modified_gmt":"2026-04-01T14:25:53","slug":"canapuff-lemon-gelato-cbd-69-kanapiu-ziedai","status":"publish","type":"product","link":"https:\/\/hotsmoke.shop\/es\/parduotuve\/cbd-produktai\/canapuff-lemon-gelato-cbd-69-kanapiu-ziedai\/","title":{"rendered":"Canapuff Gelato Lim\u00f3n CBD 69% Flores de Cannabis"},"content":{"rendered":"<p><strong>Canapuff Lemon Gelato 69% Premium CBD \u017eiedai<\/strong> &#8211; produktas, sukurtas vertinantiems precizi\u0161kum\u0105 ir naujoves. \u0160ie \u017eiedynai i\u0161siskiria savo ry\u0161kia, \u0161viesiai \u017ealia spalva ir \u201e\u0161erk\u0161no\u201c efektu, kur\u012f sukuria tankus trichom\u0173 (kristal\u0117li\u0173) sluoksnis.<\/p>\n<h2><strong>M\u016bs\u0173 prioritetas &#8211; kokyb\u0117, tod\u0117l kiekvienas \u017eiedas yra<\/strong><\/h2>\n<ul>\n<li>Indoor auginimo: Kontroliuojamos s\u0105lygos u\u017etikrina nepriekai\u0161ting\u0105 strukt\u016br\u0105, \u0161var\u0105 ir sodr\u0173 aromat\u0105.<\/li>\n<li>Maksimaliai \u0161vie\u017eias: Atrinkti tik dervingi, nesud\u017ei\u016bv\u0119 \u017eiedynai.<\/li>\n<li>Laboratori\u0161kai patikrintas: Kiekviena partija testuojama akredituotose laboratorijose, patvirtinant legal\u0173 &lt;0.2% THC kiek\u012f.<\/li>\n<\/ul>\n<h2><strong>CBD \u017eied\u0173 savyb\u0117s<\/strong><\/h2>\n<ul>\n<li>CBD kiekis: Net 69% (viena auk\u0161\u010diausi\u0173 koncentracij\u0173).<\/li>\n<li>Kilm\u0117: Sertifikuotos pramonin\u0117s kanap\u0117s i\u0161 ES katalogo.<\/li>\n<li>Aromatas: Ry\u0161kus ir desertinis, dominuoja intensyvus \u0161vie\u017ei\u0173 citrin\u0173 bei citrus\u0173 \u017eievel\u0117s kvapas, persipinantis su sald\u017eiomis kremin\u0117s vanil\u0117s natomis bei lengvu \u017eemi\u0161ku aromatu.<\/li>\n<li>Strukt\u016bra: Tank\u016bs, dervingi \u017eiedynai, padengti matomais trichomais.<\/li>\n<li>Profilis: Nat\u016bral\u016bs kanabinoidai (CBD, CBG, CBC, THC ir kt.) bei gausus terpen\u0173 ir flavonoid\u0173 spektras.<\/li>\n<li>Sud\u0117tis: Kanapi\u0173 \u017eiedai\/CBD distiliatas.<\/li>\n<\/ul>\n<h2><strong>\u017died\u0173 paskirtis ir informacija<\/strong><\/h2>\n<ul>\n<li>Pagal Lietuvos Respublikos teis\u0117s aktus, \u0161is produktas n\u0117ra maistas, vaistas ar maisto papildas.<\/li>\n<li>Paskirtis: Technin\u0117s kanap\u0117s \u017eiedai. Technin\u0117s kanap\u0117s gaunamos i\u0161 veisli\u0173, \u012ftraukt\u0173 \u012f Bendr\u0105j\u012f \u017eem\u0117s \u016bkio augal\u0173 veisli\u0173 katalog\u0105, s\u0117kl\u0173. \u0160is produktas atitinka visus taikomus \u012fstatymus ir kitus teis\u0117s aktus ir yra skirtas tik pramon\u0117s, kosmetikos, techniniams ar sodininkyst\u0117s tikslams.<\/li>\n<li>Am\u017eiaus cenzas: Parduodama tik asmenims nuo 18 met\u0173.<\/li>\n<\/ul>","protected":false},"excerpt":{"rendered":"<p>CBD 69% Anillos Premium. Calidad de cultivo interior, aroma intenso e inflorescencias densas. (THC &lt; 0,2%) procedentes de variedades certificadas de c\u00e1\u00f1amo.<\/p>","protected":false},"featured_media":42547,"comment_status":"closed","ping_status":"closed","template":"","meta":{"_acf_changed":false,"inline_featured_image":false},"product_brand":[297],"product_cat":[43,291],"product_tag":[],"class_list":{"0":"post-42546","1":"product","2":"type-product","3":"status-publish","4":"has-post-thumbnail","6":"product_brand-canapuff","7":"product_cat-cbd-produktai","8":"product_cat-cekiski-cbd-ziedai","10":"first","11":"instock","12":"sale","13":"shipping-taxable","14":"purchasable","15":"product-type-variable"},"acf":[],"yoast_head":"<!-- This site is optimized with the Yoast SEO Premium plugin v21.8 (Yoast SEO v27.2) - https:\/\/yoast.com\/product\/yoast-seo-premium-wordpress\/ -->\n<title>Canapuff Lemon Gelato 69% CBD \u017diedai - Premium Kokyb\u0117<\/title>\n<meta name=\"description\" content=\"Canapuff Lemon Gelato 69% CBD \u017eiedai pasi\u017eymi tankia strukt\u016bra, gausiu trichom\u0173 kiekiu ir sodriu terpen\u0173 profiliu. Premium kokyb\u0117, nat\u016bral\u016bs \u017eiedynai.\" \/>\n<meta name=\"robots\" content=\"index, follow, max-snippet:-1, max-image-preview:large, max-video-preview:-1\" \/>\n<link rel=\"canonical\" href=\"https:\/\/hotsmoke.shop\/es\/parduotuve\/productos-cbd\/canapuff-lemon-gelato-cbd-69-kanapiu-ziedai\/\" \/>\n<meta property=\"og:locale\" content=\"es_ES\" \/>\n<meta property=\"og:type\" content=\"article\" \/>\n<meta property=\"og:title\" content=\"Canapuff Lemon Gelato CBD 69% Kanapi\u0173 \u017diedai\" \/>\n<meta property=\"og:description\" content=\"Canapuff Lemon Gelato 69% CBD \u017eiedai pasi\u017eymi tankia strukt\u016bra, gausiu trichom\u0173 kiekiu ir sodriu terpen\u0173 profiliu. Premium kokyb\u0117, nat\u016bral\u016bs \u017eiedynai.\" \/>\n<meta property=\"og:url\" content=\"https:\/\/hotsmoke.shop\/es\/parduotuve\/productos-cbd\/canapuff-lemon-gelato-cbd-69-kanapiu-ziedai\/\" \/>\n<meta property=\"og:site_name\" content=\"HotSmoke\" \/>\n<meta property=\"article:publisher\" content=\"https:\/\/www.facebook.com\/hotsmoke.shop\" \/>\n<meta property=\"og:image\" content=\"https:\/\/hotsmoke.shop\/wp-content\/uploads\/2026\/04\/Canapuff-69-lemon-gelato-cbd-ziedai-kanapes-hotsmoke.shop_.webp\" \/>\n\t<meta property=\"og:image:width\" content=\"1024\" \/>\n\t<meta property=\"og:image:height\" content=\"1024\" \/>\n\t<meta property=\"og:image:type\" content=\"image\/webp\" \/>\n<meta name=\"twitter:card\" content=\"summary_large_image\" \/>\n<meta name=\"twitter:site\" content=\"@HotSmokeoffici1\" \/>\n<meta name=\"twitter:label1\" content=\"Availability\" \/>\n\t<meta name=\"twitter:data1\" content=\"In stock\" \/>\n<script type=\"application\/ld+json\" class=\"yoast-schema-graph\">{\"@context\":\"https:\/\/schema.org\",\"@graph\":[{\"@type\":\"WebPage\",\"@id\":\"https:\/\/hotsmoke.shop\/parduotuve\/cbd-produktai\/canapuff-lemon-gelato-cbd-69-kanapiu-ziedai\/\",\"url\":\"https:\/\/hotsmoke.shop\/parduotuve\/cbd-produktai\/canapuff-lemon-gelato-cbd-69-kanapiu-ziedai\/\",\"name\":\"Canapuff Lemon Gelato 69% CBD \u017diedai - Premium Kokyb\u0117\",\"isPartOf\":{\"@id\":\"https:\/\/hotsmoke.shop\/#website\"},\"primaryImageOfPage\":{\"@id\":\"https:\/\/hotsmoke.shop\/parduotuve\/cbd-produktai\/canapuff-lemon-gelato-cbd-69-kanapiu-ziedai\/#primaryimage\"},\"image\":{\"@id\":\"https:\/\/hotsmoke.shop\/parduotuve\/cbd-produktai\/canapuff-lemon-gelato-cbd-69-kanapiu-ziedai\/#primaryimage\"},\"thumbnailUrl\":\"https:\/\/hotsmoke.shop\/wp-content\/uploads\/2026\/04\/Canapuff-69-lemon-gelato-cbd-ziedai-kanapes-hotsmoke.shop_.webp\",\"datePublished\":\"2026-04-01T14:25:53+00:00\",\"description\":\"Canapuff Lemon Gelato 69% CBD \u017eiedai pasi\u017eymi tankia strukt\u016bra, gausiu trichom\u0173 kiekiu ir sodriu terpen\u0173 profiliu. Premium kokyb\u0117, nat\u016bral\u016bs \u017eiedynai.\",\"breadcrumb\":{\"@id\":\"https:\/\/hotsmoke.shop\/parduotuve\/cbd-produktai\/canapuff-lemon-gelato-cbd-69-kanapiu-ziedai\/#breadcrumb\"},\"inLanguage\":\"es\",\"potentialAction\":[{\"@type\":\"ReadAction\",\"target\":[\"https:\/\/hotsmoke.shop\/parduotuve\/cbd-produktai\/canapuff-lemon-gelato-cbd-69-kanapiu-ziedai\/\"]}]},{\"@type\":\"ImageObject\",\"inLanguage\":\"es\",\"@id\":\"https:\/\/hotsmoke.shop\/parduotuve\/cbd-produktai\/canapuff-lemon-gelato-cbd-69-kanapiu-ziedai\/#primaryimage\",\"url\":\"https:\/\/hotsmoke.shop\/wp-content\/uploads\/2026\/04\/Canapuff-69-lemon-gelato-cbd-ziedai-kanapes-hotsmoke.shop_.webp\",\"contentUrl\":\"https:\/\/hotsmoke.shop\/wp-content\/uploads\/2026\/04\/Canapuff-69-lemon-gelato-cbd-ziedai-kanapes-hotsmoke.shop_.webp\",\"width\":1024,\"height\":1024,\"caption\":\"Canapuff 69 lemon gelato cbd ziedai kanapes\"},{\"@type\":\"BreadcrumbList\",\"@id\":\"https:\/\/hotsmoke.shop\/parduotuve\/cbd-produktai\/canapuff-lemon-gelato-cbd-69-kanapiu-ziedai\/#breadcrumb\",\"itemListElement\":[{\"@type\":\"ListItem\",\"position\":1,\"name\":\"Home\",\"item\":\"https:\/\/hotsmoke.shop\/\"},{\"@type\":\"ListItem\",\"position\":2,\"name\":\"CBD Parduotuv\u0117 | Premium Aliejai ir \u017diedai Internetu\",\"item\":\"https:\/\/hotsmoke.shop\/parduotuve\/\"},{\"@type\":\"ListItem\",\"position\":3,\"name\":\"Canapuff Lemon Gelato CBD 69% Kanapi\u0173 \u017diedai\"}]},{\"@type\":\"WebSite\",\"@id\":\"https:\/\/hotsmoke.shop\/#website\",\"url\":\"https:\/\/hotsmoke.shop\/\",\"name\":\"HotSmoke CBD\",\"description\":\"CBD Produktai Lietuvoje | Premium Aliejus ir \u017diedai | HotSmoke\",\"publisher\":{\"@id\":\"https:\/\/hotsmoke.shop\/#organization\"},\"potentialAction\":[{\"@type\":\"SearchAction\",\"target\":{\"@type\":\"EntryPoint\",\"urlTemplate\":\"https:\/\/hotsmoke.shop\/?s={search_term_string}\"},\"query-input\":{\"@type\":\"PropertyValueSpecification\",\"valueRequired\":true,\"valueName\":\"search_term_string\"}}],\"inLanguage\":\"es\"},{\"@type\":[\"Organization\",\"Place\"],\"@id\":\"https:\/\/hotsmoke.shop\/#organization\",\"name\":\"Hotsmoke | CBD line\",\"url\":\"https:\/\/hotsmoke.shop\/\",\"logo\":{\"@id\":\"https:\/\/hotsmoke.shop\/parduotuve\/cbd-produktai\/canapuff-lemon-gelato-cbd-69-kanapiu-ziedai\/#local-main-organization-logo\"},\"image\":{\"@id\":\"https:\/\/hotsmoke.shop\/parduotuve\/cbd-produktai\/canapuff-lemon-gelato-cbd-69-kanapiu-ziedai\/#local-main-organization-logo\"},\"sameAs\":[\"https:\/\/www.facebook.com\/hotsmoke.shop\",\"https:\/\/x.com\/HotSmokeoffici1\"],\"publishingPrinciples\":\"https:\/\/hotsmoke.shop\/apie-mus\/\",\"ownershipFundingInfo\":\"https:\/\/hotsmoke.shop\/teises-ir-isipareigojimai\/\",\"actionableFeedbackPolicy\":\"https:\/\/hotsmoke.shop\/teises-ir-isipareigojimai\/\",\"correctionsPolicy\":\"https:\/\/hotsmoke.shop\/teises-ir-isipareigojimai\/\",\"ethicsPolicy\":\"https:\/\/hotsmoke.shop\/pristatymas-ir-taisykles\/\",\"diversityPolicy\":\"https:\/\/hotsmoke.shop\/garantijos-ir-grazinimas\/\",\"diversityStaffingReport\":\"https:\/\/hotsmoke.shop\/teises-ir-isipareigojimai\/\",\"openingHoursSpecification\":[{\"@type\":\"OpeningHoursSpecification\",\"dayOfWeek\":[\"Monday\",\"Tuesday\",\"Wednesday\",\"Thursday\",\"Friday\",\"Saturday\",\"Sunday\"],\"opens\":\"09:00\",\"closes\":\"17:00\"}]},{\"@type\":\"ImageObject\",\"inLanguage\":\"es\",\"@id\":\"https:\/\/hotsmoke.shop\/parduotuve\/cbd-produktai\/canapuff-lemon-gelato-cbd-69-kanapiu-ziedai\/#local-main-organization-logo\",\"url\":\"https:\/\/hotsmoke.shop\/wp-content\/uploads\/2026\/03\/Group-5-1.png\",\"contentUrl\":\"https:\/\/hotsmoke.shop\/wp-content\/uploads\/2026\/03\/Group-5-1.png\",\"width\":566,\"height\":73,\"caption\":\"Hotsmoke | CBD line\"}]}<\/script>\n<!-- \/ Yoast SEO Premium plugin. -->","yoast_head_json":{"title":"Canapuff Lemon Gelato 69% CBD \u017diedai - Premium Kokyb\u0117","description":"Canapuff Lemon Gelato 69% CBD \u017eiedai pasi\u017eymi tankia strukt\u016bra, gausiu trichom\u0173 kiekiu ir sodriu terpen\u0173 profiliu. Premium kokyb\u0117, nat\u016bral\u016bs \u017eiedynai.","robots":{"index":"index","follow":"follow","max-snippet":"max-snippet:-1","max-image-preview":"max-image-preview:large","max-video-preview":"max-video-preview:-1"},"canonical":"https:\/\/hotsmoke.shop\/es\/parduotuve\/productos-cbd\/canapuff-lemon-gelato-cbd-69-kanapiu-ziedai\/","og_locale":"es_ES","og_type":"article","og_title":"Canapuff Lemon Gelato CBD 69% Kanapi\u0173 \u017diedai","og_description":"Canapuff Lemon Gelato 69% CBD \u017eiedai pasi\u017eymi tankia strukt\u016bra, gausiu trichom\u0173 kiekiu ir sodriu terpen\u0173 profiliu. Premium kokyb\u0117, nat\u016bral\u016bs \u017eiedynai.","og_url":"https:\/\/hotsmoke.shop\/es\/parduotuve\/productos-cbd\/canapuff-lemon-gelato-cbd-69-kanapiu-ziedai\/","og_site_name":"HotSmoke","article_publisher":"https:\/\/www.facebook.com\/hotsmoke.shop","og_image":[{"width":1024,"height":1024,"url":"https:\/\/hotsmoke.shop\/wp-content\/uploads\/2026\/04\/Canapuff-69-lemon-gelato-cbd-ziedai-kanapes-hotsmoke.shop_.webp","type":"image\/webp"}],"twitter_card":"summary_large_image","twitter_site":"@HotSmokeoffici1","twitter_misc":{"Availability":"In stock"},"schema":{"@context":"https:\/\/schema.org","@graph":[{"@type":"WebPage","@id":"https:\/\/hotsmoke.shop\/parduotuve\/cbd-produktai\/canapuff-lemon-gelato-cbd-69-kanapiu-ziedai\/","url":"https:\/\/hotsmoke.shop\/parduotuve\/cbd-produktai\/canapuff-lemon-gelato-cbd-69-kanapiu-ziedai\/","name":"Canapuff Lemon Gelato 69% CBD \u017diedai - Premium Kokyb\u0117","isPartOf":{"@id":"https:\/\/hotsmoke.shop\/#website"},"primaryImageOfPage":{"@id":"https:\/\/hotsmoke.shop\/parduotuve\/cbd-produktai\/canapuff-lemon-gelato-cbd-69-kanapiu-ziedai\/#primaryimage"},"image":{"@id":"https:\/\/hotsmoke.shop\/parduotuve\/cbd-produktai\/canapuff-lemon-gelato-cbd-69-kanapiu-ziedai\/#primaryimage"},"thumbnailUrl":"https:\/\/hotsmoke.shop\/wp-content\/uploads\/2026\/04\/Canapuff-69-lemon-gelato-cbd-ziedai-kanapes-hotsmoke.shop_.webp","datePublished":"2026-04-01T14:25:53+00:00","description":"Canapuff Lemon Gelato 69% CBD \u017eiedai pasi\u017eymi tankia strukt\u016bra, gausiu trichom\u0173 kiekiu ir sodriu terpen\u0173 profiliu. Premium kokyb\u0117, nat\u016bral\u016bs \u017eiedynai.","breadcrumb":{"@id":"https:\/\/hotsmoke.shop\/parduotuve\/cbd-produktai\/canapuff-lemon-gelato-cbd-69-kanapiu-ziedai\/#breadcrumb"},"inLanguage":"es","potentialAction":[{"@type":"ReadAction","target":["https:\/\/hotsmoke.shop\/parduotuve\/cbd-produktai\/canapuff-lemon-gelato-cbd-69-kanapiu-ziedai\/"]}]},{"@type":"ImageObject","inLanguage":"es","@id":"https:\/\/hotsmoke.shop\/parduotuve\/cbd-produktai\/canapuff-lemon-gelato-cbd-69-kanapiu-ziedai\/#primaryimage","url":"https:\/\/hotsmoke.shop\/wp-content\/uploads\/2026\/04\/Canapuff-69-lemon-gelato-cbd-ziedai-kanapes-hotsmoke.shop_.webp","contentUrl":"https:\/\/hotsmoke.shop\/wp-content\/uploads\/2026\/04\/Canapuff-69-lemon-gelato-cbd-ziedai-kanapes-hotsmoke.shop_.webp","width":1024,"height":1024,"caption":"Canapuff 69 lemon gelato cbd ziedai kanapes"},{"@type":"BreadcrumbList","@id":"https:\/\/hotsmoke.shop\/parduotuve\/cbd-produktai\/canapuff-lemon-gelato-cbd-69-kanapiu-ziedai\/#breadcrumb","itemListElement":[{"@type":"ListItem","position":1,"name":"Home","item":"https:\/\/hotsmoke.shop\/"},{"@type":"ListItem","position":2,"name":"CBD Parduotuv\u0117 | Premium Aliejai ir \u017diedai Internetu","item":"https:\/\/hotsmoke.shop\/parduotuve\/"},{"@type":"ListItem","position":3,"name":"Canapuff Lemon Gelato CBD 69% Kanapi\u0173 \u017diedai"}]},{"@type":"WebSite","@id":"https:\/\/hotsmoke.shop\/#website","url":"https:\/\/hotsmoke.shop\/","name":"HotSmoke CBD","description":"Productos de CBD en Espa\u00f1a | Aceites y Flores Premium | HotSmoke","publisher":{"@id":"https:\/\/hotsmoke.shop\/#organization"},"potentialAction":[{"@type":"SearchAction","target":{"@type":"EntryPoint","urlTemplate":"https:\/\/hotsmoke.shop\/?s={search_term_string}"},"query-input":{"@type":"PropertyValueSpecification","valueRequired":true,"valueName":"search_term_string"}}],"inLanguage":"es"},{"@type":["Organization","Place"],"@id":"https:\/\/hotsmoke.shop\/#organization","name":"Hotsmoke | L\u00ednea CBD","url":"https:\/\/hotsmoke.shop\/","logo":{"@id":"https:\/\/hotsmoke.shop\/parduotuve\/cbd-produktai\/canapuff-lemon-gelato-cbd-69-kanapiu-ziedai\/#local-main-organization-logo"},"image":{"@id":"https:\/\/hotsmoke.shop\/parduotuve\/cbd-produktai\/canapuff-lemon-gelato-cbd-69-kanapiu-ziedai\/#local-main-organization-logo"},"sameAs":["https:\/\/www.facebook.com\/hotsmoke.shop","https:\/\/x.com\/HotSmokeoffici1"],"publishingPrinciples":"https:\/\/hotsmoke.shop\/apie-mus\/","ownershipFundingInfo":"https:\/\/hotsmoke.shop\/teises-ir-isipareigojimai\/","actionableFeedbackPolicy":"https:\/\/hotsmoke.shop\/teises-ir-isipareigojimai\/","correctionsPolicy":"https:\/\/hotsmoke.shop\/teises-ir-isipareigojimai\/","ethicsPolicy":"https:\/\/hotsmoke.shop\/pristatymas-ir-taisykles\/","diversityPolicy":"https:\/\/hotsmoke.shop\/garantijos-ir-grazinimas\/","diversityStaffingReport":"https:\/\/hotsmoke.shop\/teises-ir-isipareigojimai\/","openingHoursSpecification":[{"@type":"OpeningHoursSpecification","dayOfWeek":["Monday","Tuesday","Wednesday","Thursday","Friday","Saturday","Sunday"],"opens":"09:00","closes":"17:00"}]},{"@type":"ImageObject","inLanguage":"es","@id":"https:\/\/hotsmoke.shop\/parduotuve\/cbd-produktai\/canapuff-lemon-gelato-cbd-69-kanapiu-ziedai\/#local-main-organization-logo","url":"https:\/\/hotsmoke.shop\/wp-content\/uploads\/2026\/03\/Group-5-1.png","contentUrl":"https:\/\/hotsmoke.shop\/wp-content\/uploads\/2026\/03\/Group-5-1.png","width":566,"height":73,"caption":"Hotsmoke | CBD line"}]}},"_links":{"self":[{"href":"https:\/\/hotsmoke.shop\/es\/wp-json\/wp\/v2\/product\/42546","targetHints":{"allow":["GET"]}}],"collection":[{"href":"https:\/\/hotsmoke.shop\/es\/wp-json\/wp\/v2\/product"}],"about":[{"href":"https:\/\/hotsmoke.shop\/es\/wp-json\/wp\/v2\/types\/product"}],"replies":[{"embeddable":true,"href":"https:\/\/hotsmoke.shop\/es\/wp-json\/wp\/v2\/comments?post=42546"}],"wp:featuredmedia":[{"embeddable":true,"href":"https:\/\/hotsmoke.shop\/es\/wp-json\/wp\/v2\/media\/42547"}],"wp:attachment":[{"href":"https:\/\/hotsmoke.shop\/es\/wp-json\/wp\/v2\/media?parent=42546"}],"wp:term":[{"taxonomy":"product_brand","embeddable":true,"href":"https:\/\/hotsmoke.shop\/es\/wp-json\/wp\/v2\/product_brand?post=42546"},{"taxonomy":"product_cat","embeddable":true,"href":"https:\/\/hotsmoke.shop\/es\/wp-json\/wp\/v2\/product_cat?post=42546"},{"taxonomy":"product_tag","embeddable":true,"href":"https:\/\/hotsmoke.shop\/es\/wp-json\/wp\/v2\/product_tag?post=42546"}],"curies":[{"name":"wp","href":"https:\/\/api.w.org\/{rel}","templated":true}]}}