{"id":42418,"date":"2026-03-22T16:42:30","date_gmt":"2026-03-22T16:42:30","guid":{"rendered":"https:\/\/hotsmoke.shop\/?post_type=product&#038;p=42418"},"modified":"2026-04-11T09:21:26","modified_gmt":"2026-04-11T09:21:26","slug":"aboutstress-40-full-spectrum-cbd-oil","status":"publish","type":"product","link":"https:\/\/hotsmoke.shop\/en\/parduotuve\/cbd-produktai\/aboutstress-40-full-spectrum-cbd-aliejus\/","title":{"rendered":"AboutStress 40% Full Spectrum CBD Oil"},"content":{"rendered":"<p><strong>Aboutstress Full Spectrum 40% CBD oil<\/strong> - a product designed for those who value the integrity of the plant. Unlike isolates, this oil retains the full phytochemical profile of hemp. This means that CBD works in combination with other cannabinoids (CBG, CBC, CBN, THC, etc.) and natural terpenes, thus enhancing overall effectiveness.<\/p>\n<h2>Why is this oil special?<\/h2>\n<ul>\n<li>Spanish sun and quality: the raw material comes from certified Spanish farms, where the hemp is ripened in natural light without the use of pesticides or heavy metals.<\/li>\n<li>Synergistic (Full Spectrum): the full profile of the plant is preserved, ensuring that you get not only CBD, but also the full complex of substances created by nature.<\/li>\n<li>Base: Cold-pressed hemp seed oil is used as a carrier, which is rich in cannabis properties, adding even more value to the product.<\/li>\n<li>Purity and control: Each batch is tested by independent laboratories to confirm legal THC levels (&lt;0.2%) and the safety of the formula.<\/li>\n<\/ul>\n<h2>CBD oil properties<\/h2>\n<ul>\n<li>Concentration: 40% CBD (4000 mg in a 10 ml bottle).<\/li>\n<li>Ingredients: hemp seed oil, full spectrum hemp flower extract (Cannabis sativa L. <strong>0,2% THC<\/strong>)<\/li>\n<li>Profile: CBD, CBDA, CBG, CBC, CBN, THC terpenes and flavonoids.<\/li>\n<li>Laboratory control: Each batch is tested in accredited laboratories.<\/li>\n<li>Safety: no artificial additives, no GMOs, only organic fertiliser.<\/li>\n<\/ul>\n<h2><strong>Purpose and information of the oil<\/strong><\/h2>\n<ul>\n<li>According to the legislation of the Republic of Lithuania, this product is not a food, medicine or food supplement.<\/li>\n<li>Recommended amount: 5-8 drops.<\/li>\n<li>Important: Store at room temperature, in a dark place out of the reach of children. Avoid contact with eyes.<\/li>\n<li>For sale to persons aged 18 and over.<\/li>\n<li>Usage and Purpose: Apply 5-8 drops to surfaces for aromatherapy.<\/li>\n<li>The product is not intended for smoking.<\/li>\n<\/ul>\n<p><strong>AboutStress\u2122 is a registered trademark and does not imply the effects or properties of the product. It is a sign of the experience, responsibility and commitment to quality behind the product. It is our brand, not a promise or an effect. It's a sign that we know what we are doing.<\/strong><\/p>","protected":false},"excerpt":{"rendered":"<p>40% CBD (4000 mg) | 10 ml | Full Spectrum | THC &lt; 0.2% | Hemp seed oil. A full-spectrum oil with the highest concentration, preserving all the natural properties of hemp: terpenes, flavonoids, and a broad cannabinoid profile. The power of hemp grown in Spain, combined with valuable hemp seed oil\u2014for those seeking the maximum synergistic effect of nature.<\/p>","protected":false},"featured_media":42420,"comment_status":"closed","ping_status":"closed","template":"","meta":{"_acf_changed":false,"inline_featured_image":false},"product_brand":[254],"product_cat":[43,287,288],"product_tag":[],"class_list":{"0":"post-42418","1":"product","2":"type-product","3":"status-publish","4":"has-post-thumbnail","6":"product_brand-aboutstress","7":"product_cat-cbd-produktai","8":"product_cat-ispaniskas-cbd-aliejus","9":"product_cat-pilno-spektro-iki-02-thc","11":"first","12":"instock","13":"sale","14":"shipping-taxable","15":"purchasable","16":"product-type-simple"},"acf":[],"yoast_head":"<!-- This site is optimized with the Yoast SEO Premium plugin v21.8 (Yoast SEO v27.4) - https:\/\/yoast.com\/product\/yoast-seo-premium-wordpress\/ -->\n<title>Aboutstress 40% Full Spectrum CBD Aliejus 4000mg | Ispani\u0161kas<\/title>\n<meta name=\"description\" content=\"AboutStress 40% Full Spectrum CBD aliejus 4000mg. Ispani\u0161ka kilm\u0117, pilnas kanabinoid\u0173 ir terpen\u0173 profilis, THC &lt;0.2%. Nat\u016bralus pilno spektro aliejus.\" \/>\n<meta name=\"robots\" content=\"index, follow, max-snippet:-1, max-image-preview:large, max-video-preview:-1\" \/>\n<link rel=\"canonical\" href=\"https:\/\/hotsmoke.shop\/en\/parduotuve\/cbd-products\/aboutstress-40-full-spectrum-cbd-oil\/\" \/>\n<meta property=\"og:locale\" content=\"en_US\" \/>\n<meta property=\"og:type\" content=\"article\" \/>\n<meta property=\"og:title\" content=\"AboutStress 40% Full Spectrum CBD Aliejus\" \/>\n<meta property=\"og:description\" content=\"AboutStress 40% Full Spectrum CBD aliejus 4000mg. Ispani\u0161ka kilm\u0117, pilnas kanabinoid\u0173 ir terpen\u0173 profilis, THC &lt;0.2%. Nat\u016bralus pilno spektro aliejus.\" \/>\n<meta property=\"og:url\" content=\"https:\/\/hotsmoke.shop\/en\/parduotuve\/cbd-products\/aboutstress-40-full-spectrum-cbd-oil\/\" \/>\n<meta property=\"og:site_name\" content=\"HotSmoke\" \/>\n<meta property=\"article:publisher\" content=\"https:\/\/www.facebook.com\/hotsmoke.shop\" \/>\n<meta property=\"article:modified_time\" content=\"2026-04-11T09:21:26+00:00\" \/>\n<meta property=\"og:image\" content=\"https:\/\/hotsmoke.shop\/wp-content\/uploads\/2026\/03\/aboutstress-full-spectrum-cbd-aliejus-hotsmoke.shop_.webp\" \/>\n\t<meta property=\"og:image:width\" content=\"1080\" \/>\n\t<meta property=\"og:image:height\" content=\"1080\" \/>\n\t<meta property=\"og:image:type\" content=\"image\/webp\" \/>\n<meta name=\"twitter:card\" content=\"summary_large_image\" \/>\n<meta name=\"twitter:site\" content=\"@HotSmokeoffici1\" \/>\n<meta name=\"twitter:label1\" content=\"Price\" \/>\n\t<meta name=\"twitter:data1\" content=\"90.00&euro; Original price was: 90.00&euro;.50.99&euro;Current price is: 50.99&euro;.\" \/>\n\t<meta name=\"twitter:label2\" content=\"Availability\" \/>\n\t<meta name=\"twitter:data2\" content=\"In stock\" \/>\n<script type=\"application\/ld+json\" class=\"yoast-schema-graph\">{\"@context\":\"https:\\\/\\\/schema.org\",\"@graph\":[{\"@type\":\"WebPage\",\"@id\":\"https:\\\/\\\/hotsmoke.shop\\\/parduotuve\\\/cbd-produktai\\\/aboutstress-40-full-spectrum-cbd-aliejus\\\/\",\"url\":\"https:\\\/\\\/hotsmoke.shop\\\/parduotuve\\\/cbd-produktai\\\/aboutstress-40-full-spectrum-cbd-aliejus\\\/\",\"name\":\"Aboutstress 40% Full Spectrum CBD Aliejus 4000mg | Ispani\u0161kas\",\"isPartOf\":{\"@id\":\"https:\\\/\\\/hotsmoke.shop\\\/#website\"},\"primaryImageOfPage\":{\"@id\":\"https:\\\/\\\/hotsmoke.shop\\\/parduotuve\\\/cbd-produktai\\\/aboutstress-40-full-spectrum-cbd-aliejus\\\/#primaryimage\"},\"image\":{\"@id\":\"https:\\\/\\\/hotsmoke.shop\\\/parduotuve\\\/cbd-produktai\\\/aboutstress-40-full-spectrum-cbd-aliejus\\\/#primaryimage\"},\"thumbnailUrl\":\"https:\\\/\\\/hotsmoke.shop\\\/wp-content\\\/uploads\\\/2026\\\/03\\\/aboutstress-full-spectrum-cbd-aliejus-hotsmoke.shop_.webp\",\"datePublished\":\"2026-03-22T16:42:30+00:00\",\"dateModified\":\"2026-04-11T09:21:26+00:00\",\"description\":\"AboutStress 40% Full Spectrum CBD aliejus 4000mg. Ispani\u0161ka kilm\u0117, pilnas kanabinoid\u0173 ir terpen\u0173 profilis, THC &lt;0.2%. Nat\u016bralus pilno spektro aliejus.\",\"breadcrumb\":{\"@id\":\"https:\\\/\\\/hotsmoke.shop\\\/parduotuve\\\/cbd-produktai\\\/aboutstress-40-full-spectrum-cbd-aliejus\\\/#breadcrumb\"},\"inLanguage\":\"en-US\",\"potentialAction\":[{\"@type\":\"ReadAction\",\"target\":[\"https:\\\/\\\/hotsmoke.shop\\\/parduotuve\\\/cbd-produktai\\\/aboutstress-40-full-spectrum-cbd-aliejus\\\/\"]}]},{\"@type\":\"ImageObject\",\"inLanguage\":\"en-US\",\"@id\":\"https:\\\/\\\/hotsmoke.shop\\\/parduotuve\\\/cbd-produktai\\\/aboutstress-40-full-spectrum-cbd-aliejus\\\/#primaryimage\",\"url\":\"https:\\\/\\\/hotsmoke.shop\\\/wp-content\\\/uploads\\\/2026\\\/03\\\/aboutstress-full-spectrum-cbd-aliejus-hotsmoke.shop_.webp\",\"contentUrl\":\"https:\\\/\\\/hotsmoke.shop\\\/wp-content\\\/uploads\\\/2026\\\/03\\\/aboutstress-full-spectrum-cbd-aliejus-hotsmoke.shop_.webp\",\"width\":1080,\"height\":1080,\"caption\":\"Pilno spektro cbd aliejus aboutstress\"},{\"@type\":\"BreadcrumbList\",\"@id\":\"https:\\\/\\\/hotsmoke.shop\\\/parduotuve\\\/cbd-produktai\\\/aboutstress-40-full-spectrum-cbd-aliejus\\\/#breadcrumb\",\"itemListElement\":[{\"@type\":\"ListItem\",\"position\":1,\"name\":\"Home\",\"item\":\"https:\\\/\\\/hotsmoke.shop\\\/\"},{\"@type\":\"ListItem\",\"position\":2,\"name\":\"CBD Parduotuv\u0117 | Premium Aliejai ir \u017diedai Internetu\",\"item\":\"https:\\\/\\\/hotsmoke.shop\\\/parduotuve\\\/\"},{\"@type\":\"ListItem\",\"position\":3,\"name\":\"AboutStress 40% Full Spectrum CBD Aliejus\"}]},{\"@type\":\"WebSite\",\"@id\":\"https:\\\/\\\/hotsmoke.shop\\\/#website\",\"url\":\"https:\\\/\\\/hotsmoke.shop\\\/\",\"name\":\"HotSmoke CBD\",\"description\":\"CBD Produktai Lietuvoje | Premium Aliejus ir \u017diedai | HotSmoke\",\"publisher\":{\"@id\":\"https:\\\/\\\/hotsmoke.shop\\\/#organization\"},\"potentialAction\":[{\"@type\":\"SearchAction\",\"target\":{\"@type\":\"EntryPoint\",\"urlTemplate\":\"https:\\\/\\\/hotsmoke.shop\\\/?s={search_term_string}\"},\"query-input\":{\"@type\":\"PropertyValueSpecification\",\"valueRequired\":true,\"valueName\":\"search_term_string\"}}],\"inLanguage\":\"en-US\"},{\"@type\":[\"Organization\",\"Place\"],\"@id\":\"https:\\\/\\\/hotsmoke.shop\\\/#organization\",\"name\":\"Hotsmoke | CBD line\",\"url\":\"https:\\\/\\\/hotsmoke.shop\\\/\",\"logo\":{\"@id\":\"https:\\\/\\\/hotsmoke.shop\\\/parduotuve\\\/cbd-produktai\\\/aboutstress-40-full-spectrum-cbd-aliejus\\\/#local-main-organization-logo\"},\"image\":{\"@id\":\"https:\\\/\\\/hotsmoke.shop\\\/parduotuve\\\/cbd-produktai\\\/aboutstress-40-full-spectrum-cbd-aliejus\\\/#local-main-organization-logo\"},\"sameAs\":[\"https:\\\/\\\/www.facebook.com\\\/hotsmoke.shop\",\"https:\\\/\\\/x.com\\\/HotSmokeoffici1\"],\"publishingPrinciples\":\"https:\\\/\\\/hotsmoke.shop\\\/apie-mus\\\/\",\"ownershipFundingInfo\":\"https:\\\/\\\/hotsmoke.shop\\\/teises-ir-isipareigojimai\\\/\",\"actionableFeedbackPolicy\":\"https:\\\/\\\/hotsmoke.shop\\\/teises-ir-isipareigojimai\\\/\",\"correctionsPolicy\":\"https:\\\/\\\/hotsmoke.shop\\\/teises-ir-isipareigojimai\\\/\",\"ethicsPolicy\":\"https:\\\/\\\/hotsmoke.shop\\\/pristatymas-ir-taisykles\\\/\",\"diversityPolicy\":\"https:\\\/\\\/hotsmoke.shop\\\/garantijos-ir-grazinimas\\\/\",\"diversityStaffingReport\":\"https:\\\/\\\/hotsmoke.shop\\\/teises-ir-isipareigojimai\\\/\",\"openingHoursSpecification\":[{\"@type\":\"OpeningHoursSpecification\",\"dayOfWeek\":[\"Monday\",\"Tuesday\",\"Wednesday\",\"Thursday\",\"Friday\",\"Saturday\",\"Sunday\"],\"opens\":\"09:00\",\"closes\":\"17:00\"}]},{\"@type\":\"ImageObject\",\"inLanguage\":\"en-US\",\"@id\":\"https:\\\/\\\/hotsmoke.shop\\\/parduotuve\\\/cbd-produktai\\\/aboutstress-40-full-spectrum-cbd-aliejus\\\/#local-main-organization-logo\",\"url\":\"https:\\\/\\\/hotsmoke.shop\\\/wp-content\\\/uploads\\\/2026\\\/03\\\/Group-5-1.png\",\"contentUrl\":\"https:\\\/\\\/hotsmoke.shop\\\/wp-content\\\/uploads\\\/2026\\\/03\\\/Group-5-1.png\",\"width\":566,\"height\":73,\"caption\":\"Hotsmoke | CBD line\"}]}<\/script>\n<!-- \/ Yoast SEO Premium plugin. -->","yoast_head_json":{"title":"Aboutstress 40% Full Spectrum CBD Oil 4000mg | Spanish","description":"AboutStress 40% Full Spectrum CBD oil 4000mg. Spanish origin, full cannabinoid and terpene profile, THC &lt;0.2%. Natural full spectrum oil.","robots":{"index":"index","follow":"follow","max-snippet":"max-snippet:-1","max-image-preview":"max-image-preview:large","max-video-preview":"max-video-preview:-1"},"canonical":"https:\/\/hotsmoke.shop\/en\/parduotuve\/cbd-products\/aboutstress-40-full-spectrum-cbd-oil\/","og_locale":"en_US","og_type":"article","og_title":"AboutStress 40% Full Spectrum CBD Aliejus","og_description":"AboutStress 40% Full Spectrum CBD aliejus 4000mg. Ispani\u0161ka kilm\u0117, pilnas kanabinoid\u0173 ir terpen\u0173 profilis, THC &lt;0.2%. Nat\u016bralus pilno spektro aliejus.","og_url":"https:\/\/hotsmoke.shop\/en\/parduotuve\/cbd-products\/aboutstress-40-full-spectrum-cbd-oil\/","og_site_name":"HotSmoke","article_publisher":"https:\/\/www.facebook.com\/hotsmoke.shop","article_modified_time":"2026-04-11T09:21:26+00:00","og_image":[{"width":1080,"height":1080,"url":"https:\/\/hotsmoke.shop\/wp-content\/uploads\/2026\/03\/aboutstress-full-spectrum-cbd-aliejus-hotsmoke.shop_.webp","type":"image\/webp"}],"twitter_card":"summary_large_image","twitter_site":"@HotSmokeoffici1","twitter_misc":{"Price":"90.00&euro; Original price was: 90.00&euro;.50.99&euro;Current price is: 50.99&euro;.","Availability":"In stock"},"schema":{"@context":"https:\/\/schema.org","@graph":[{"@type":"WebPage","@id":"https:\/\/hotsmoke.shop\/parduotuve\/cbd-produktai\/aboutstress-40-full-spectrum-cbd-aliejus\/","url":"https:\/\/hotsmoke.shop\/parduotuve\/cbd-produktai\/aboutstress-40-full-spectrum-cbd-aliejus\/","name":"Aboutstress 40% Full Spectrum CBD Oil 4000mg | Spanish","isPartOf":{"@id":"https:\/\/hotsmoke.shop\/#website"},"primaryImageOfPage":{"@id":"https:\/\/hotsmoke.shop\/parduotuve\/cbd-produktai\/aboutstress-40-full-spectrum-cbd-aliejus\/#primaryimage"},"image":{"@id":"https:\/\/hotsmoke.shop\/parduotuve\/cbd-produktai\/aboutstress-40-full-spectrum-cbd-aliejus\/#primaryimage"},"thumbnailUrl":"https:\/\/hotsmoke.shop\/wp-content\/uploads\/2026\/03\/aboutstress-full-spectrum-cbd-aliejus-hotsmoke.shop_.webp","datePublished":"2026-03-22T16:42:30+00:00","dateModified":"2026-04-11T09:21:26+00:00","description":"AboutStress 40% Full Spectrum CBD oil 4000mg. Spanish origin, full cannabinoid and terpene profile, THC &lt;0.2%. Natural full spectrum oil.","breadcrumb":{"@id":"https:\/\/hotsmoke.shop\/parduotuve\/cbd-produktai\/aboutstress-40-full-spectrum-cbd-aliejus\/#breadcrumb"},"inLanguage":"en-US","potentialAction":[{"@type":"ReadAction","target":["https:\/\/hotsmoke.shop\/parduotuve\/cbd-produktai\/aboutstress-40-full-spectrum-cbd-aliejus\/"]}]},{"@type":"ImageObject","inLanguage":"en-US","@id":"https:\/\/hotsmoke.shop\/parduotuve\/cbd-produktai\/aboutstress-40-full-spectrum-cbd-aliejus\/#primaryimage","url":"https:\/\/hotsmoke.shop\/wp-content\/uploads\/2026\/03\/aboutstress-full-spectrum-cbd-aliejus-hotsmoke.shop_.webp","contentUrl":"https:\/\/hotsmoke.shop\/wp-content\/uploads\/2026\/03\/aboutstress-full-spectrum-cbd-aliejus-hotsmoke.shop_.webp","width":1080,"height":1080,"caption":"Pilno spektro cbd aliejus aboutstress"},{"@type":"BreadcrumbList","@id":"https:\/\/hotsmoke.shop\/parduotuve\/cbd-produktai\/aboutstress-40-full-spectrum-cbd-aliejus\/#breadcrumb","itemListElement":[{"@type":"ListItem","position":1,"name":"Home","item":"https:\/\/hotsmoke.shop\/"},{"@type":"ListItem","position":2,"name":"CBD Parduotuv\u0117 | Premium Aliejai ir \u017diedai Internetu","item":"https:\/\/hotsmoke.shop\/parduotuve\/"},{"@type":"ListItem","position":3,"name":"AboutStress 40% Full Spectrum CBD Aliejus"}]},{"@type":"WebSite","@id":"https:\/\/hotsmoke.shop\/#website","url":"https:\/\/hotsmoke.shop\/","name":"HotSmoke CBD","description":"CBD Products in United Kingdom | Premium Oils and Blossoms | HotSmoke","publisher":{"@id":"https:\/\/hotsmoke.shop\/#organization"},"potentialAction":[{"@type":"SearchAction","target":{"@type":"EntryPoint","urlTemplate":"https:\/\/hotsmoke.shop\/?s={search_term_string}"},"query-input":{"@type":"PropertyValueSpecification","valueRequired":true,"valueName":"search_term_string"}}],"inLanguage":"en-US"},{"@type":["Organization","Place"],"@id":"https:\/\/hotsmoke.shop\/#organization","name":"Hotsmoke | CBD line","url":"https:\/\/hotsmoke.shop\/","logo":{"@id":"https:\/\/hotsmoke.shop\/parduotuve\/cbd-produktai\/aboutstress-40-full-spectrum-cbd-aliejus\/#local-main-organization-logo"},"image":{"@id":"https:\/\/hotsmoke.shop\/parduotuve\/cbd-produktai\/aboutstress-40-full-spectrum-cbd-aliejus\/#local-main-organization-logo"},"sameAs":["https:\/\/www.facebook.com\/hotsmoke.shop","https:\/\/x.com\/HotSmokeoffici1"],"publishingPrinciples":"https:\/\/hotsmoke.shop\/apie-mus\/","ownershipFundingInfo":"https:\/\/hotsmoke.shop\/teises-ir-isipareigojimai\/","actionableFeedbackPolicy":"https:\/\/hotsmoke.shop\/teises-ir-isipareigojimai\/","correctionsPolicy":"https:\/\/hotsmoke.shop\/teises-ir-isipareigojimai\/","ethicsPolicy":"https:\/\/hotsmoke.shop\/pristatymas-ir-taisykles\/","diversityPolicy":"https:\/\/hotsmoke.shop\/garantijos-ir-grazinimas\/","diversityStaffingReport":"https:\/\/hotsmoke.shop\/teises-ir-isipareigojimai\/","openingHoursSpecification":[{"@type":"OpeningHoursSpecification","dayOfWeek":["Monday","Tuesday","Wednesday","Thursday","Friday","Saturday","Sunday"],"opens":"09:00","closes":"17:00"}]},{"@type":"ImageObject","inLanguage":"en-US","@id":"https:\/\/hotsmoke.shop\/parduotuve\/cbd-produktai\/aboutstress-40-full-spectrum-cbd-aliejus\/#local-main-organization-logo","url":"https:\/\/hotsmoke.shop\/wp-content\/uploads\/2026\/03\/Group-5-1.png","contentUrl":"https:\/\/hotsmoke.shop\/wp-content\/uploads\/2026\/03\/Group-5-1.png","width":566,"height":73,"caption":"Hotsmoke | CBD line"}]}},"_links":{"self":[{"href":"https:\/\/hotsmoke.shop\/en\/wp-json\/wp\/v2\/product\/42418","targetHints":{"allow":["GET"]}}],"collection":[{"href":"https:\/\/hotsmoke.shop\/en\/wp-json\/wp\/v2\/product"}],"about":[{"href":"https:\/\/hotsmoke.shop\/en\/wp-json\/wp\/v2\/types\/product"}],"replies":[{"embeddable":true,"href":"https:\/\/hotsmoke.shop\/en\/wp-json\/wp\/v2\/comments?post=42418"}],"wp:featuredmedia":[{"embeddable":true,"href":"https:\/\/hotsmoke.shop\/en\/wp-json\/wp\/v2\/media\/42420"}],"wp:attachment":[{"href":"https:\/\/hotsmoke.shop\/en\/wp-json\/wp\/v2\/media?parent=42418"}],"wp:term":[{"taxonomy":"product_brand","embeddable":true,"href":"https:\/\/hotsmoke.shop\/en\/wp-json\/wp\/v2\/product_brand?post=42418"},{"taxonomy":"product_cat","embeddable":true,"href":"https:\/\/hotsmoke.shop\/en\/wp-json\/wp\/v2\/product_cat?post=42418"},{"taxonomy":"product_tag","embeddable":true,"href":"https:\/\/hotsmoke.shop\/en\/wp-json\/wp\/v2\/product_tag?post=42418"}],"curies":[{"name":"WP","href":"https:\/\/api.w.org\/{rel}","templated":true}]}}