{"id":42415,"date":"2026-03-22T16:24:20","date_gmt":"2026-03-22T16:24:20","guid":{"rendered":"https:\/\/hotsmoke.shop\/?post_type=product&#038;p=42415"},"modified":"2026-04-11T09:21:46","modified_gmt":"2026-04-11T09:21:46","slug":"aboutstress-40-cbd-oil-isolated-spectrum","status":"publish","type":"product","link":"https:\/\/hotsmoke.shop\/en\/parduotuve\/cbd-produktai\/aboutstress-40-cbd-aliejus-isolated-spectrum\/","title":{"rendered":"AboutStress 40% CBD Oil Isolated Spectrum"},"content":{"rendered":"<p><strong>AboutStress Isolated Spectrum 40% CBD oil<\/strong> - a solution designed for those seeking maximum purity. Unlike full-spectrum products, this oil is composed of pure CBD isolate. This means it contains no other cannabinoids, terpenes or traces of THC - just pure cannabidiol and high quality MCT oil.<\/p>\n<h2>Why choose this Spanish quality oil?<\/h2>\n<ul>\n<li>Spanish origin: Cannabis is grown on certified farms in Spain, where the favourable climate ensures a high quality plant without pesticides or heavy metals.<\/li>\n<li>0% THC Guarantee: Perfect for those who want to completely avoid THC (even trace amounts) due to professional requirements or personal reasons.<\/li>\n<li>The highest concentration: 4000 mg of CBD in a 10 ml bottle ensures that every drop contains a high level of active ingredient.<\/li>\n<li>MCT coconut oil: used as a carrier to help ensure the stability of the formula and the cleanliness of the product.<\/li>\n<\/ul>\n<h2>CBD oil properties<\/h2>\n<ul>\n<li>Concentration: 40% CBD (isolate).<\/li>\n<li>Ingredients: MCT coconut oil, CBD Isolate (Cannabidiol Isolate).<\/li>\n<li>Laboratory control: Each batch is tested in accredited laboratories.<\/li>\n<li>Origin: Certified industrial hemp (Cannabis Sativa L.).<\/li>\n<\/ul>\n<h2><strong>Purpose and information of the oil<\/strong><\/h2>\n<ul>\n<li>According to the legislation of the Republic of Lithuania, this product is not a food, medicine or food supplement.<\/li>\n<li>Recommended amount: 5-8 drops.<\/li>\n<li>Important: Store at room temperature, in a dark place out of the reach of children. Avoid contact with eyes.<\/li>\n<li>For sale to persons aged 18 and over.<\/li>\n<li>Usage and Purpose: Apply 5-8 drops to surfaces for aromatherapy.<\/li>\n<li>The product is not intended for smoking.<\/li>\n<\/ul>\n<p><strong>AboutStress\u2122 is a registered trademark and does not imply the effects or properties of the product. It is a sign of the experience, responsibility and commitment to quality behind the product. It is our brand, not a promise or an effect. It's a sign that we know what we are doing.<\/strong><\/p>","protected":false},"excerpt":{"rendered":"<p>40% CBD (4000 mg) | 10 ml | 0% THC | Pure Isolate | MCT Oil. An exceptionally pure, Pure-grade CBD isolate derived from fiber hemp grown under the Spanish sun. Maximum 40% concentration, absolutely no THC (0%), and a base of the highest-quality MCT coconut oil\u2014for those seeking a pure product with a clear composition.<\/p>","protected":false},"featured_media":42416,"comment_status":"closed","ping_status":"closed","template":"","meta":{"_acf_changed":false,"inline_featured_image":false},"product_brand":[254],"product_cat":[43,287,289],"product_tag":[],"class_list":{"0":"post-42415","1":"product","2":"type-product","3":"status-publish","4":"has-post-thumbnail","6":"product_brand-aboutstress","7":"product_cat-cbd-produktai","8":"product_cat-ispaniskas-cbd-aliejus","9":"product_cat-plataus-spektro-0-thc","11":"first","12":"instock","13":"sale","14":"shipping-taxable","15":"purchasable","16":"product-type-simple"},"acf":[],"yoast_head":"<!-- This site is optimized with the Yoast SEO Premium plugin v21.8 (Yoast SEO v27.4) - https:\/\/yoast.com\/product\/yoast-seo-premium-wordpress\/ -->\n<title>Aboutstress 40% CBD Aliejus Plataus spektro | 4000mg<\/title>\n<meta name=\"description\" content=\"Aboutstress 40% CBD aliejus (4000mg). Pure klas\u0117s izoliatas i\u0161 Ispanijos \u016bki\u0173. 0% THC, MCT baz\u0117, laboratorin\u0117 kontrol\u0117. Plataus spektro aliejus.\" \/>\n<meta name=\"robots\" content=\"index, follow, max-snippet:-1, max-image-preview:large, max-video-preview:-1\" \/>\n<link rel=\"canonical\" href=\"https:\/\/hotsmoke.shop\/en\/parduotuve\/cbd-products\/aboutstress-40-cbd-oil-isolated-spectrum\/\" \/>\n<meta property=\"og:locale\" content=\"en_US\" \/>\n<meta property=\"og:type\" content=\"article\" \/>\n<meta property=\"og:title\" content=\"AboutStress 40% CBD Aliejus Isolated Spectrum\" \/>\n<meta property=\"og:description\" content=\"Aboutstress 40% CBD aliejus (4000mg). Pure klas\u0117s izoliatas i\u0161 Ispanijos \u016bki\u0173. 0% THC, MCT baz\u0117, laboratorin\u0117 kontrol\u0117. Plataus spektro aliejus.\" \/>\n<meta property=\"og:url\" content=\"https:\/\/hotsmoke.shop\/en\/parduotuve\/cbd-products\/aboutstress-40-cbd-oil-isolated-spectrum\/\" \/>\n<meta property=\"og:site_name\" content=\"HotSmoke\" \/>\n<meta property=\"article:publisher\" content=\"https:\/\/www.facebook.com\/hotsmoke.shop\" \/>\n<meta property=\"article:modified_time\" content=\"2026-04-11T09:21:46+00:00\" \/>\n<meta property=\"og:image\" content=\"https:\/\/hotsmoke.shop\/wp-content\/uploads\/2026\/03\/aboutstress-isolated-spectrum-cbd-aliejus-hotsmoke.shop_.webp\" \/>\n\t<meta property=\"og:image:width\" content=\"1080\" \/>\n\t<meta property=\"og:image:height\" content=\"1080\" \/>\n\t<meta property=\"og:image:type\" content=\"image\/webp\" \/>\n<meta name=\"twitter:card\" content=\"summary_large_image\" \/>\n<meta name=\"twitter:site\" content=\"@HotSmokeoffici1\" \/>\n<meta name=\"twitter:label1\" content=\"Price\" \/>\n\t<meta name=\"twitter:data1\" content=\"60.00&euro; Original price was: 60.00&euro;.29.99&euro;Current price is: 29.99&euro;.\" \/>\n\t<meta name=\"twitter:label2\" content=\"Availability\" \/>\n\t<meta name=\"twitter:data2\" content=\"In stock\" \/>\n<script type=\"application\/ld+json\" class=\"yoast-schema-graph\">{\"@context\":\"https:\\\/\\\/schema.org\",\"@graph\":[{\"@type\":\"WebPage\",\"@id\":\"https:\\\/\\\/hotsmoke.shop\\\/parduotuve\\\/cbd-produktai\\\/aboutstress-40-cbd-aliejus-isolated-spectrum\\\/\",\"url\":\"https:\\\/\\\/hotsmoke.shop\\\/parduotuve\\\/cbd-produktai\\\/aboutstress-40-cbd-aliejus-isolated-spectrum\\\/\",\"name\":\"Aboutstress 40% CBD Aliejus Plataus spektro | 4000mg\",\"isPartOf\":{\"@id\":\"https:\\\/\\\/hotsmoke.shop\\\/#website\"},\"primaryImageOfPage\":{\"@id\":\"https:\\\/\\\/hotsmoke.shop\\\/parduotuve\\\/cbd-produktai\\\/aboutstress-40-cbd-aliejus-isolated-spectrum\\\/#primaryimage\"},\"image\":{\"@id\":\"https:\\\/\\\/hotsmoke.shop\\\/parduotuve\\\/cbd-produktai\\\/aboutstress-40-cbd-aliejus-isolated-spectrum\\\/#primaryimage\"},\"thumbnailUrl\":\"https:\\\/\\\/hotsmoke.shop\\\/wp-content\\\/uploads\\\/2026\\\/03\\\/aboutstress-isolated-spectrum-cbd-aliejus-hotsmoke.shop_.webp\",\"datePublished\":\"2026-03-22T16:24:20+00:00\",\"dateModified\":\"2026-04-11T09:21:46+00:00\",\"description\":\"Aboutstress 40% CBD aliejus (4000mg). Pure klas\u0117s izoliatas i\u0161 Ispanijos \u016bki\u0173. 0% THC, MCT baz\u0117, laboratorin\u0117 kontrol\u0117. Plataus spektro aliejus.\",\"breadcrumb\":{\"@id\":\"https:\\\/\\\/hotsmoke.shop\\\/parduotuve\\\/cbd-produktai\\\/aboutstress-40-cbd-aliejus-isolated-spectrum\\\/#breadcrumb\"},\"inLanguage\":\"en-US\",\"potentialAction\":[{\"@type\":\"ReadAction\",\"target\":[\"https:\\\/\\\/hotsmoke.shop\\\/parduotuve\\\/cbd-produktai\\\/aboutstress-40-cbd-aliejus-isolated-spectrum\\\/\"]}]},{\"@type\":\"ImageObject\",\"inLanguage\":\"en-US\",\"@id\":\"https:\\\/\\\/hotsmoke.shop\\\/parduotuve\\\/cbd-produktai\\\/aboutstress-40-cbd-aliejus-isolated-spectrum\\\/#primaryimage\",\"url\":\"https:\\\/\\\/hotsmoke.shop\\\/wp-content\\\/uploads\\\/2026\\\/03\\\/aboutstress-isolated-spectrum-cbd-aliejus-hotsmoke.shop_.webp\",\"contentUrl\":\"https:\\\/\\\/hotsmoke.shop\\\/wp-content\\\/uploads\\\/2026\\\/03\\\/aboutstress-isolated-spectrum-cbd-aliejus-hotsmoke.shop_.webp\",\"width\":1080,\"height\":1080,\"caption\":\"cbd aliejus aboutstress plataus spektro\"},{\"@type\":\"BreadcrumbList\",\"@id\":\"https:\\\/\\\/hotsmoke.shop\\\/parduotuve\\\/cbd-produktai\\\/aboutstress-40-cbd-aliejus-isolated-spectrum\\\/#breadcrumb\",\"itemListElement\":[{\"@type\":\"ListItem\",\"position\":1,\"name\":\"Home\",\"item\":\"https:\\\/\\\/hotsmoke.shop\\\/\"},{\"@type\":\"ListItem\",\"position\":2,\"name\":\"CBD Parduotuv\u0117 | Premium Aliejai ir \u017diedai Internetu\",\"item\":\"https:\\\/\\\/hotsmoke.shop\\\/parduotuve\\\/\"},{\"@type\":\"ListItem\",\"position\":3,\"name\":\"AboutStress 40% CBD Aliejus Isolated Spectrum\"}]},{\"@type\":\"WebSite\",\"@id\":\"https:\\\/\\\/hotsmoke.shop\\\/#website\",\"url\":\"https:\\\/\\\/hotsmoke.shop\\\/\",\"name\":\"HotSmoke CBD\",\"description\":\"CBD Produktai Lietuvoje | Premium Aliejus ir \u017diedai | HotSmoke\",\"publisher\":{\"@id\":\"https:\\\/\\\/hotsmoke.shop\\\/#organization\"},\"potentialAction\":[{\"@type\":\"SearchAction\",\"target\":{\"@type\":\"EntryPoint\",\"urlTemplate\":\"https:\\\/\\\/hotsmoke.shop\\\/?s={search_term_string}\"},\"query-input\":{\"@type\":\"PropertyValueSpecification\",\"valueRequired\":true,\"valueName\":\"search_term_string\"}}],\"inLanguage\":\"en-US\"},{\"@type\":[\"Organization\",\"Place\"],\"@id\":\"https:\\\/\\\/hotsmoke.shop\\\/#organization\",\"name\":\"Hotsmoke | CBD line\",\"url\":\"https:\\\/\\\/hotsmoke.shop\\\/\",\"logo\":{\"@id\":\"https:\\\/\\\/hotsmoke.shop\\\/parduotuve\\\/cbd-produktai\\\/aboutstress-40-cbd-aliejus-isolated-spectrum\\\/#local-main-organization-logo\"},\"image\":{\"@id\":\"https:\\\/\\\/hotsmoke.shop\\\/parduotuve\\\/cbd-produktai\\\/aboutstress-40-cbd-aliejus-isolated-spectrum\\\/#local-main-organization-logo\"},\"sameAs\":[\"https:\\\/\\\/www.facebook.com\\\/hotsmoke.shop\",\"https:\\\/\\\/x.com\\\/HotSmokeoffici1\"],\"publishingPrinciples\":\"https:\\\/\\\/hotsmoke.shop\\\/apie-mus\\\/\",\"ownershipFundingInfo\":\"https:\\\/\\\/hotsmoke.shop\\\/teises-ir-isipareigojimai\\\/\",\"actionableFeedbackPolicy\":\"https:\\\/\\\/hotsmoke.shop\\\/teises-ir-isipareigojimai\\\/\",\"correctionsPolicy\":\"https:\\\/\\\/hotsmoke.shop\\\/teises-ir-isipareigojimai\\\/\",\"ethicsPolicy\":\"https:\\\/\\\/hotsmoke.shop\\\/pristatymas-ir-taisykles\\\/\",\"diversityPolicy\":\"https:\\\/\\\/hotsmoke.shop\\\/garantijos-ir-grazinimas\\\/\",\"diversityStaffingReport\":\"https:\\\/\\\/hotsmoke.shop\\\/teises-ir-isipareigojimai\\\/\",\"openingHoursSpecification\":[{\"@type\":\"OpeningHoursSpecification\",\"dayOfWeek\":[\"Monday\",\"Tuesday\",\"Wednesday\",\"Thursday\",\"Friday\",\"Saturday\",\"Sunday\"],\"opens\":\"09:00\",\"closes\":\"17:00\"}]},{\"@type\":\"ImageObject\",\"inLanguage\":\"en-US\",\"@id\":\"https:\\\/\\\/hotsmoke.shop\\\/parduotuve\\\/cbd-produktai\\\/aboutstress-40-cbd-aliejus-isolated-spectrum\\\/#local-main-organization-logo\",\"url\":\"https:\\\/\\\/hotsmoke.shop\\\/wp-content\\\/uploads\\\/2026\\\/03\\\/Group-5-1.png\",\"contentUrl\":\"https:\\\/\\\/hotsmoke.shop\\\/wp-content\\\/uploads\\\/2026\\\/03\\\/Group-5-1.png\",\"width\":566,\"height\":73,\"caption\":\"Hotsmoke | CBD line\"}]}<\/script>\n<!-- \/ Yoast SEO Premium plugin. -->","yoast_head_json":{"title":"Aboutstress 40% CBD Oil Broad Spectrum | 4000mg","description":"Aboutstress 40% CBD oil (4000mg). Pure grade isolate from Spanish farms. 0% THC, MCT base, laboratory control. Broad spectrum oil.","robots":{"index":"index","follow":"follow","max-snippet":"max-snippet:-1","max-image-preview":"max-image-preview:large","max-video-preview":"max-video-preview:-1"},"canonical":"https:\/\/hotsmoke.shop\/en\/parduotuve\/cbd-products\/aboutstress-40-cbd-oil-isolated-spectrum\/","og_locale":"en_US","og_type":"article","og_title":"AboutStress 40% CBD Aliejus Isolated Spectrum","og_description":"Aboutstress 40% CBD aliejus (4000mg). Pure klas\u0117s izoliatas i\u0161 Ispanijos \u016bki\u0173. 0% THC, MCT baz\u0117, laboratorin\u0117 kontrol\u0117. Plataus spektro aliejus.","og_url":"https:\/\/hotsmoke.shop\/en\/parduotuve\/cbd-products\/aboutstress-40-cbd-oil-isolated-spectrum\/","og_site_name":"HotSmoke","article_publisher":"https:\/\/www.facebook.com\/hotsmoke.shop","article_modified_time":"2026-04-11T09:21:46+00:00","og_image":[{"width":1080,"height":1080,"url":"https:\/\/hotsmoke.shop\/wp-content\/uploads\/2026\/03\/aboutstress-isolated-spectrum-cbd-aliejus-hotsmoke.shop_.webp","type":"image\/webp"}],"twitter_card":"summary_large_image","twitter_site":"@HotSmokeoffici1","twitter_misc":{"Price":"60.00&euro; Original price was: 60.00&euro;.29.99&euro;Current price is: 29.99&euro;.","Availability":"In stock"},"schema":{"@context":"https:\/\/schema.org","@graph":[{"@type":"WebPage","@id":"https:\/\/hotsmoke.shop\/parduotuve\/cbd-produktai\/aboutstress-40-cbd-aliejus-isolated-spectrum\/","url":"https:\/\/hotsmoke.shop\/parduotuve\/cbd-produktai\/aboutstress-40-cbd-aliejus-isolated-spectrum\/","name":"Aboutstress 40% CBD Oil Broad Spectrum | 4000mg","isPartOf":{"@id":"https:\/\/hotsmoke.shop\/#website"},"primaryImageOfPage":{"@id":"https:\/\/hotsmoke.shop\/parduotuve\/cbd-produktai\/aboutstress-40-cbd-aliejus-isolated-spectrum\/#primaryimage"},"image":{"@id":"https:\/\/hotsmoke.shop\/parduotuve\/cbd-produktai\/aboutstress-40-cbd-aliejus-isolated-spectrum\/#primaryimage"},"thumbnailUrl":"https:\/\/hotsmoke.shop\/wp-content\/uploads\/2026\/03\/aboutstress-isolated-spectrum-cbd-aliejus-hotsmoke.shop_.webp","datePublished":"2026-03-22T16:24:20+00:00","dateModified":"2026-04-11T09:21:46+00:00","description":"Aboutstress 40% CBD oil (4000mg). Pure grade isolate from Spanish farms. 0% THC, MCT base, laboratory control. Broad spectrum oil.","breadcrumb":{"@id":"https:\/\/hotsmoke.shop\/parduotuve\/cbd-produktai\/aboutstress-40-cbd-aliejus-isolated-spectrum\/#breadcrumb"},"inLanguage":"en-US","potentialAction":[{"@type":"ReadAction","target":["https:\/\/hotsmoke.shop\/parduotuve\/cbd-produktai\/aboutstress-40-cbd-aliejus-isolated-spectrum\/"]}]},{"@type":"ImageObject","inLanguage":"en-US","@id":"https:\/\/hotsmoke.shop\/parduotuve\/cbd-produktai\/aboutstress-40-cbd-aliejus-isolated-spectrum\/#primaryimage","url":"https:\/\/hotsmoke.shop\/wp-content\/uploads\/2026\/03\/aboutstress-isolated-spectrum-cbd-aliejus-hotsmoke.shop_.webp","contentUrl":"https:\/\/hotsmoke.shop\/wp-content\/uploads\/2026\/03\/aboutstress-isolated-spectrum-cbd-aliejus-hotsmoke.shop_.webp","width":1080,"height":1080,"caption":"cbd aliejus aboutstress plataus spektro"},{"@type":"BreadcrumbList","@id":"https:\/\/hotsmoke.shop\/parduotuve\/cbd-produktai\/aboutstress-40-cbd-aliejus-isolated-spectrum\/#breadcrumb","itemListElement":[{"@type":"ListItem","position":1,"name":"Home","item":"https:\/\/hotsmoke.shop\/"},{"@type":"ListItem","position":2,"name":"CBD Parduotuv\u0117 | Premium Aliejai ir \u017diedai Internetu","item":"https:\/\/hotsmoke.shop\/parduotuve\/"},{"@type":"ListItem","position":3,"name":"AboutStress 40% CBD Aliejus Isolated Spectrum"}]},{"@type":"WebSite","@id":"https:\/\/hotsmoke.shop\/#website","url":"https:\/\/hotsmoke.shop\/","name":"HotSmoke CBD","description":"CBD Products in United Kingdom | Premium Oils and Blossoms | HotSmoke","publisher":{"@id":"https:\/\/hotsmoke.shop\/#organization"},"potentialAction":[{"@type":"SearchAction","target":{"@type":"EntryPoint","urlTemplate":"https:\/\/hotsmoke.shop\/?s={search_term_string}"},"query-input":{"@type":"PropertyValueSpecification","valueRequired":true,"valueName":"search_term_string"}}],"inLanguage":"en-US"},{"@type":["Organization","Place"],"@id":"https:\/\/hotsmoke.shop\/#organization","name":"Hotsmoke | CBD line","url":"https:\/\/hotsmoke.shop\/","logo":{"@id":"https:\/\/hotsmoke.shop\/parduotuve\/cbd-produktai\/aboutstress-40-cbd-aliejus-isolated-spectrum\/#local-main-organization-logo"},"image":{"@id":"https:\/\/hotsmoke.shop\/parduotuve\/cbd-produktai\/aboutstress-40-cbd-aliejus-isolated-spectrum\/#local-main-organization-logo"},"sameAs":["https:\/\/www.facebook.com\/hotsmoke.shop","https:\/\/x.com\/HotSmokeoffici1"],"publishingPrinciples":"https:\/\/hotsmoke.shop\/apie-mus\/","ownershipFundingInfo":"https:\/\/hotsmoke.shop\/teises-ir-isipareigojimai\/","actionableFeedbackPolicy":"https:\/\/hotsmoke.shop\/teises-ir-isipareigojimai\/","correctionsPolicy":"https:\/\/hotsmoke.shop\/teises-ir-isipareigojimai\/","ethicsPolicy":"https:\/\/hotsmoke.shop\/pristatymas-ir-taisykles\/","diversityPolicy":"https:\/\/hotsmoke.shop\/garantijos-ir-grazinimas\/","diversityStaffingReport":"https:\/\/hotsmoke.shop\/teises-ir-isipareigojimai\/","openingHoursSpecification":[{"@type":"OpeningHoursSpecification","dayOfWeek":["Monday","Tuesday","Wednesday","Thursday","Friday","Saturday","Sunday"],"opens":"09:00","closes":"17:00"}]},{"@type":"ImageObject","inLanguage":"en-US","@id":"https:\/\/hotsmoke.shop\/parduotuve\/cbd-produktai\/aboutstress-40-cbd-aliejus-isolated-spectrum\/#local-main-organization-logo","url":"https:\/\/hotsmoke.shop\/wp-content\/uploads\/2026\/03\/Group-5-1.png","contentUrl":"https:\/\/hotsmoke.shop\/wp-content\/uploads\/2026\/03\/Group-5-1.png","width":566,"height":73,"caption":"Hotsmoke | CBD line"}]}},"_links":{"self":[{"href":"https:\/\/hotsmoke.shop\/en\/wp-json\/wp\/v2\/product\/42415","targetHints":{"allow":["GET"]}}],"collection":[{"href":"https:\/\/hotsmoke.shop\/en\/wp-json\/wp\/v2\/product"}],"about":[{"href":"https:\/\/hotsmoke.shop\/en\/wp-json\/wp\/v2\/types\/product"}],"replies":[{"embeddable":true,"href":"https:\/\/hotsmoke.shop\/en\/wp-json\/wp\/v2\/comments?post=42415"}],"wp:featuredmedia":[{"embeddable":true,"href":"https:\/\/hotsmoke.shop\/en\/wp-json\/wp\/v2\/media\/42416"}],"wp:attachment":[{"href":"https:\/\/hotsmoke.shop\/en\/wp-json\/wp\/v2\/media?parent=42415"}],"wp:term":[{"taxonomy":"product_brand","embeddable":true,"href":"https:\/\/hotsmoke.shop\/en\/wp-json\/wp\/v2\/product_brand?post=42415"},{"taxonomy":"product_cat","embeddable":true,"href":"https:\/\/hotsmoke.shop\/en\/wp-json\/wp\/v2\/product_cat?post=42415"},{"taxonomy":"product_tag","embeddable":true,"href":"https:\/\/hotsmoke.shop\/en\/wp-json\/wp\/v2\/product_tag?post=42415"}],"curies":[{"name":"WP","href":"https:\/\/api.w.org\/{rel}","templated":true}]}}