{"id":42402,"date":"2026-03-22T14:08:33","date_gmt":"2026-03-22T14:08:33","guid":{"rendered":"https:\/\/hotsmoke.shop\/?post_type=product&#038;p=42402"},"modified":"2026-04-01T12:41:37","modified_gmt":"2026-04-01T12:41:37","slug":"hotsmoke-critical-mass-cbd-ointment","status":"publish","type":"product","link":"https:\/\/hotsmoke.shop\/en\/parduotuve\/cbd-produktai\/hotsmoke-critical-mass-cbd-ziedai\/","title":{"rendered":"HotSmoke Critical Mass CBD Rings"},"content":{"rendered":"<p><strong>HotSmoke Critical Mass Premium CBD Buds<\/strong> - is a premium product designed for those looking for a combination of strength and purity. These flowers have an exceptional concentration of 40% CBD, which is extracted from selected varieties of hemp grown without the use of pesticides or chemical fertilisers.<\/p>\n<h2><strong>Quality is our priority, which is why every ring is<\/strong><\/h2>\n<ul>\n<li>Indoor growing: controlled conditions ensure perfect structure, cleanliness and a rich aroma.<\/li>\n<li>Maximum freshness: Only resinous, not shrivelled inflorescences are selected.<\/li>\n<li>Laboratory tested: each batch is tested by accredited laboratories to confirm a legal THC content of &lt;0.2%.<\/li>\n<\/ul>\n<h2><strong>Properties of CBD flowers<\/strong><\/h2>\n<ul>\n<li>CBD content: as high as 40% (one of the highest natural concentrations).<\/li>\n<li>Origin: Certified industrial hemp from the EU catalogue.<\/li>\n<li>Ingredients: 100% natural dried hemp flowers (seedless, non-GMO).<\/li>\n<li>Aroma: Intensely sweet and fruity, with a distinct \u201eskunk\u201c profile harmoniously complemented by deep earthy and pungent woody notes.<\/li>\n<li>Structure: Dense, resinous buds covered in visible trichomes.<\/li>\n<li>Profile: Natural cannabinoids (CBD, CBG, CBC, THC, etc.) and a rich spectrum of terpenes and flavonoids.<\/li>\n<\/ul>\n<h2><strong>Purpose and information of the rings<\/strong><\/h2>\n<ul>\n<li>According to the legislation of the Republic of Lithuania, this product is not a food, medicine or food supplement.<\/li>\n<li>Use: for cannabis macerate, aromatherapy or infusions (massage oils, vapour diffusers, scented sachets, relaxing baths, spa rituals, botanical compresses, scented candles, etc.)<\/li>\n<li>Age limit: Sold only to persons aged 18 and over.<\/li>\n<li>CN code: 1211 90 86<\/li>\n<\/ul>\n<p><strong>HOTSMOKE\u2122 is a trademark and does not imply the effect or purpose of the product. The name reflects our aesthetics and quality philosophy.<\/strong><\/p>","protected":false},"excerpt":{"rendered":"<p><strong>40% CBD | 20 g | Indoor | THC &lt; 0.2% | Premium. CBD flowers with the highest concentration, extracted from strains with naturally high cannabidiol content. Fresh, unbleached Indoor-grown flowers for maximum quality and value in a 20 g pack.<\/strong><\/p>","protected":false},"featured_media":42403,"comment_status":"closed","ping_status":"closed","template":"","meta":{"_acf_changed":false,"inline_featured_image":false},"product_brand":[68],"product_cat":[43,290],"product_tag":[],"class_list":{"0":"post-42402","1":"product","2":"type-product","3":"status-publish","4":"has-post-thumbnail","6":"product_brand-hotsmoke","7":"product_cat-cbd-produktai","8":"product_cat-ispaniski-cbd-ziedai","10":"first","11":"instock","12":"sale","13":"shipping-taxable","14":"purchasable","15":"product-type-simple"},"acf":[],"yoast_head":"<!-- This site is optimized with the Yoast SEO Premium plugin v21.8 (Yoast SEO v27.4) - https:\/\/yoast.com\/product\/yoast-seo-premium-wordpress\/ -->\n<title>Critical Mass CBD \u017diedai (&lt;40% CBD) | Premium Indoor<\/title>\n<meta name=\"description\" content=\"Auk\u0161\u010diausios koncentracijos Critical Mass CBD \u017eiedai (&lt;40% CBD). Auk\u0161\u010diausios koncentracijos CBD \u017eiedai, i\u0161gauti i\u0161 veisli\u0173, pasi\u017eymin\u010di\u0173 nat\u016bralumu.\" \/>\n<meta name=\"robots\" content=\"index, follow, max-snippet:-1, max-image-preview:large, max-video-preview:-1\" \/>\n<link rel=\"canonical\" href=\"https:\/\/hotsmoke.shop\/en\/parduotuve\/cbd-products\/hotsmoke-critical-mass-cbd-ointment\/\" \/>\n<meta property=\"og:locale\" content=\"en_US\" \/>\n<meta property=\"og:type\" content=\"article\" \/>\n<meta property=\"og:title\" content=\"HotSmoke Critical Mass CBD \u017diedai\" \/>\n<meta property=\"og:description\" content=\"Auk\u0161\u010diausios koncentracijos Critical Mass CBD \u017eiedai (&lt;40% CBD). Auk\u0161\u010diausios koncentracijos CBD \u017eiedai, i\u0161gauti i\u0161 veisli\u0173, pasi\u017eymin\u010di\u0173 nat\u016bralumu.\" \/>\n<meta property=\"og:url\" content=\"https:\/\/hotsmoke.shop\/en\/parduotuve\/cbd-products\/hotsmoke-critical-mass-cbd-ointment\/\" \/>\n<meta property=\"og:site_name\" content=\"HotSmoke\" \/>\n<meta property=\"article:publisher\" content=\"https:\/\/www.facebook.com\/hotsmoke.shop\" \/>\n<meta property=\"article:modified_time\" content=\"2026-04-01T12:41:37+00:00\" \/>\n<meta property=\"og:image\" content=\"https:\/\/hotsmoke.shop\/wp-content\/uploads\/2026\/03\/Hotsmoke-critical-mass-cbd-ziedai-hotsmoke.shop_.webp\" \/>\n\t<meta property=\"og:image:width\" content=\"1080\" \/>\n\t<meta property=\"og:image:height\" content=\"1080\" \/>\n\t<meta property=\"og:image:type\" content=\"image\/webp\" \/>\n<meta name=\"twitter:card\" content=\"summary_large_image\" \/>\n<meta name=\"twitter:site\" content=\"@HotSmokeoffici1\" \/>\n<meta name=\"twitter:label1\" content=\"Price\" \/>\n\t<meta name=\"twitter:data1\" content=\"49.99&euro; Original price was: 49.99&euro;.31.49&euro;Current price is: 31.49&euro;.\" \/>\n\t<meta name=\"twitter:label2\" content=\"Availability\" \/>\n\t<meta name=\"twitter:data2\" content=\"In stock\" \/>\n<script type=\"application\/ld+json\" class=\"yoast-schema-graph\">{\"@context\":\"https:\\\/\\\/schema.org\",\"@graph\":[{\"@type\":\"WebPage\",\"@id\":\"https:\\\/\\\/hotsmoke.shop\\\/parduotuve\\\/cbd-produktai\\\/hotsmoke-critical-mass-cbd-ziedai\\\/\",\"url\":\"https:\\\/\\\/hotsmoke.shop\\\/parduotuve\\\/cbd-produktai\\\/hotsmoke-critical-mass-cbd-ziedai\\\/\",\"name\":\"Critical Mass CBD \u017diedai (&lt;40% CBD) | Premium Indoor\",\"isPartOf\":{\"@id\":\"https:\\\/\\\/hotsmoke.shop\\\/#website\"},\"primaryImageOfPage\":{\"@id\":\"https:\\\/\\\/hotsmoke.shop\\\/parduotuve\\\/cbd-produktai\\\/hotsmoke-critical-mass-cbd-ziedai\\\/#primaryimage\"},\"image\":{\"@id\":\"https:\\\/\\\/hotsmoke.shop\\\/parduotuve\\\/cbd-produktai\\\/hotsmoke-critical-mass-cbd-ziedai\\\/#primaryimage\"},\"thumbnailUrl\":\"https:\\\/\\\/hotsmoke.shop\\\/wp-content\\\/uploads\\\/2026\\\/03\\\/Hotsmoke-critical-mass-cbd-ziedai-hotsmoke.shop_.webp\",\"datePublished\":\"2026-03-22T14:08:33+00:00\",\"dateModified\":\"2026-04-01T12:41:37+00:00\",\"description\":\"Auk\u0161\u010diausios koncentracijos Critical Mass CBD \u017eiedai (&lt;40% CBD). Auk\u0161\u010diausios koncentracijos CBD \u017eiedai, i\u0161gauti i\u0161 veisli\u0173, pasi\u017eymin\u010di\u0173 nat\u016bralumu.\",\"breadcrumb\":{\"@id\":\"https:\\\/\\\/hotsmoke.shop\\\/parduotuve\\\/cbd-produktai\\\/hotsmoke-critical-mass-cbd-ziedai\\\/#breadcrumb\"},\"inLanguage\":\"en-US\",\"potentialAction\":[{\"@type\":\"ReadAction\",\"target\":[\"https:\\\/\\\/hotsmoke.shop\\\/parduotuve\\\/cbd-produktai\\\/hotsmoke-critical-mass-cbd-ziedai\\\/\"]}]},{\"@type\":\"ImageObject\",\"inLanguage\":\"en-US\",\"@id\":\"https:\\\/\\\/hotsmoke.shop\\\/parduotuve\\\/cbd-produktai\\\/hotsmoke-critical-mass-cbd-ziedai\\\/#primaryimage\",\"url\":\"https:\\\/\\\/hotsmoke.shop\\\/wp-content\\\/uploads\\\/2026\\\/03\\\/Hotsmoke-critical-mass-cbd-ziedai-hotsmoke.shop_.webp\",\"contentUrl\":\"https:\\\/\\\/hotsmoke.shop\\\/wp-content\\\/uploads\\\/2026\\\/03\\\/Hotsmoke-critical-mass-cbd-ziedai-hotsmoke.shop_.webp\",\"width\":1080,\"height\":1080,\"caption\":\"cbd ziedai hotsmoke critical mass\"},{\"@type\":\"BreadcrumbList\",\"@id\":\"https:\\\/\\\/hotsmoke.shop\\\/parduotuve\\\/cbd-produktai\\\/hotsmoke-critical-mass-cbd-ziedai\\\/#breadcrumb\",\"itemListElement\":[{\"@type\":\"ListItem\",\"position\":1,\"name\":\"Home\",\"item\":\"https:\\\/\\\/hotsmoke.shop\\\/\"},{\"@type\":\"ListItem\",\"position\":2,\"name\":\"CBD Parduotuv\u0117 | Premium Aliejai ir \u017diedai Internetu\",\"item\":\"https:\\\/\\\/hotsmoke.shop\\\/parduotuve\\\/\"},{\"@type\":\"ListItem\",\"position\":3,\"name\":\"HotSmoke Critical Mass CBD \u017diedai\"}]},{\"@type\":\"WebSite\",\"@id\":\"https:\\\/\\\/hotsmoke.shop\\\/#website\",\"url\":\"https:\\\/\\\/hotsmoke.shop\\\/\",\"name\":\"HotSmoke CBD\",\"description\":\"CBD Produktai Lietuvoje | Premium Aliejus ir \u017diedai | HotSmoke\",\"publisher\":{\"@id\":\"https:\\\/\\\/hotsmoke.shop\\\/#organization\"},\"potentialAction\":[{\"@type\":\"SearchAction\",\"target\":{\"@type\":\"EntryPoint\",\"urlTemplate\":\"https:\\\/\\\/hotsmoke.shop\\\/?s={search_term_string}\"},\"query-input\":{\"@type\":\"PropertyValueSpecification\",\"valueRequired\":true,\"valueName\":\"search_term_string\"}}],\"inLanguage\":\"en-US\"},{\"@type\":[\"Organization\",\"Place\"],\"@id\":\"https:\\\/\\\/hotsmoke.shop\\\/#organization\",\"name\":\"Hotsmoke | CBD line\",\"url\":\"https:\\\/\\\/hotsmoke.shop\\\/\",\"logo\":{\"@id\":\"https:\\\/\\\/hotsmoke.shop\\\/parduotuve\\\/cbd-produktai\\\/hotsmoke-critical-mass-cbd-ziedai\\\/#local-main-organization-logo\"},\"image\":{\"@id\":\"https:\\\/\\\/hotsmoke.shop\\\/parduotuve\\\/cbd-produktai\\\/hotsmoke-critical-mass-cbd-ziedai\\\/#local-main-organization-logo\"},\"sameAs\":[\"https:\\\/\\\/www.facebook.com\\\/hotsmoke.shop\",\"https:\\\/\\\/x.com\\\/HotSmokeoffici1\"],\"publishingPrinciples\":\"https:\\\/\\\/hotsmoke.shop\\\/apie-mus\\\/\",\"ownershipFundingInfo\":\"https:\\\/\\\/hotsmoke.shop\\\/teises-ir-isipareigojimai\\\/\",\"actionableFeedbackPolicy\":\"https:\\\/\\\/hotsmoke.shop\\\/teises-ir-isipareigojimai\\\/\",\"correctionsPolicy\":\"https:\\\/\\\/hotsmoke.shop\\\/teises-ir-isipareigojimai\\\/\",\"ethicsPolicy\":\"https:\\\/\\\/hotsmoke.shop\\\/pristatymas-ir-taisykles\\\/\",\"diversityPolicy\":\"https:\\\/\\\/hotsmoke.shop\\\/garantijos-ir-grazinimas\\\/\",\"diversityStaffingReport\":\"https:\\\/\\\/hotsmoke.shop\\\/teises-ir-isipareigojimai\\\/\",\"openingHoursSpecification\":[{\"@type\":\"OpeningHoursSpecification\",\"dayOfWeek\":[\"Monday\",\"Tuesday\",\"Wednesday\",\"Thursday\",\"Friday\",\"Saturday\",\"Sunday\"],\"opens\":\"09:00\",\"closes\":\"17:00\"}]},{\"@type\":\"ImageObject\",\"inLanguage\":\"en-US\",\"@id\":\"https:\\\/\\\/hotsmoke.shop\\\/parduotuve\\\/cbd-produktai\\\/hotsmoke-critical-mass-cbd-ziedai\\\/#local-main-organization-logo\",\"url\":\"https:\\\/\\\/hotsmoke.shop\\\/wp-content\\\/uploads\\\/2026\\\/03\\\/Group-5-1.png\",\"contentUrl\":\"https:\\\/\\\/hotsmoke.shop\\\/wp-content\\\/uploads\\\/2026\\\/03\\\/Group-5-1.png\",\"width\":566,\"height\":73,\"caption\":\"Hotsmoke | CBD line\"}]}<\/script>\n<!-- \/ Yoast SEO Premium plugin. -->","yoast_head_json":{"title":"Critical Mass CBD Flowers (&lt;40% CBD) | Premium Indoor","description":"Critical Mass CBD rings with the highest concentration (&lt;40% CBD). The highest concentration of CBD extracted from varieties with a natural character.","robots":{"index":"index","follow":"follow","max-snippet":"max-snippet:-1","max-image-preview":"max-image-preview:large","max-video-preview":"max-video-preview:-1"},"canonical":"https:\/\/hotsmoke.shop\/en\/parduotuve\/cbd-products\/hotsmoke-critical-mass-cbd-ointment\/","og_locale":"en_US","og_type":"article","og_title":"HotSmoke Critical Mass CBD \u017diedai","og_description":"Auk\u0161\u010diausios koncentracijos Critical Mass CBD \u017eiedai (&lt;40% CBD). Auk\u0161\u010diausios koncentracijos CBD \u017eiedai, i\u0161gauti i\u0161 veisli\u0173, pasi\u017eymin\u010di\u0173 nat\u016bralumu.","og_url":"https:\/\/hotsmoke.shop\/en\/parduotuve\/cbd-products\/hotsmoke-critical-mass-cbd-ointment\/","og_site_name":"HotSmoke","article_publisher":"https:\/\/www.facebook.com\/hotsmoke.shop","article_modified_time":"2026-04-01T12:41:37+00:00","og_image":[{"width":1080,"height":1080,"url":"https:\/\/hotsmoke.shop\/wp-content\/uploads\/2026\/03\/Hotsmoke-critical-mass-cbd-ziedai-hotsmoke.shop_.webp","type":"image\/webp"}],"twitter_card":"summary_large_image","twitter_site":"@HotSmokeoffici1","twitter_misc":{"Price":"49.99&euro; Original price was: 49.99&euro;.31.49&euro;Current price is: 31.49&euro;.","Availability":"In stock"},"schema":{"@context":"https:\/\/schema.org","@graph":[{"@type":"WebPage","@id":"https:\/\/hotsmoke.shop\/parduotuve\/cbd-produktai\/hotsmoke-critical-mass-cbd-ziedai\/","url":"https:\/\/hotsmoke.shop\/parduotuve\/cbd-produktai\/hotsmoke-critical-mass-cbd-ziedai\/","name":"Critical Mass CBD Flowers (&lt;40% CBD) | Premium Indoor","isPartOf":{"@id":"https:\/\/hotsmoke.shop\/#website"},"primaryImageOfPage":{"@id":"https:\/\/hotsmoke.shop\/parduotuve\/cbd-produktai\/hotsmoke-critical-mass-cbd-ziedai\/#primaryimage"},"image":{"@id":"https:\/\/hotsmoke.shop\/parduotuve\/cbd-produktai\/hotsmoke-critical-mass-cbd-ziedai\/#primaryimage"},"thumbnailUrl":"https:\/\/hotsmoke.shop\/wp-content\/uploads\/2026\/03\/Hotsmoke-critical-mass-cbd-ziedai-hotsmoke.shop_.webp","datePublished":"2026-03-22T14:08:33+00:00","dateModified":"2026-04-01T12:41:37+00:00","description":"Critical Mass CBD rings with the highest concentration (&lt;40% CBD). The highest concentration of CBD extracted from varieties with a natural character.","breadcrumb":{"@id":"https:\/\/hotsmoke.shop\/parduotuve\/cbd-produktai\/hotsmoke-critical-mass-cbd-ziedai\/#breadcrumb"},"inLanguage":"en-US","potentialAction":[{"@type":"ReadAction","target":["https:\/\/hotsmoke.shop\/parduotuve\/cbd-produktai\/hotsmoke-critical-mass-cbd-ziedai\/"]}]},{"@type":"ImageObject","inLanguage":"en-US","@id":"https:\/\/hotsmoke.shop\/parduotuve\/cbd-produktai\/hotsmoke-critical-mass-cbd-ziedai\/#primaryimage","url":"https:\/\/hotsmoke.shop\/wp-content\/uploads\/2026\/03\/Hotsmoke-critical-mass-cbd-ziedai-hotsmoke.shop_.webp","contentUrl":"https:\/\/hotsmoke.shop\/wp-content\/uploads\/2026\/03\/Hotsmoke-critical-mass-cbd-ziedai-hotsmoke.shop_.webp","width":1080,"height":1080,"caption":"cbd ziedai hotsmoke critical mass"},{"@type":"BreadcrumbList","@id":"https:\/\/hotsmoke.shop\/parduotuve\/cbd-produktai\/hotsmoke-critical-mass-cbd-ziedai\/#breadcrumb","itemListElement":[{"@type":"ListItem","position":1,"name":"Home","item":"https:\/\/hotsmoke.shop\/"},{"@type":"ListItem","position":2,"name":"CBD Parduotuv\u0117 | Premium Aliejai ir \u017diedai Internetu","item":"https:\/\/hotsmoke.shop\/parduotuve\/"},{"@type":"ListItem","position":3,"name":"HotSmoke Critical Mass CBD \u017diedai"}]},{"@type":"WebSite","@id":"https:\/\/hotsmoke.shop\/#website","url":"https:\/\/hotsmoke.shop\/","name":"HotSmoke CBD","description":"CBD Products in United Kingdom | Premium Oils and Blossoms | HotSmoke","publisher":{"@id":"https:\/\/hotsmoke.shop\/#organization"},"potentialAction":[{"@type":"SearchAction","target":{"@type":"EntryPoint","urlTemplate":"https:\/\/hotsmoke.shop\/?s={search_term_string}"},"query-input":{"@type":"PropertyValueSpecification","valueRequired":true,"valueName":"search_term_string"}}],"inLanguage":"en-US"},{"@type":["Organization","Place"],"@id":"https:\/\/hotsmoke.shop\/#organization","name":"Hotsmoke | CBD line","url":"https:\/\/hotsmoke.shop\/","logo":{"@id":"https:\/\/hotsmoke.shop\/parduotuve\/cbd-produktai\/hotsmoke-critical-mass-cbd-ziedai\/#local-main-organization-logo"},"image":{"@id":"https:\/\/hotsmoke.shop\/parduotuve\/cbd-produktai\/hotsmoke-critical-mass-cbd-ziedai\/#local-main-organization-logo"},"sameAs":["https:\/\/www.facebook.com\/hotsmoke.shop","https:\/\/x.com\/HotSmokeoffici1"],"publishingPrinciples":"https:\/\/hotsmoke.shop\/apie-mus\/","ownershipFundingInfo":"https:\/\/hotsmoke.shop\/teises-ir-isipareigojimai\/","actionableFeedbackPolicy":"https:\/\/hotsmoke.shop\/teises-ir-isipareigojimai\/","correctionsPolicy":"https:\/\/hotsmoke.shop\/teises-ir-isipareigojimai\/","ethicsPolicy":"https:\/\/hotsmoke.shop\/pristatymas-ir-taisykles\/","diversityPolicy":"https:\/\/hotsmoke.shop\/garantijos-ir-grazinimas\/","diversityStaffingReport":"https:\/\/hotsmoke.shop\/teises-ir-isipareigojimai\/","openingHoursSpecification":[{"@type":"OpeningHoursSpecification","dayOfWeek":["Monday","Tuesday","Wednesday","Thursday","Friday","Saturday","Sunday"],"opens":"09:00","closes":"17:00"}]},{"@type":"ImageObject","inLanguage":"en-US","@id":"https:\/\/hotsmoke.shop\/parduotuve\/cbd-produktai\/hotsmoke-critical-mass-cbd-ziedai\/#local-main-organization-logo","url":"https:\/\/hotsmoke.shop\/wp-content\/uploads\/2026\/03\/Group-5-1.png","contentUrl":"https:\/\/hotsmoke.shop\/wp-content\/uploads\/2026\/03\/Group-5-1.png","width":566,"height":73,"caption":"Hotsmoke | CBD line"}]}},"_links":{"self":[{"href":"https:\/\/hotsmoke.shop\/en\/wp-json\/wp\/v2\/product\/42402","targetHints":{"allow":["GET"]}}],"collection":[{"href":"https:\/\/hotsmoke.shop\/en\/wp-json\/wp\/v2\/product"}],"about":[{"href":"https:\/\/hotsmoke.shop\/en\/wp-json\/wp\/v2\/types\/product"}],"replies":[{"embeddable":true,"href":"https:\/\/hotsmoke.shop\/en\/wp-json\/wp\/v2\/comments?post=42402"}],"wp:featuredmedia":[{"embeddable":true,"href":"https:\/\/hotsmoke.shop\/en\/wp-json\/wp\/v2\/media\/42403"}],"wp:attachment":[{"href":"https:\/\/hotsmoke.shop\/en\/wp-json\/wp\/v2\/media?parent=42402"}],"wp:term":[{"taxonomy":"product_brand","embeddable":true,"href":"https:\/\/hotsmoke.shop\/en\/wp-json\/wp\/v2\/product_brand?post=42402"},{"taxonomy":"product_cat","embeddable":true,"href":"https:\/\/hotsmoke.shop\/en\/wp-json\/wp\/v2\/product_cat?post=42402"},{"taxonomy":"product_tag","embeddable":true,"href":"https:\/\/hotsmoke.shop\/en\/wp-json\/wp\/v2\/product_tag?post=42402"}],"curies":[{"name":"WP","href":"https:\/\/api.w.org\/{rel}","templated":true}]}}