{"id":26754,"date":"2024-01-10T12:31:24","date_gmt":"2024-01-10T12:31:24","guid":{"rendered":"https:\/\/hotsmoke.shop\/?page_id=26754"},"modified":"2026-03-22T08:18:04","modified_gmt":"2026-03-22T08:18:04","slug":"guarantees-and-refunds","status":"publish","type":"page","link":"https:\/\/hotsmoke.shop\/en\/garantijos-ir-grazinimas\/","title":{"rendered":"Warranties and Returns | Secure Purchase"},"content":{"rendered":"","protected":false},"excerpt":{"rendered":"","protected":false},"author":17,"featured_media":0,"parent":0,"menu_order":0,"comment_status":"closed","ping_status":"closed","template":"page-info-section.php","meta":{"_acf_changed":false,"inline_featured_image":false,"footnotes":""},"class_list":["post-26754","page","type-page","status-publish","hentry"],"acf":[],"yoast_head":"<!-- This site is optimized with the Yoast SEO Premium plugin v21.8 (Yoast SEO v27.4) - https:\/\/yoast.com\/product\/yoast-seo-premium-wordpress\/ -->\n<title>Garantijos ir Gr\u0105\u017einimas | Saugus Pirkimas | HotSmoke<\/title>\n<meta name=\"description\" content=\"Su\u017einokite apie m\u016bs\u0173 kokyb\u0117s garantijas ir preki\u0173 gr\u0105\u017einimo s\u0105lygas. 14 dien\u0173 gr\u0105\u017einimo garantija nenaudotoms prek\u0117ms ir profesionalus.\" \/>\n<meta name=\"robots\" content=\"index, follow, max-snippet:-1, max-image-preview:large, max-video-preview:-1\" \/>\n<link rel=\"canonical\" href=\"https:\/\/hotsmoke.shop\/en\/guarantees-and-refunds\/\" \/>\n<meta property=\"og:locale\" content=\"en_US\" \/>\n<meta property=\"og:type\" content=\"article\" \/>\n<meta property=\"og:title\" content=\"Garantijos ir Gr\u0105\u017einimas | Saugus Pirkimas\" \/>\n<meta property=\"og:description\" content=\"Su\u017einokite apie m\u016bs\u0173 kokyb\u0117s garantijas ir preki\u0173 gr\u0105\u017einimo s\u0105lygas. 14 dien\u0173 gr\u0105\u017einimo garantija nenaudotoms prek\u0117ms ir profesionalus.\" \/>\n<meta property=\"og:url\" content=\"https:\/\/hotsmoke.shop\/en\/guarantees-and-refunds\/\" \/>\n<meta property=\"og:site_name\" content=\"HotSmoke\" \/>\n<meta property=\"article:publisher\" content=\"https:\/\/www.facebook.com\/hotsmoke.shop\" \/>\n<meta property=\"article:modified_time\" content=\"2026-03-22T08:18:04+00:00\" \/>\n<meta property=\"og:image\" content=\"https:\/\/hotsmoke.shop\/wp-content\/uploads\/2026\/03\/image-1-3.png\" \/>\n\t<meta property=\"og:image:width\" content=\"1980\" \/>\n\t<meta property=\"og:image:height\" content=\"1097\" \/>\n\t<meta property=\"og:image:type\" content=\"image\/png\" \/>\n<meta name=\"twitter:card\" content=\"summary_large_image\" \/>\n<meta name=\"twitter:site\" content=\"@HotSmokeoffici1\" \/>\n<meta name=\"twitter:label1\" content=\"Est. reading time\" \/>\n\t<meta name=\"twitter:data1\" content=\"2 minutes\" \/>\n<script type=\"application\/ld+json\" class=\"yoast-schema-graph\">{\"@context\":\"https:\\\/\\\/schema.org\",\"@graph\":[{\"@type\":\"TechArticle\",\"@id\":\"https:\\\/\\\/hotsmoke.shop\\\/garantijos-ir-grazinimas\\\/#article\",\"isPartOf\":{\"@id\":\"https:\\\/\\\/hotsmoke.shop\\\/garantijos-ir-grazinimas\\\/\"},\"author\":{\"name\":\"Laurynas\",\"@id\":\"https:\\\/\\\/hotsmoke.shop\\\/#\\\/schema\\\/person\\\/85489b641c210ec72dec54ca8210de34\"},\"headline\":\"Garantijos ir Gr\u0105\u017einimas | Saugus Pirkimas\",\"datePublished\":\"2024-01-10T12:31:24+00:00\",\"dateModified\":\"2026-03-22T08:18:04+00:00\",\"mainEntityOfPage\":{\"@id\":\"https:\\\/\\\/hotsmoke.shop\\\/garantijos-ir-grazinimas\\\/\"},\"wordCount\":6,\"publisher\":{\"@id\":\"https:\\\/\\\/hotsmoke.shop\\\/#organization\"},\"inLanguage\":\"en-US\"},{\"@type\":\"WebPage\",\"@id\":\"https:\\\/\\\/hotsmoke.shop\\\/garantijos-ir-grazinimas\\\/\",\"url\":\"https:\\\/\\\/hotsmoke.shop\\\/garantijos-ir-grazinimas\\\/\",\"name\":\"Garantijos ir Gr\u0105\u017einimas | Saugus Pirkimas | HotSmoke\",\"isPartOf\":{\"@id\":\"https:\\\/\\\/hotsmoke.shop\\\/#website\"},\"datePublished\":\"2024-01-10T12:31:24+00:00\",\"dateModified\":\"2026-03-22T08:18:04+00:00\",\"description\":\"Su\u017einokite apie m\u016bs\u0173 kokyb\u0117s garantijas ir preki\u0173 gr\u0105\u017einimo s\u0105lygas. 14 dien\u0173 gr\u0105\u017einimo garantija nenaudotoms prek\u0117ms ir profesionalus.\",\"breadcrumb\":{\"@id\":\"https:\\\/\\\/hotsmoke.shop\\\/garantijos-ir-grazinimas\\\/#breadcrumb\"},\"inLanguage\":\"en-US\",\"potentialAction\":[{\"@type\":\"ReadAction\",\"target\":[\"https:\\\/\\\/hotsmoke.shop\\\/garantijos-ir-grazinimas\\\/\"]}]},{\"@type\":\"BreadcrumbList\",\"@id\":\"https:\\\/\\\/hotsmoke.shop\\\/garantijos-ir-grazinimas\\\/#breadcrumb\",\"itemListElement\":[{\"@type\":\"ListItem\",\"position\":1,\"name\":\"Home\",\"item\":\"https:\\\/\\\/hotsmoke.shop\\\/\"},{\"@type\":\"ListItem\",\"position\":2,\"name\":\"Garantijos ir Gr\u0105\u017einimas | Saugus Pirkimas\"}]},{\"@type\":\"WebSite\",\"@id\":\"https:\\\/\\\/hotsmoke.shop\\\/#website\",\"url\":\"https:\\\/\\\/hotsmoke.shop\\\/\",\"name\":\"HotSmoke CBD\",\"description\":\"CBD Produktai Lietuvoje | Premium Aliejus ir \u017diedai | HotSmoke\",\"publisher\":{\"@id\":\"https:\\\/\\\/hotsmoke.shop\\\/#organization\"},\"potentialAction\":[{\"@type\":\"SearchAction\",\"target\":{\"@type\":\"EntryPoint\",\"urlTemplate\":\"https:\\\/\\\/hotsmoke.shop\\\/?s={search_term_string}\"},\"query-input\":{\"@type\":\"PropertyValueSpecification\",\"valueRequired\":true,\"valueName\":\"search_term_string\"}}],\"inLanguage\":\"en-US\"},{\"@type\":[\"Organization\",\"Place\"],\"@id\":\"https:\\\/\\\/hotsmoke.shop\\\/#organization\",\"name\":\"Hotsmoke | CBD line\",\"url\":\"https:\\\/\\\/hotsmoke.shop\\\/\",\"logo\":{\"@id\":\"https:\\\/\\\/hotsmoke.shop\\\/garantijos-ir-grazinimas\\\/#local-main-organization-logo\"},\"image\":{\"@id\":\"https:\\\/\\\/hotsmoke.shop\\\/garantijos-ir-grazinimas\\\/#local-main-organization-logo\"},\"sameAs\":[\"https:\\\/\\\/www.facebook.com\\\/hotsmoke.shop\",\"https:\\\/\\\/x.com\\\/HotSmokeoffici1\"],\"publishingPrinciples\":\"https:\\\/\\\/hotsmoke.shop\\\/apie-mus\\\/\",\"ownershipFundingInfo\":\"https:\\\/\\\/hotsmoke.shop\\\/teises-ir-isipareigojimai\\\/\",\"actionableFeedbackPolicy\":\"https:\\\/\\\/hotsmoke.shop\\\/teises-ir-isipareigojimai\\\/\",\"correctionsPolicy\":\"https:\\\/\\\/hotsmoke.shop\\\/teises-ir-isipareigojimai\\\/\",\"ethicsPolicy\":\"https:\\\/\\\/hotsmoke.shop\\\/pristatymas-ir-taisykles\\\/\",\"diversityPolicy\":\"https:\\\/\\\/hotsmoke.shop\\\/garantijos-ir-grazinimas\\\/\",\"diversityStaffingReport\":\"https:\\\/\\\/hotsmoke.shop\\\/teises-ir-isipareigojimai\\\/\",\"openingHoursSpecification\":[{\"@type\":\"OpeningHoursSpecification\",\"dayOfWeek\":[\"Monday\",\"Tuesday\",\"Wednesday\",\"Thursday\",\"Friday\",\"Saturday\",\"Sunday\"],\"opens\":\"09:00\",\"closes\":\"17:00\"}]},{\"@type\":\"Person\",\"@id\":\"https:\\\/\\\/hotsmoke.shop\\\/#\\\/schema\\\/person\\\/85489b641c210ec72dec54ca8210de34\",\"name\":\"Laurynas\",\"image\":{\"@type\":\"ImageObject\",\"inLanguage\":\"en-US\",\"@id\":\"https:\\\/\\\/secure.gravatar.com\\\/avatar\\\/2d8022cdc741aa127e0da814cc6d175ecccdb887d6a2a5c4d432f4d34b078a0c?s=96&d=mm&r=g\",\"url\":\"https:\\\/\\\/secure.gravatar.com\\\/avatar\\\/2d8022cdc741aa127e0da814cc6d175ecccdb887d6a2a5c4d432f4d34b078a0c?s=96&d=mm&r=g\",\"contentUrl\":\"https:\\\/\\\/secure.gravatar.com\\\/avatar\\\/2d8022cdc741aa127e0da814cc6d175ecccdb887d6a2a5c4d432f4d34b078a0c?s=96&d=mm&r=g\",\"caption\":\"Laurynas\"},\"url\":\"https:\\\/\\\/hotsmoke.shop\\\/en\\\/blogs\\\/author\\\/laurynas\\\/\"},{\"@type\":\"ImageObject\",\"inLanguage\":\"en-US\",\"@id\":\"https:\\\/\\\/hotsmoke.shop\\\/garantijos-ir-grazinimas\\\/#local-main-organization-logo\",\"url\":\"https:\\\/\\\/hotsmoke.shop\\\/wp-content\\\/uploads\\\/2026\\\/03\\\/Group-5-1.png\",\"contentUrl\":\"https:\\\/\\\/hotsmoke.shop\\\/wp-content\\\/uploads\\\/2026\\\/03\\\/Group-5-1.png\",\"width\":566,\"height\":73,\"caption\":\"Hotsmoke | CBD line\"}]}<\/script>\n<!-- \/ Yoast SEO Premium plugin. -->","yoast_head_json":{"title":"Warranties and Returns | Secure Purchase | HotSmoke","description":"Find out about our quality guarantees and return policy. 14-day return guarantee on unused goods and professional.","robots":{"index":"index","follow":"follow","max-snippet":"max-snippet:-1","max-image-preview":"max-image-preview:large","max-video-preview":"max-video-preview:-1"},"canonical":"https:\/\/hotsmoke.shop\/en\/guarantees-and-refunds\/","og_locale":"en_US","og_type":"article","og_title":"Garantijos ir Gr\u0105\u017einimas | Saugus Pirkimas","og_description":"Su\u017einokite apie m\u016bs\u0173 kokyb\u0117s garantijas ir preki\u0173 gr\u0105\u017einimo s\u0105lygas. 14 dien\u0173 gr\u0105\u017einimo garantija nenaudotoms prek\u0117ms ir profesionalus.","og_url":"https:\/\/hotsmoke.shop\/en\/guarantees-and-refunds\/","og_site_name":"HotSmoke","article_publisher":"https:\/\/www.facebook.com\/hotsmoke.shop","article_modified_time":"2026-03-22T08:18:04+00:00","og_image":[{"width":1980,"height":1097,"url":"https:\/\/hotsmoke.shop\/wp-content\/uploads\/2026\/03\/image-1-3.png","type":"image\/png"}],"twitter_card":"summary_large_image","twitter_site":"@HotSmokeoffici1","twitter_misc":{"Est. reading time":"2 minutes"},"schema":{"@context":"https:\/\/schema.org","@graph":[{"@type":"TechArticle","@id":"https:\/\/hotsmoke.shop\/garantijos-ir-grazinimas\/#article","isPartOf":{"@id":"https:\/\/hotsmoke.shop\/garantijos-ir-grazinimas\/"},"author":{"name":"Laurynas","@id":"https:\/\/hotsmoke.shop\/#\/schema\/person\/85489b641c210ec72dec54ca8210de34"},"headline":"Garantijos ir Gr\u0105\u017einimas | Saugus Pirkimas","datePublished":"2024-01-10T12:31:24+00:00","dateModified":"2026-03-22T08:18:04+00:00","mainEntityOfPage":{"@id":"https:\/\/hotsmoke.shop\/garantijos-ir-grazinimas\/"},"wordCount":6,"publisher":{"@id":"https:\/\/hotsmoke.shop\/#organization"},"inLanguage":"en-US"},{"@type":"WebPage","@id":"https:\/\/hotsmoke.shop\/garantijos-ir-grazinimas\/","url":"https:\/\/hotsmoke.shop\/garantijos-ir-grazinimas\/","name":"Warranties and Returns | Secure Purchase | HotSmoke","isPartOf":{"@id":"https:\/\/hotsmoke.shop\/#website"},"datePublished":"2024-01-10T12:31:24+00:00","dateModified":"2026-03-22T08:18:04+00:00","description":"Find out about our quality guarantees and return policy. 14-day return guarantee on unused goods and professional.","breadcrumb":{"@id":"https:\/\/hotsmoke.shop\/garantijos-ir-grazinimas\/#breadcrumb"},"inLanguage":"en-US","potentialAction":[{"@type":"ReadAction","target":["https:\/\/hotsmoke.shop\/garantijos-ir-grazinimas\/"]}]},{"@type":"BreadcrumbList","@id":"https:\/\/hotsmoke.shop\/garantijos-ir-grazinimas\/#breadcrumb","itemListElement":[{"@type":"ListItem","position":1,"name":"Home","item":"https:\/\/hotsmoke.shop\/"},{"@type":"ListItem","position":2,"name":"Garantijos ir Gr\u0105\u017einimas | Saugus Pirkimas"}]},{"@type":"WebSite","@id":"https:\/\/hotsmoke.shop\/#website","url":"https:\/\/hotsmoke.shop\/","name":"HotSmoke CBD","description":"CBD Products in United Kingdom | Premium Oils and Blossoms | HotSmoke","publisher":{"@id":"https:\/\/hotsmoke.shop\/#organization"},"potentialAction":[{"@type":"SearchAction","target":{"@type":"EntryPoint","urlTemplate":"https:\/\/hotsmoke.shop\/?s={search_term_string}"},"query-input":{"@type":"PropertyValueSpecification","valueRequired":true,"valueName":"search_term_string"}}],"inLanguage":"en-US"},{"@type":["Organization","Place"],"@id":"https:\/\/hotsmoke.shop\/#organization","name":"Hotsmoke | CBD line","url":"https:\/\/hotsmoke.shop\/","logo":{"@id":"https:\/\/hotsmoke.shop\/garantijos-ir-grazinimas\/#local-main-organization-logo"},"image":{"@id":"https:\/\/hotsmoke.shop\/garantijos-ir-grazinimas\/#local-main-organization-logo"},"sameAs":["https:\/\/www.facebook.com\/hotsmoke.shop","https:\/\/x.com\/HotSmokeoffici1"],"publishingPrinciples":"https:\/\/hotsmoke.shop\/apie-mus\/","ownershipFundingInfo":"https:\/\/hotsmoke.shop\/teises-ir-isipareigojimai\/","actionableFeedbackPolicy":"https:\/\/hotsmoke.shop\/teises-ir-isipareigojimai\/","correctionsPolicy":"https:\/\/hotsmoke.shop\/teises-ir-isipareigojimai\/","ethicsPolicy":"https:\/\/hotsmoke.shop\/pristatymas-ir-taisykles\/","diversityPolicy":"https:\/\/hotsmoke.shop\/garantijos-ir-grazinimas\/","diversityStaffingReport":"https:\/\/hotsmoke.shop\/teises-ir-isipareigojimai\/","openingHoursSpecification":[{"@type":"OpeningHoursSpecification","dayOfWeek":["Monday","Tuesday","Wednesday","Thursday","Friday","Saturday","Sunday"],"opens":"09:00","closes":"17:00"}]},{"@type":"Person","@id":"https:\/\/hotsmoke.shop\/#\/schema\/person\/85489b641c210ec72dec54ca8210de34","name":"Laurynas","image":{"@type":"ImageObject","inLanguage":"en-US","@id":"https:\/\/secure.gravatar.com\/avatar\/2d8022cdc741aa127e0da814cc6d175ecccdb887d6a2a5c4d432f4d34b078a0c?s=96&d=mm&r=g","url":"https:\/\/secure.gravatar.com\/avatar\/2d8022cdc741aa127e0da814cc6d175ecccdb887d6a2a5c4d432f4d34b078a0c?s=96&d=mm&r=g","contentUrl":"https:\/\/secure.gravatar.com\/avatar\/2d8022cdc741aa127e0da814cc6d175ecccdb887d6a2a5c4d432f4d34b078a0c?s=96&d=mm&r=g","caption":"Laurynas"},"url":"https:\/\/hotsmoke.shop\/en\/blogs\/author\/laurynas\/"},{"@type":"ImageObject","inLanguage":"en-US","@id":"https:\/\/hotsmoke.shop\/garantijos-ir-grazinimas\/#local-main-organization-logo","url":"https:\/\/hotsmoke.shop\/wp-content\/uploads\/2026\/03\/Group-5-1.png","contentUrl":"https:\/\/hotsmoke.shop\/wp-content\/uploads\/2026\/03\/Group-5-1.png","width":566,"height":73,"caption":"Hotsmoke | CBD line"}]}},"_links":{"self":[{"href":"https:\/\/hotsmoke.shop\/en\/wp-json\/wp\/v2\/pages\/26754","targetHints":{"allow":["GET"]}}],"collection":[{"href":"https:\/\/hotsmoke.shop\/en\/wp-json\/wp\/v2\/pages"}],"about":[{"href":"https:\/\/hotsmoke.shop\/en\/wp-json\/wp\/v2\/types\/page"}],"author":[{"embeddable":true,"href":"https:\/\/hotsmoke.shop\/en\/wp-json\/wp\/v2\/users\/17"}],"replies":[{"embeddable":true,"href":"https:\/\/hotsmoke.shop\/en\/wp-json\/wp\/v2\/comments?post=26754"}],"version-history":[{"count":0,"href":"https:\/\/hotsmoke.shop\/en\/wp-json\/wp\/v2\/pages\/26754\/revisions"}],"wp:attachment":[{"href":"https:\/\/hotsmoke.shop\/en\/wp-json\/wp\/v2\/media?parent=26754"}],"curies":[{"name":"WP","href":"https:\/\/api.w.org\/{rel}","templated":true}]}}