{"id":26731,"date":"2024-01-10T11:20:24","date_gmt":"2024-01-10T11:20:24","guid":{"rendered":"https:\/\/hotsmoke.shop\/?page_id=26731"},"modified":"2026-03-22T15:51:48","modified_gmt":"2026-03-22T15:51:48","slug":"presentation-and-rules","status":"publish","type":"page","link":"https:\/\/hotsmoke.shop\/en\/pristatymas-ir-taisykles\/","title":{"rendered":"Delivery and Rules"},"content":{"rendered":"","protected":false},"excerpt":{"rendered":"","protected":false},"author":17,"featured_media":0,"parent":0,"menu_order":0,"comment_status":"closed","ping_status":"closed","template":"page-info-section.php","meta":{"_acf_changed":false,"inline_featured_image":false,"footnotes":""},"class_list":["post-26731","page","type-page","status-publish","hentry"],"acf":[],"yoast_head":"<!-- This site is optimized with the Yoast SEO Premium plugin v21.8 (Yoast SEO v27.4) - https:\/\/yoast.com\/product\/yoast-seo-premium-wordpress\/ -->\n<title>Pristatymas ir Apmok\u0117jimas | Saugus CBD siuntimas | HotSmoke<\/title>\n<meta name=\"description\" content=\"Greitas CBD produkt\u0173 pristatymas Lietuvoje per 24 val. Omniva, Venipak, LP Express ir autobus\u0173 siuntos. Nemokamas pristatymas nuo 45\u20ac.\" \/>\n<meta name=\"robots\" content=\"index, follow, max-snippet:-1, max-image-preview:large, max-video-preview:-1\" \/>\n<link rel=\"canonical\" href=\"https:\/\/hotsmoke.shop\/en\/presentation-and-rules\/\" \/>\n<meta property=\"og:locale\" content=\"en_US\" \/>\n<meta property=\"og:type\" content=\"article\" \/>\n<meta property=\"og:title\" content=\"Pristatymas Ir Taisykl\u0117s\" \/>\n<meta property=\"og:description\" content=\"Greitas CBD produkt\u0173 pristatymas Lietuvoje per 24 val. Omniva, Venipak, LP Express ir autobus\u0173 siuntos. Nemokamas pristatymas nuo 45\u20ac.\" \/>\n<meta property=\"og:url\" content=\"https:\/\/hotsmoke.shop\/en\/presentation-and-rules\/\" \/>\n<meta property=\"og:site_name\" content=\"HotSmoke\" \/>\n<meta property=\"article:publisher\" content=\"https:\/\/www.facebook.com\/hotsmoke.shop\" \/>\n<meta property=\"article:modified_time\" content=\"2026-03-22T15:51:48+00:00\" \/>\n<meta property=\"og:image\" content=\"https:\/\/hotsmoke.shop\/wp-content\/uploads\/2026\/03\/image-1-3.png\" \/>\n\t<meta property=\"og:image:width\" content=\"1980\" \/>\n\t<meta property=\"og:image:height\" content=\"1097\" \/>\n\t<meta property=\"og:image:type\" content=\"image\/png\" \/>\n<meta name=\"twitter:card\" content=\"summary_large_image\" \/>\n<meta name=\"twitter:site\" content=\"@HotSmokeoffici1\" \/>\n<meta name=\"twitter:label1\" content=\"Est. reading time\" \/>\n\t<meta name=\"twitter:data1\" content=\"3 minutes\" \/>\n<script type=\"application\/ld+json\" class=\"yoast-schema-graph\">{\"@context\":\"https:\\\/\\\/schema.org\",\"@graph\":[{\"@type\":\"TechArticle\",\"@id\":\"https:\\\/\\\/hotsmoke.shop\\\/pristatymas-ir-taisykles\\\/#article\",\"isPartOf\":{\"@id\":\"https:\\\/\\\/hotsmoke.shop\\\/pristatymas-ir-taisykles\\\/\"},\"author\":{\"name\":\"Laurynas\",\"@id\":\"https:\\\/\\\/hotsmoke.shop\\\/#\\\/schema\\\/person\\\/85489b641c210ec72dec54ca8210de34\"},\"headline\":\"Pristatymas Ir Taisykl\u0117s\",\"datePublished\":\"2024-01-10T11:20:24+00:00\",\"dateModified\":\"2026-03-22T15:51:48+00:00\",\"mainEntityOfPage\":{\"@id\":\"https:\\\/\\\/hotsmoke.shop\\\/pristatymas-ir-taisykles\\\/\"},\"wordCount\":4,\"publisher\":{\"@id\":\"https:\\\/\\\/hotsmoke.shop\\\/#organization\"},\"inLanguage\":\"en-US\"},{\"@type\":\"WebPage\",\"@id\":\"https:\\\/\\\/hotsmoke.shop\\\/pristatymas-ir-taisykles\\\/\",\"url\":\"https:\\\/\\\/hotsmoke.shop\\\/pristatymas-ir-taisykles\\\/\",\"name\":\"Pristatymas ir Apmok\u0117jimas | Saugus CBD siuntimas | HotSmoke\",\"isPartOf\":{\"@id\":\"https:\\\/\\\/hotsmoke.shop\\\/#website\"},\"datePublished\":\"2024-01-10T11:20:24+00:00\",\"dateModified\":\"2026-03-22T15:51:48+00:00\",\"description\":\"Greitas CBD produkt\u0173 pristatymas Lietuvoje per 24 val. Omniva, Venipak, LP Express ir autobus\u0173 siuntos. Nemokamas pristatymas nuo 45\u20ac.\",\"breadcrumb\":{\"@id\":\"https:\\\/\\\/hotsmoke.shop\\\/pristatymas-ir-taisykles\\\/#breadcrumb\"},\"inLanguage\":\"en-US\",\"potentialAction\":[{\"@type\":\"ReadAction\",\"target\":[\"https:\\\/\\\/hotsmoke.shop\\\/pristatymas-ir-taisykles\\\/\"]}]},{\"@type\":\"BreadcrumbList\",\"@id\":\"https:\\\/\\\/hotsmoke.shop\\\/pristatymas-ir-taisykles\\\/#breadcrumb\",\"itemListElement\":[{\"@type\":\"ListItem\",\"position\":1,\"name\":\"Home\",\"item\":\"https:\\\/\\\/hotsmoke.shop\\\/\"},{\"@type\":\"ListItem\",\"position\":2,\"name\":\"Pristatymas Ir Taisykl\u0117s\"}]},{\"@type\":\"WebSite\",\"@id\":\"https:\\\/\\\/hotsmoke.shop\\\/#website\",\"url\":\"https:\\\/\\\/hotsmoke.shop\\\/\",\"name\":\"HotSmoke CBD\",\"description\":\"CBD Produktai Lietuvoje | Premium Aliejus ir \u017diedai | HotSmoke\",\"publisher\":{\"@id\":\"https:\\\/\\\/hotsmoke.shop\\\/#organization\"},\"potentialAction\":[{\"@type\":\"SearchAction\",\"target\":{\"@type\":\"EntryPoint\",\"urlTemplate\":\"https:\\\/\\\/hotsmoke.shop\\\/?s={search_term_string}\"},\"query-input\":{\"@type\":\"PropertyValueSpecification\",\"valueRequired\":true,\"valueName\":\"search_term_string\"}}],\"inLanguage\":\"en-US\"},{\"@type\":[\"Organization\",\"Place\"],\"@id\":\"https:\\\/\\\/hotsmoke.shop\\\/#organization\",\"name\":\"Hotsmoke | CBD line\",\"url\":\"https:\\\/\\\/hotsmoke.shop\\\/\",\"logo\":{\"@id\":\"https:\\\/\\\/hotsmoke.shop\\\/pristatymas-ir-taisykles\\\/#local-main-organization-logo\"},\"image\":{\"@id\":\"https:\\\/\\\/hotsmoke.shop\\\/pristatymas-ir-taisykles\\\/#local-main-organization-logo\"},\"sameAs\":[\"https:\\\/\\\/www.facebook.com\\\/hotsmoke.shop\",\"https:\\\/\\\/x.com\\\/HotSmokeoffici1\"],\"publishingPrinciples\":\"https:\\\/\\\/hotsmoke.shop\\\/apie-mus\\\/\",\"ownershipFundingInfo\":\"https:\\\/\\\/hotsmoke.shop\\\/teises-ir-isipareigojimai\\\/\",\"actionableFeedbackPolicy\":\"https:\\\/\\\/hotsmoke.shop\\\/teises-ir-isipareigojimai\\\/\",\"correctionsPolicy\":\"https:\\\/\\\/hotsmoke.shop\\\/teises-ir-isipareigojimai\\\/\",\"ethicsPolicy\":\"https:\\\/\\\/hotsmoke.shop\\\/pristatymas-ir-taisykles\\\/\",\"diversityPolicy\":\"https:\\\/\\\/hotsmoke.shop\\\/garantijos-ir-grazinimas\\\/\",\"diversityStaffingReport\":\"https:\\\/\\\/hotsmoke.shop\\\/teises-ir-isipareigojimai\\\/\",\"openingHoursSpecification\":[{\"@type\":\"OpeningHoursSpecification\",\"dayOfWeek\":[\"Monday\",\"Tuesday\",\"Wednesday\",\"Thursday\",\"Friday\",\"Saturday\",\"Sunday\"],\"opens\":\"09:00\",\"closes\":\"17:00\"}]},{\"@type\":\"Person\",\"@id\":\"https:\\\/\\\/hotsmoke.shop\\\/#\\\/schema\\\/person\\\/85489b641c210ec72dec54ca8210de34\",\"name\":\"Laurynas\",\"image\":{\"@type\":\"ImageObject\",\"inLanguage\":\"en-US\",\"@id\":\"https:\\\/\\\/secure.gravatar.com\\\/avatar\\\/2d8022cdc741aa127e0da814cc6d175ecccdb887d6a2a5c4d432f4d34b078a0c?s=96&d=mm&r=g\",\"url\":\"https:\\\/\\\/secure.gravatar.com\\\/avatar\\\/2d8022cdc741aa127e0da814cc6d175ecccdb887d6a2a5c4d432f4d34b078a0c?s=96&d=mm&r=g\",\"contentUrl\":\"https:\\\/\\\/secure.gravatar.com\\\/avatar\\\/2d8022cdc741aa127e0da814cc6d175ecccdb887d6a2a5c4d432f4d34b078a0c?s=96&d=mm&r=g\",\"caption\":\"Laurynas\"},\"url\":\"https:\\\/\\\/hotsmoke.shop\\\/en\\\/blogs\\\/author\\\/laurynas\\\/\"},{\"@type\":\"ImageObject\",\"inLanguage\":\"en-US\",\"@id\":\"https:\\\/\\\/hotsmoke.shop\\\/pristatymas-ir-taisykles\\\/#local-main-organization-logo\",\"url\":\"https:\\\/\\\/hotsmoke.shop\\\/wp-content\\\/uploads\\\/2026\\\/03\\\/Group-5-1.png\",\"contentUrl\":\"https:\\\/\\\/hotsmoke.shop\\\/wp-content\\\/uploads\\\/2026\\\/03\\\/Group-5-1.png\",\"width\":566,\"height\":73,\"caption\":\"Hotsmoke | CBD line\"}]}<\/script>\n<!-- \/ Yoast SEO Premium plugin. -->","yoast_head_json":{"title":"Shipping and Payment | Secure CBD Shipping | HotSmoke","description":"Fast delivery of CBD products in Lithuania within 24 hours. Omniva, Venipak, LP Express and bus shipments. Free delivery from 45\u20ac.","robots":{"index":"index","follow":"follow","max-snippet":"max-snippet:-1","max-image-preview":"max-image-preview:large","max-video-preview":"max-video-preview:-1"},"canonical":"https:\/\/hotsmoke.shop\/en\/presentation-and-rules\/","og_locale":"en_US","og_type":"article","og_title":"Pristatymas Ir Taisykl\u0117s","og_description":"Greitas CBD produkt\u0173 pristatymas Lietuvoje per 24 val. Omniva, Venipak, LP Express ir autobus\u0173 siuntos. Nemokamas pristatymas nuo 45\u20ac.","og_url":"https:\/\/hotsmoke.shop\/en\/presentation-and-rules\/","og_site_name":"HotSmoke","article_publisher":"https:\/\/www.facebook.com\/hotsmoke.shop","article_modified_time":"2026-03-22T15:51:48+00:00","og_image":[{"width":1980,"height":1097,"url":"https:\/\/hotsmoke.shop\/wp-content\/uploads\/2026\/03\/image-1-3.png","type":"image\/png"}],"twitter_card":"summary_large_image","twitter_site":"@HotSmokeoffici1","twitter_misc":{"Est. reading time":"3 minutes"},"schema":{"@context":"https:\/\/schema.org","@graph":[{"@type":"TechArticle","@id":"https:\/\/hotsmoke.shop\/pristatymas-ir-taisykles\/#article","isPartOf":{"@id":"https:\/\/hotsmoke.shop\/pristatymas-ir-taisykles\/"},"author":{"name":"Laurynas","@id":"https:\/\/hotsmoke.shop\/#\/schema\/person\/85489b641c210ec72dec54ca8210de34"},"headline":"Pristatymas Ir Taisykl\u0117s","datePublished":"2024-01-10T11:20:24+00:00","dateModified":"2026-03-22T15:51:48+00:00","mainEntityOfPage":{"@id":"https:\/\/hotsmoke.shop\/pristatymas-ir-taisykles\/"},"wordCount":4,"publisher":{"@id":"https:\/\/hotsmoke.shop\/#organization"},"inLanguage":"en-US"},{"@type":"WebPage","@id":"https:\/\/hotsmoke.shop\/pristatymas-ir-taisykles\/","url":"https:\/\/hotsmoke.shop\/pristatymas-ir-taisykles\/","name":"Shipping and Payment | Secure CBD Shipping | HotSmoke","isPartOf":{"@id":"https:\/\/hotsmoke.shop\/#website"},"datePublished":"2024-01-10T11:20:24+00:00","dateModified":"2026-03-22T15:51:48+00:00","description":"Fast delivery of CBD products in Lithuania within 24 hours. Omniva, Venipak, LP Express and bus shipments. Free delivery from 45\u20ac.","breadcrumb":{"@id":"https:\/\/hotsmoke.shop\/pristatymas-ir-taisykles\/#breadcrumb"},"inLanguage":"en-US","potentialAction":[{"@type":"ReadAction","target":["https:\/\/hotsmoke.shop\/pristatymas-ir-taisykles\/"]}]},{"@type":"BreadcrumbList","@id":"https:\/\/hotsmoke.shop\/pristatymas-ir-taisykles\/#breadcrumb","itemListElement":[{"@type":"ListItem","position":1,"name":"Home","item":"https:\/\/hotsmoke.shop\/"},{"@type":"ListItem","position":2,"name":"Pristatymas Ir Taisykl\u0117s"}]},{"@type":"WebSite","@id":"https:\/\/hotsmoke.shop\/#website","url":"https:\/\/hotsmoke.shop\/","name":"HotSmoke CBD","description":"CBD Products in United Kingdom | Premium Oils and Blossoms | HotSmoke","publisher":{"@id":"https:\/\/hotsmoke.shop\/#organization"},"potentialAction":[{"@type":"SearchAction","target":{"@type":"EntryPoint","urlTemplate":"https:\/\/hotsmoke.shop\/?s={search_term_string}"},"query-input":{"@type":"PropertyValueSpecification","valueRequired":true,"valueName":"search_term_string"}}],"inLanguage":"en-US"},{"@type":["Organization","Place"],"@id":"https:\/\/hotsmoke.shop\/#organization","name":"Hotsmoke | CBD line","url":"https:\/\/hotsmoke.shop\/","logo":{"@id":"https:\/\/hotsmoke.shop\/pristatymas-ir-taisykles\/#local-main-organization-logo"},"image":{"@id":"https:\/\/hotsmoke.shop\/pristatymas-ir-taisykles\/#local-main-organization-logo"},"sameAs":["https:\/\/www.facebook.com\/hotsmoke.shop","https:\/\/x.com\/HotSmokeoffici1"],"publishingPrinciples":"https:\/\/hotsmoke.shop\/apie-mus\/","ownershipFundingInfo":"https:\/\/hotsmoke.shop\/teises-ir-isipareigojimai\/","actionableFeedbackPolicy":"https:\/\/hotsmoke.shop\/teises-ir-isipareigojimai\/","correctionsPolicy":"https:\/\/hotsmoke.shop\/teises-ir-isipareigojimai\/","ethicsPolicy":"https:\/\/hotsmoke.shop\/pristatymas-ir-taisykles\/","diversityPolicy":"https:\/\/hotsmoke.shop\/garantijos-ir-grazinimas\/","diversityStaffingReport":"https:\/\/hotsmoke.shop\/teises-ir-isipareigojimai\/","openingHoursSpecification":[{"@type":"OpeningHoursSpecification","dayOfWeek":["Monday","Tuesday","Wednesday","Thursday","Friday","Saturday","Sunday"],"opens":"09:00","closes":"17:00"}]},{"@type":"Person","@id":"https:\/\/hotsmoke.shop\/#\/schema\/person\/85489b641c210ec72dec54ca8210de34","name":"Laurynas","image":{"@type":"ImageObject","inLanguage":"en-US","@id":"https:\/\/secure.gravatar.com\/avatar\/2d8022cdc741aa127e0da814cc6d175ecccdb887d6a2a5c4d432f4d34b078a0c?s=96&d=mm&r=g","url":"https:\/\/secure.gravatar.com\/avatar\/2d8022cdc741aa127e0da814cc6d175ecccdb887d6a2a5c4d432f4d34b078a0c?s=96&d=mm&r=g","contentUrl":"https:\/\/secure.gravatar.com\/avatar\/2d8022cdc741aa127e0da814cc6d175ecccdb887d6a2a5c4d432f4d34b078a0c?s=96&d=mm&r=g","caption":"Laurynas"},"url":"https:\/\/hotsmoke.shop\/en\/blogs\/author\/laurynas\/"},{"@type":"ImageObject","inLanguage":"en-US","@id":"https:\/\/hotsmoke.shop\/pristatymas-ir-taisykles\/#local-main-organization-logo","url":"https:\/\/hotsmoke.shop\/wp-content\/uploads\/2026\/03\/Group-5-1.png","contentUrl":"https:\/\/hotsmoke.shop\/wp-content\/uploads\/2026\/03\/Group-5-1.png","width":566,"height":73,"caption":"Hotsmoke | CBD line"}]}},"_links":{"self":[{"href":"https:\/\/hotsmoke.shop\/en\/wp-json\/wp\/v2\/pages\/26731","targetHints":{"allow":["GET"]}}],"collection":[{"href":"https:\/\/hotsmoke.shop\/en\/wp-json\/wp\/v2\/pages"}],"about":[{"href":"https:\/\/hotsmoke.shop\/en\/wp-json\/wp\/v2\/types\/page"}],"author":[{"embeddable":true,"href":"https:\/\/hotsmoke.shop\/en\/wp-json\/wp\/v2\/users\/17"}],"replies":[{"embeddable":true,"href":"https:\/\/hotsmoke.shop\/en\/wp-json\/wp\/v2\/comments?post=26731"}],"version-history":[{"count":0,"href":"https:\/\/hotsmoke.shop\/en\/wp-json\/wp\/v2\/pages\/26731\/revisions"}],"wp:attachment":[{"href":"https:\/\/hotsmoke.shop\/en\/wp-json\/wp\/v2\/media?parent=26731"}],"curies":[{"name":"WP","href":"https:\/\/api.w.org\/{rel}","templated":true}]}}