{"id":16990,"date":"2022-07-29T10:41:14","date_gmt":"2022-07-29T10:41:14","guid":{"rendered":"https:\/\/hotsmoke.shop\/?page_id=16990"},"modified":"2026-04-17T10:20:17","modified_gmt":"2026-04-17T10:20:17","slug":"cbd-oil","status":"publish","type":"page","link":"https:\/\/hotsmoke.shop\/en\/cbd-aliejus\/","title":{"rendered":"CBD Oil"},"content":{"rendered":"","protected":false},"excerpt":{"rendered":"","protected":false},"author":17,"featured_media":42245,"parent":0,"menu_order":0,"comment_status":"closed","ping_status":"closed","template":"page-info-section-with-products.php","meta":{"_acf_changed":false,"inline_featured_image":false,"footnotes":""},"class_list":["post-16990","page","type-page","status-publish","has-post-thumbnail","hentry"],"acf":[],"yoast_head":"<!-- This site is optimized with the Yoast SEO Premium plugin v21.8 (Yoast SEO v27.4) - https:\/\/yoast.com\/product\/yoast-seo-premium-wordpress\/ -->\n<title>CBD aliejus | Viskas apie kokybi\u0161kus kanapi\u0173 ekstraktus<\/title>\n<meta name=\"description\" content=\"Su\u017einokite visk\u0105 apie CBD aliej\u0173: nuo pilno spektro iki gryniausi\u0173 ekstrakt\u0173. 6 met\u0173 patirtis, laboratorijoje patikrinta kokyb\u0117 ir skaidrum\u0105.\" \/>\n<meta name=\"robots\" content=\"index, follow, max-snippet:-1, max-image-preview:large, max-video-preview:-1\" \/>\n<link rel=\"canonical\" href=\"https:\/\/hotsmoke.shop\/en\/cbd-oil\/\" \/>\n<meta property=\"og:locale\" content=\"en_US\" \/>\n<meta property=\"og:type\" content=\"article\" \/>\n<meta property=\"og:title\" content=\"CBD Aliejus\" \/>\n<meta property=\"og:description\" content=\"Su\u017einokite visk\u0105 apie CBD aliej\u0173: nuo pilno spektro iki gryniausi\u0173 ekstrakt\u0173. 6 met\u0173 patirtis, laboratorijoje patikrinta kokyb\u0117 ir skaidrum\u0105.\" \/>\n<meta property=\"og:url\" content=\"https:\/\/hotsmoke.shop\/en\/cbd-oil\/\" \/>\n<meta property=\"og:site_name\" content=\"HotSmoke\" \/>\n<meta property=\"article:publisher\" content=\"https:\/\/www.facebook.com\/hotsmoke.shop\" \/>\n<meta property=\"article:modified_time\" content=\"2026-04-17T10:20:17+00:00\" \/>\n<meta property=\"og:image\" content=\"https:\/\/hotsmoke.shop\/wp-content\/uploads\/2026\/03\/Group-513269.png\" \/>\n\t<meta property=\"og:image:width\" content=\"851\" \/>\n\t<meta property=\"og:image:height\" content=\"701\" \/>\n\t<meta property=\"og:image:type\" content=\"image\/png\" \/>\n<meta name=\"twitter:card\" content=\"summary_large_image\" \/>\n<meta name=\"twitter:site\" content=\"@HotSmokeoffici1\" \/>\n<meta name=\"twitter:label1\" content=\"Est. reading time\" \/>\n\t<meta name=\"twitter:data1\" content=\"3 minutes\" \/>\n<script type=\"application\/ld+json\" class=\"yoast-schema-graph\">{\"@context\":\"https:\\\/\\\/schema.org\",\"@graph\":[{\"@type\":\"Article\",\"@id\":\"https:\\\/\\\/hotsmoke.shop\\\/cbd-aliejus\\\/#article\",\"isPartOf\":{\"@id\":\"https:\\\/\\\/hotsmoke.shop\\\/cbd-aliejus\\\/\"},\"author\":{\"name\":\"Laurynas\",\"@id\":\"https:\\\/\\\/hotsmoke.shop\\\/#\\\/schema\\\/person\\\/85489b641c210ec72dec54ca8210de34\"},\"headline\":\"CBD Aliejus\",\"datePublished\":\"2022-07-29T10:41:14+00:00\",\"dateModified\":\"2026-04-17T10:20:17+00:00\",\"mainEntityOfPage\":{\"@id\":\"https:\\\/\\\/hotsmoke.shop\\\/cbd-aliejus\\\/\"},\"wordCount\":2,\"publisher\":{\"@id\":\"https:\\\/\\\/hotsmoke.shop\\\/#organization\"},\"image\":{\"@id\":\"https:\\\/\\\/hotsmoke.shop\\\/cbd-aliejus\\\/#primaryimage\"},\"thumbnailUrl\":\"https:\\\/\\\/hotsmoke.shop\\\/wp-content\\\/uploads\\\/2026\\\/03\\\/Group-513269.png\",\"inLanguage\":\"en-US\"},{\"@type\":[\"WebPage\",\"SearchResultsPage\"],\"@id\":\"https:\\\/\\\/hotsmoke.shop\\\/cbd-aliejus\\\/\",\"url\":\"https:\\\/\\\/hotsmoke.shop\\\/cbd-aliejus\\\/\",\"name\":\"CBD aliejus | Viskas apie kokybi\u0161kus kanapi\u0173 ekstraktus\",\"isPartOf\":{\"@id\":\"https:\\\/\\\/hotsmoke.shop\\\/#website\"},\"primaryImageOfPage\":{\"@id\":\"https:\\\/\\\/hotsmoke.shop\\\/cbd-aliejus\\\/#primaryimage\"},\"image\":{\"@id\":\"https:\\\/\\\/hotsmoke.shop\\\/cbd-aliejus\\\/#primaryimage\"},\"thumbnailUrl\":\"https:\\\/\\\/hotsmoke.shop\\\/wp-content\\\/uploads\\\/2026\\\/03\\\/Group-513269.png\",\"datePublished\":\"2022-07-29T10:41:14+00:00\",\"dateModified\":\"2026-04-17T10:20:17+00:00\",\"description\":\"Su\u017einokite visk\u0105 apie CBD aliej\u0173: nuo pilno spektro iki gryniausi\u0173 ekstrakt\u0173. 6 met\u0173 patirtis, laboratorijoje patikrinta kokyb\u0117 ir skaidrum\u0105.\",\"breadcrumb\":{\"@id\":\"https:\\\/\\\/hotsmoke.shop\\\/cbd-aliejus\\\/#breadcrumb\"},\"inLanguage\":\"en-US\",\"potentialAction\":[{\"@type\":\"ReadAction\",\"target\":[\"https:\\\/\\\/hotsmoke.shop\\\/cbd-aliejus\\\/\"]}]},{\"@type\":\"ImageObject\",\"inLanguage\":\"en-US\",\"@id\":\"https:\\\/\\\/hotsmoke.shop\\\/cbd-aliejus\\\/#primaryimage\",\"url\":\"https:\\\/\\\/hotsmoke.shop\\\/wp-content\\\/uploads\\\/2026\\\/03\\\/Group-513269.png\",\"contentUrl\":\"https:\\\/\\\/hotsmoke.shop\\\/wp-content\\\/uploads\\\/2026\\\/03\\\/Group-513269.png\",\"width\":851,\"height\":701,\"caption\":\"cbd aliejus\"},{\"@type\":\"BreadcrumbList\",\"@id\":\"https:\\\/\\\/hotsmoke.shop\\\/cbd-aliejus\\\/#breadcrumb\",\"itemListElement\":[{\"@type\":\"ListItem\",\"position\":1,\"name\":\"Home\",\"item\":\"https:\\\/\\\/hotsmoke.shop\\\/\"},{\"@type\":\"ListItem\",\"position\":2,\"name\":\"CBD Aliejus\"}]},{\"@type\":\"WebSite\",\"@id\":\"https:\\\/\\\/hotsmoke.shop\\\/#website\",\"url\":\"https:\\\/\\\/hotsmoke.shop\\\/\",\"name\":\"HotSmoke CBD\",\"description\":\"CBD Produktai Lietuvoje | Premium Aliejus ir \u017diedai | HotSmoke\",\"publisher\":{\"@id\":\"https:\\\/\\\/hotsmoke.shop\\\/#organization\"},\"potentialAction\":[{\"@type\":\"SearchAction\",\"target\":{\"@type\":\"EntryPoint\",\"urlTemplate\":\"https:\\\/\\\/hotsmoke.shop\\\/?s={search_term_string}\"},\"query-input\":{\"@type\":\"PropertyValueSpecification\",\"valueRequired\":true,\"valueName\":\"search_term_string\"}}],\"inLanguage\":\"en-US\"},{\"@type\":[\"Organization\",\"Place\"],\"@id\":\"https:\\\/\\\/hotsmoke.shop\\\/#organization\",\"name\":\"Hotsmoke | CBD line\",\"url\":\"https:\\\/\\\/hotsmoke.shop\\\/\",\"logo\":{\"@id\":\"https:\\\/\\\/hotsmoke.shop\\\/cbd-aliejus\\\/#local-main-organization-logo\"},\"image\":{\"@id\":\"https:\\\/\\\/hotsmoke.shop\\\/cbd-aliejus\\\/#local-main-organization-logo\"},\"sameAs\":[\"https:\\\/\\\/www.facebook.com\\\/hotsmoke.shop\",\"https:\\\/\\\/x.com\\\/HotSmokeoffici1\"],\"publishingPrinciples\":\"https:\\\/\\\/hotsmoke.shop\\\/apie-mus\\\/\",\"ownershipFundingInfo\":\"https:\\\/\\\/hotsmoke.shop\\\/teises-ir-isipareigojimai\\\/\",\"actionableFeedbackPolicy\":\"https:\\\/\\\/hotsmoke.shop\\\/teises-ir-isipareigojimai\\\/\",\"correctionsPolicy\":\"https:\\\/\\\/hotsmoke.shop\\\/teises-ir-isipareigojimai\\\/\",\"ethicsPolicy\":\"https:\\\/\\\/hotsmoke.shop\\\/pristatymas-ir-taisykles\\\/\",\"diversityPolicy\":\"https:\\\/\\\/hotsmoke.shop\\\/garantijos-ir-grazinimas\\\/\",\"diversityStaffingReport\":\"https:\\\/\\\/hotsmoke.shop\\\/teises-ir-isipareigojimai\\\/\",\"openingHoursSpecification\":[{\"@type\":\"OpeningHoursSpecification\",\"dayOfWeek\":[\"Monday\",\"Tuesday\",\"Wednesday\",\"Thursday\",\"Friday\",\"Saturday\",\"Sunday\"],\"opens\":\"09:00\",\"closes\":\"17:00\"}]},{\"@type\":\"Person\",\"@id\":\"https:\\\/\\\/hotsmoke.shop\\\/#\\\/schema\\\/person\\\/85489b641c210ec72dec54ca8210de34\",\"name\":\"Laurynas\",\"image\":{\"@type\":\"ImageObject\",\"inLanguage\":\"en-US\",\"@id\":\"https:\\\/\\\/secure.gravatar.com\\\/avatar\\\/2d8022cdc741aa127e0da814cc6d175ecccdb887d6a2a5c4d432f4d34b078a0c?s=96&d=mm&r=g\",\"url\":\"https:\\\/\\\/secure.gravatar.com\\\/avatar\\\/2d8022cdc741aa127e0da814cc6d175ecccdb887d6a2a5c4d432f4d34b078a0c?s=96&d=mm&r=g\",\"contentUrl\":\"https:\\\/\\\/secure.gravatar.com\\\/avatar\\\/2d8022cdc741aa127e0da814cc6d175ecccdb887d6a2a5c4d432f4d34b078a0c?s=96&d=mm&r=g\",\"caption\":\"Laurynas\"},\"url\":\"https:\\\/\\\/hotsmoke.shop\\\/en\\\/blogs\\\/author\\\/laurynas\\\/\"},{\"@type\":\"ImageObject\",\"inLanguage\":\"en-US\",\"@id\":\"https:\\\/\\\/hotsmoke.shop\\\/cbd-aliejus\\\/#local-main-organization-logo\",\"url\":\"https:\\\/\\\/hotsmoke.shop\\\/wp-content\\\/uploads\\\/2026\\\/03\\\/Group-5-1.png\",\"contentUrl\":\"https:\\\/\\\/hotsmoke.shop\\\/wp-content\\\/uploads\\\/2026\\\/03\\\/Group-5-1.png\",\"width\":566,\"height\":73,\"caption\":\"Hotsmoke | CBD line\"}]}<\/script>\n<!-- \/ Yoast SEO Premium plugin. -->","yoast_head_json":{"title":"CBD oil | All about quality hemp extracts","description":"Learn all about CBD oil: from full spectrum to the purest extracts. 6 years of experience, lab-tested quality, and transparency.","robots":{"index":"index","follow":"follow","max-snippet":"max-snippet:-1","max-image-preview":"max-image-preview:large","max-video-preview":"max-video-preview:-1"},"canonical":"https:\/\/hotsmoke.shop\/en\/cbd-oil\/","og_locale":"en_US","og_type":"article","og_title":"CBD Aliejus","og_description":"Su\u017einokite visk\u0105 apie CBD aliej\u0173: nuo pilno spektro iki gryniausi\u0173 ekstrakt\u0173. 6 met\u0173 patirtis, laboratorijoje patikrinta kokyb\u0117 ir skaidrum\u0105.","og_url":"https:\/\/hotsmoke.shop\/en\/cbd-oil\/","og_site_name":"HotSmoke","article_publisher":"https:\/\/www.facebook.com\/hotsmoke.shop","article_modified_time":"2026-04-17T10:20:17+00:00","og_image":[{"width":851,"height":701,"url":"https:\/\/hotsmoke.shop\/wp-content\/uploads\/2026\/03\/Group-513269.png","type":"image\/png"}],"twitter_card":"summary_large_image","twitter_site":"@HotSmokeoffici1","twitter_misc":{"Est. reading time":"3 minutes"},"schema":{"@context":"https:\/\/schema.org","@graph":[{"@type":"Article","@id":"https:\/\/hotsmoke.shop\/cbd-aliejus\/#article","isPartOf":{"@id":"https:\/\/hotsmoke.shop\/cbd-aliejus\/"},"author":{"name":"Laurynas","@id":"https:\/\/hotsmoke.shop\/#\/schema\/person\/85489b641c210ec72dec54ca8210de34"},"headline":"CBD Aliejus","datePublished":"2022-07-29T10:41:14+00:00","dateModified":"2026-04-17T10:20:17+00:00","mainEntityOfPage":{"@id":"https:\/\/hotsmoke.shop\/cbd-aliejus\/"},"wordCount":2,"publisher":{"@id":"https:\/\/hotsmoke.shop\/#organization"},"image":{"@id":"https:\/\/hotsmoke.shop\/cbd-aliejus\/#primaryimage"},"thumbnailUrl":"https:\/\/hotsmoke.shop\/wp-content\/uploads\/2026\/03\/Group-513269.png","inLanguage":"en-US"},{"@type":["WebPage","SearchResultsPage"],"@id":"https:\/\/hotsmoke.shop\/cbd-aliejus\/","url":"https:\/\/hotsmoke.shop\/cbd-aliejus\/","name":"CBD oil | All about quality hemp extracts","isPartOf":{"@id":"https:\/\/hotsmoke.shop\/#website"},"primaryImageOfPage":{"@id":"https:\/\/hotsmoke.shop\/cbd-aliejus\/#primaryimage"},"image":{"@id":"https:\/\/hotsmoke.shop\/cbd-aliejus\/#primaryimage"},"thumbnailUrl":"https:\/\/hotsmoke.shop\/wp-content\/uploads\/2026\/03\/Group-513269.png","datePublished":"2022-07-29T10:41:14+00:00","dateModified":"2026-04-17T10:20:17+00:00","description":"Learn all about CBD oil: from full spectrum to the purest extracts. 6 years of experience, lab-tested quality, and transparency.","breadcrumb":{"@id":"https:\/\/hotsmoke.shop\/cbd-aliejus\/#breadcrumb"},"inLanguage":"en-US","potentialAction":[{"@type":"ReadAction","target":["https:\/\/hotsmoke.shop\/cbd-aliejus\/"]}]},{"@type":"ImageObject","inLanguage":"en-US","@id":"https:\/\/hotsmoke.shop\/cbd-aliejus\/#primaryimage","url":"https:\/\/hotsmoke.shop\/wp-content\/uploads\/2026\/03\/Group-513269.png","contentUrl":"https:\/\/hotsmoke.shop\/wp-content\/uploads\/2026\/03\/Group-513269.png","width":851,"height":701,"caption":"cbd aliejus"},{"@type":"BreadcrumbList","@id":"https:\/\/hotsmoke.shop\/cbd-aliejus\/#breadcrumb","itemListElement":[{"@type":"ListItem","position":1,"name":"Home","item":"https:\/\/hotsmoke.shop\/"},{"@type":"ListItem","position":2,"name":"CBD Aliejus"}]},{"@type":"WebSite","@id":"https:\/\/hotsmoke.shop\/#website","url":"https:\/\/hotsmoke.shop\/","name":"HotSmoke CBD","description":"CBD Products in United Kingdom | Premium Oils and Blossoms | HotSmoke","publisher":{"@id":"https:\/\/hotsmoke.shop\/#organization"},"potentialAction":[{"@type":"SearchAction","target":{"@type":"EntryPoint","urlTemplate":"https:\/\/hotsmoke.shop\/?s={search_term_string}"},"query-input":{"@type":"PropertyValueSpecification","valueRequired":true,"valueName":"search_term_string"}}],"inLanguage":"en-US"},{"@type":["Organization","Place"],"@id":"https:\/\/hotsmoke.shop\/#organization","name":"Hotsmoke | CBD line","url":"https:\/\/hotsmoke.shop\/","logo":{"@id":"https:\/\/hotsmoke.shop\/cbd-aliejus\/#local-main-organization-logo"},"image":{"@id":"https:\/\/hotsmoke.shop\/cbd-aliejus\/#local-main-organization-logo"},"sameAs":["https:\/\/www.facebook.com\/hotsmoke.shop","https:\/\/x.com\/HotSmokeoffici1"],"publishingPrinciples":"https:\/\/hotsmoke.shop\/apie-mus\/","ownershipFundingInfo":"https:\/\/hotsmoke.shop\/teises-ir-isipareigojimai\/","actionableFeedbackPolicy":"https:\/\/hotsmoke.shop\/teises-ir-isipareigojimai\/","correctionsPolicy":"https:\/\/hotsmoke.shop\/teises-ir-isipareigojimai\/","ethicsPolicy":"https:\/\/hotsmoke.shop\/pristatymas-ir-taisykles\/","diversityPolicy":"https:\/\/hotsmoke.shop\/garantijos-ir-grazinimas\/","diversityStaffingReport":"https:\/\/hotsmoke.shop\/teises-ir-isipareigojimai\/","openingHoursSpecification":[{"@type":"OpeningHoursSpecification","dayOfWeek":["Monday","Tuesday","Wednesday","Thursday","Friday","Saturday","Sunday"],"opens":"09:00","closes":"17:00"}]},{"@type":"Person","@id":"https:\/\/hotsmoke.shop\/#\/schema\/person\/85489b641c210ec72dec54ca8210de34","name":"Laurynas","image":{"@type":"ImageObject","inLanguage":"en-US","@id":"https:\/\/secure.gravatar.com\/avatar\/2d8022cdc741aa127e0da814cc6d175ecccdb887d6a2a5c4d432f4d34b078a0c?s=96&d=mm&r=g","url":"https:\/\/secure.gravatar.com\/avatar\/2d8022cdc741aa127e0da814cc6d175ecccdb887d6a2a5c4d432f4d34b078a0c?s=96&d=mm&r=g","contentUrl":"https:\/\/secure.gravatar.com\/avatar\/2d8022cdc741aa127e0da814cc6d175ecccdb887d6a2a5c4d432f4d34b078a0c?s=96&d=mm&r=g","caption":"Laurynas"},"url":"https:\/\/hotsmoke.shop\/en\/blogs\/author\/laurynas\/"},{"@type":"ImageObject","inLanguage":"en-US","@id":"https:\/\/hotsmoke.shop\/cbd-aliejus\/#local-main-organization-logo","url":"https:\/\/hotsmoke.shop\/wp-content\/uploads\/2026\/03\/Group-5-1.png","contentUrl":"https:\/\/hotsmoke.shop\/wp-content\/uploads\/2026\/03\/Group-5-1.png","width":566,"height":73,"caption":"Hotsmoke | CBD line"}]}},"_links":{"self":[{"href":"https:\/\/hotsmoke.shop\/en\/wp-json\/wp\/v2\/pages\/16990","targetHints":{"allow":["GET"]}}],"collection":[{"href":"https:\/\/hotsmoke.shop\/en\/wp-json\/wp\/v2\/pages"}],"about":[{"href":"https:\/\/hotsmoke.shop\/en\/wp-json\/wp\/v2\/types\/page"}],"author":[{"embeddable":true,"href":"https:\/\/hotsmoke.shop\/en\/wp-json\/wp\/v2\/users\/17"}],"replies":[{"embeddable":true,"href":"https:\/\/hotsmoke.shop\/en\/wp-json\/wp\/v2\/comments?post=16990"}],"version-history":[{"count":0,"href":"https:\/\/hotsmoke.shop\/en\/wp-json\/wp\/v2\/pages\/16990\/revisions"}],"wp:featuredmedia":[{"embeddable":true,"href":"https:\/\/hotsmoke.shop\/en\/wp-json\/wp\/v2\/media\/42245"}],"wp:attachment":[{"href":"https:\/\/hotsmoke.shop\/en\/wp-json\/wp\/v2\/media?parent=16990"}],"curies":[{"name":"WP","href":"https:\/\/api.w.org\/{rel}","templated":true}]}}