{"id":14584,"date":"2022-03-14T10:24:40","date_gmt":"2022-03-14T10:24:40","guid":{"rendered":"https:\/\/hotsmoke.shop\/?page_id=14584"},"modified":"2026-04-17T10:20:01","modified_gmt":"2026-04-17T10:20:01","slug":"cbd-for-ointments","status":"publish","type":"page","link":"https:\/\/hotsmoke.shop\/en\/cbd-ziedai\/","title":{"rendered":"CBD Rings"},"content":{"rendered":"","protected":false},"excerpt":{"rendered":"","protected":false},"author":1,"featured_media":42246,"parent":0,"menu_order":0,"comment_status":"closed","ping_status":"closed","template":"page-info-section-with-products.php","meta":{"_acf_changed":false,"inline_featured_image":false,"footnotes":""},"class_list":["post-14584","page","type-page","status-publish","has-post-thumbnail","hentry"],"acf":[],"yoast_head":"<!-- This site is optimized with the Yoast SEO Premium plugin v21.8 (Yoast SEO v27.4) - https:\/\/yoast.com\/product\/yoast-seo-premium-wordpress\/ -->\n<title>CBD \u017eiedai | Auk\u0161\u010diausios kokyb\u0117s kanapi\u0173 \u017eiedynai<\/title>\n<meta name=\"description\" content=\"Atraskite premium CBD \u017eiedus: nuo \u0160veicari\u0161k\u0173 Indoor iki saul\u0117t\u0173 Ispanijos \u017eiedyn\u0173. 6 met\u0173 patirtis, laboratorin\u0117 kontrol\u0117 ir &lt;0,2% THC.\" \/>\n<meta name=\"robots\" content=\"index, follow, max-snippet:-1, max-image-preview:large, max-video-preview:-1\" \/>\n<link rel=\"canonical\" href=\"https:\/\/hotsmoke.shop\/en\/cbd-for-ointments\/\" \/>\n<meta property=\"og:locale\" content=\"en_US\" \/>\n<meta property=\"og:type\" content=\"article\" \/>\n<meta property=\"og:title\" content=\"CBD \u017diedai\" \/>\n<meta property=\"og:description\" content=\"Atraskite premium CBD \u017eiedus: nuo \u0160veicari\u0161k\u0173 Indoor iki saul\u0117t\u0173 Ispanijos \u017eiedyn\u0173. 6 met\u0173 patirtis, laboratorin\u0117 kontrol\u0117 ir &lt;0,2% THC.\" \/>\n<meta property=\"og:url\" content=\"https:\/\/hotsmoke.shop\/en\/cbd-for-ointments\/\" \/>\n<meta property=\"og:site_name\" content=\"HotSmoke\" \/>\n<meta property=\"article:publisher\" content=\"https:\/\/www.facebook.com\/hotsmoke.shop\" \/>\n<meta property=\"article:modified_time\" content=\"2026-04-17T10:20:01+00:00\" \/>\n<meta property=\"og:image\" content=\"https:\/\/hotsmoke.shop\/wp-content\/uploads\/2026\/03\/Group-513252.png\" \/>\n\t<meta property=\"og:image:width\" content=\"851\" \/>\n\t<meta property=\"og:image:height\" content=\"701\" \/>\n\t<meta property=\"og:image:type\" content=\"image\/png\" \/>\n<meta name=\"twitter:card\" content=\"summary_large_image\" \/>\n<meta name=\"twitter:site\" content=\"@HotSmokeoffici1\" \/>\n<meta name=\"twitter:label1\" content=\"Est. reading time\" \/>\n\t<meta name=\"twitter:data1\" content=\"3 minutes\" \/>\n<script type=\"application\/ld+json\" class=\"yoast-schema-graph\">{\"@context\":\"https:\\\/\\\/schema.org\",\"@graph\":[{\"@type\":\"Article\",\"@id\":\"https:\\\/\\\/hotsmoke.shop\\\/cbd-ziedai\\\/#article\",\"isPartOf\":{\"@id\":\"https:\\\/\\\/hotsmoke.shop\\\/cbd-ziedai\\\/\"},\"author\":{\"name\":\"hotsmoke\",\"@id\":\"https:\\\/\\\/hotsmoke.shop\\\/#\\\/schema\\\/person\\\/d82184a65da787efdcf57f02f125ed38\"},\"headline\":\"CBD \u017diedai\",\"datePublished\":\"2022-03-14T10:24:40+00:00\",\"dateModified\":\"2026-04-17T10:20:01+00:00\",\"mainEntityOfPage\":{\"@id\":\"https:\\\/\\\/hotsmoke.shop\\\/cbd-ziedai\\\/\"},\"wordCount\":2,\"publisher\":{\"@id\":\"https:\\\/\\\/hotsmoke.shop\\\/#organization\"},\"image\":{\"@id\":\"https:\\\/\\\/hotsmoke.shop\\\/cbd-ziedai\\\/#primaryimage\"},\"thumbnailUrl\":\"https:\\\/\\\/hotsmoke.shop\\\/wp-content\\\/uploads\\\/2026\\\/03\\\/Group-513252.png\",\"inLanguage\":\"en-US\"},{\"@type\":\"WebPage\",\"@id\":\"https:\\\/\\\/hotsmoke.shop\\\/cbd-ziedai\\\/\",\"url\":\"https:\\\/\\\/hotsmoke.shop\\\/cbd-ziedai\\\/\",\"name\":\"CBD \u017eiedai | Auk\u0161\u010diausios kokyb\u0117s kanapi\u0173 \u017eiedynai\",\"isPartOf\":{\"@id\":\"https:\\\/\\\/hotsmoke.shop\\\/#website\"},\"primaryImageOfPage\":{\"@id\":\"https:\\\/\\\/hotsmoke.shop\\\/cbd-ziedai\\\/#primaryimage\"},\"image\":{\"@id\":\"https:\\\/\\\/hotsmoke.shop\\\/cbd-ziedai\\\/#primaryimage\"},\"thumbnailUrl\":\"https:\\\/\\\/hotsmoke.shop\\\/wp-content\\\/uploads\\\/2026\\\/03\\\/Group-513252.png\",\"datePublished\":\"2022-03-14T10:24:40+00:00\",\"dateModified\":\"2026-04-17T10:20:01+00:00\",\"description\":\"Atraskite premium CBD \u017eiedus: nuo \u0160veicari\u0161k\u0173 Indoor iki saul\u0117t\u0173 Ispanijos \u017eiedyn\u0173. 6 met\u0173 patirtis, laboratorin\u0117 kontrol\u0117 ir &lt;0,2% THC.\",\"breadcrumb\":{\"@id\":\"https:\\\/\\\/hotsmoke.shop\\\/cbd-ziedai\\\/#breadcrumb\"},\"inLanguage\":\"en-US\",\"potentialAction\":[{\"@type\":\"ReadAction\",\"target\":[\"https:\\\/\\\/hotsmoke.shop\\\/cbd-ziedai\\\/\"]}]},{\"@type\":\"ImageObject\",\"inLanguage\":\"en-US\",\"@id\":\"https:\\\/\\\/hotsmoke.shop\\\/cbd-ziedai\\\/#primaryimage\",\"url\":\"https:\\\/\\\/hotsmoke.shop\\\/wp-content\\\/uploads\\\/2026\\\/03\\\/Group-513252.png\",\"contentUrl\":\"https:\\\/\\\/hotsmoke.shop\\\/wp-content\\\/uploads\\\/2026\\\/03\\\/Group-513252.png\",\"width\":851,\"height\":701,\"caption\":\"cbd \u017eiedai\"},{\"@type\":\"BreadcrumbList\",\"@id\":\"https:\\\/\\\/hotsmoke.shop\\\/cbd-ziedai\\\/#breadcrumb\",\"itemListElement\":[{\"@type\":\"ListItem\",\"position\":1,\"name\":\"Home\",\"item\":\"https:\\\/\\\/hotsmoke.shop\\\/\"},{\"@type\":\"ListItem\",\"position\":2,\"name\":\"CBD \u017diedai\"}]},{\"@type\":\"WebSite\",\"@id\":\"https:\\\/\\\/hotsmoke.shop\\\/#website\",\"url\":\"https:\\\/\\\/hotsmoke.shop\\\/\",\"name\":\"HotSmoke CBD\",\"description\":\"CBD Produktai Lietuvoje | Premium Aliejus ir \u017diedai | HotSmoke\",\"publisher\":{\"@id\":\"https:\\\/\\\/hotsmoke.shop\\\/#organization\"},\"potentialAction\":[{\"@type\":\"SearchAction\",\"target\":{\"@type\":\"EntryPoint\",\"urlTemplate\":\"https:\\\/\\\/hotsmoke.shop\\\/?s={search_term_string}\"},\"query-input\":{\"@type\":\"PropertyValueSpecification\",\"valueRequired\":true,\"valueName\":\"search_term_string\"}}],\"inLanguage\":\"en-US\"},{\"@type\":[\"Organization\",\"Place\"],\"@id\":\"https:\\\/\\\/hotsmoke.shop\\\/#organization\",\"name\":\"Hotsmoke | CBD line\",\"url\":\"https:\\\/\\\/hotsmoke.shop\\\/\",\"logo\":{\"@id\":\"https:\\\/\\\/hotsmoke.shop\\\/cbd-ziedai\\\/#local-main-organization-logo\"},\"image\":{\"@id\":\"https:\\\/\\\/hotsmoke.shop\\\/cbd-ziedai\\\/#local-main-organization-logo\"},\"sameAs\":[\"https:\\\/\\\/www.facebook.com\\\/hotsmoke.shop\",\"https:\\\/\\\/x.com\\\/HotSmokeoffici1\"],\"publishingPrinciples\":\"https:\\\/\\\/hotsmoke.shop\\\/apie-mus\\\/\",\"ownershipFundingInfo\":\"https:\\\/\\\/hotsmoke.shop\\\/teises-ir-isipareigojimai\\\/\",\"actionableFeedbackPolicy\":\"https:\\\/\\\/hotsmoke.shop\\\/teises-ir-isipareigojimai\\\/\",\"correctionsPolicy\":\"https:\\\/\\\/hotsmoke.shop\\\/teises-ir-isipareigojimai\\\/\",\"ethicsPolicy\":\"https:\\\/\\\/hotsmoke.shop\\\/pristatymas-ir-taisykles\\\/\",\"diversityPolicy\":\"https:\\\/\\\/hotsmoke.shop\\\/garantijos-ir-grazinimas\\\/\",\"diversityStaffingReport\":\"https:\\\/\\\/hotsmoke.shop\\\/teises-ir-isipareigojimai\\\/\",\"openingHoursSpecification\":[{\"@type\":\"OpeningHoursSpecification\",\"dayOfWeek\":[\"Monday\",\"Tuesday\",\"Wednesday\",\"Thursday\",\"Friday\",\"Saturday\",\"Sunday\"],\"opens\":\"09:00\",\"closes\":\"17:00\"}]},{\"@type\":\"Person\",\"@id\":\"https:\\\/\\\/hotsmoke.shop\\\/#\\\/schema\\\/person\\\/d82184a65da787efdcf57f02f125ed38\",\"name\":\"hotsmoke\",\"image\":{\"@type\":\"ImageObject\",\"inLanguage\":\"en-US\",\"@id\":\"https:\\\/\\\/hotsmoke.shop\\\/wp-content\\\/uploads\\\/nsl_avatars\\\/1fb25517de3291030517078cd2ab5721-100x100.jpg\",\"url\":\"https:\\\/\\\/hotsmoke.shop\\\/wp-content\\\/uploads\\\/nsl_avatars\\\/1fb25517de3291030517078cd2ab5721-100x100.jpg\",\"contentUrl\":\"https:\\\/\\\/hotsmoke.shop\\\/wp-content\\\/uploads\\\/nsl_avatars\\\/1fb25517de3291030517078cd2ab5721-100x100.jpg\",\"caption\":\"hotsmoke\"},\"sameAs\":[\"https:\\\/\\\/hotsmoke.shop\"],\"url\":\"https:\\\/\\\/hotsmoke.shop\\\/en\\\/blogs\\\/author\\\/hotsmoke\\\/\"},{\"@type\":\"ImageObject\",\"inLanguage\":\"en-US\",\"@id\":\"https:\\\/\\\/hotsmoke.shop\\\/cbd-ziedai\\\/#local-main-organization-logo\",\"url\":\"https:\\\/\\\/hotsmoke.shop\\\/wp-content\\\/uploads\\\/2026\\\/03\\\/Group-5-1.png\",\"contentUrl\":\"https:\\\/\\\/hotsmoke.shop\\\/wp-content\\\/uploads\\\/2026\\\/03\\\/Group-5-1.png\",\"width\":566,\"height\":73,\"caption\":\"Hotsmoke | CBD line\"}]}<\/script>\n<!-- \/ Yoast SEO Premium plugin. -->","yoast_head_json":{"title":"CBD Buds | Premium Hemp Flowers","description":"Discover premium CBD flowers: from Swiss Indoor to sunny Spanish blossoms. 6 years of experience, laboratory control, and &lt;0.2%% THC.","robots":{"index":"index","follow":"follow","max-snippet":"max-snippet:-1","max-image-preview":"max-image-preview:large","max-video-preview":"max-video-preview:-1"},"canonical":"https:\/\/hotsmoke.shop\/en\/cbd-for-ointments\/","og_locale":"en_US","og_type":"article","og_title":"CBD \u017diedai","og_description":"Atraskite premium CBD \u017eiedus: nuo \u0160veicari\u0161k\u0173 Indoor iki saul\u0117t\u0173 Ispanijos \u017eiedyn\u0173. 6 met\u0173 patirtis, laboratorin\u0117 kontrol\u0117 ir &lt;0,2% THC.","og_url":"https:\/\/hotsmoke.shop\/en\/cbd-for-ointments\/","og_site_name":"HotSmoke","article_publisher":"https:\/\/www.facebook.com\/hotsmoke.shop","article_modified_time":"2026-04-17T10:20:01+00:00","og_image":[{"width":851,"height":701,"url":"https:\/\/hotsmoke.shop\/wp-content\/uploads\/2026\/03\/Group-513252.png","type":"image\/png"}],"twitter_card":"summary_large_image","twitter_site":"@HotSmokeoffici1","twitter_misc":{"Est. reading time":"3 minutes"},"schema":{"@context":"https:\/\/schema.org","@graph":[{"@type":"Article","@id":"https:\/\/hotsmoke.shop\/cbd-ziedai\/#article","isPartOf":{"@id":"https:\/\/hotsmoke.shop\/cbd-ziedai\/"},"author":{"name":"hotsmoke","@id":"https:\/\/hotsmoke.shop\/#\/schema\/person\/d82184a65da787efdcf57f02f125ed38"},"headline":"CBD \u017diedai","datePublished":"2022-03-14T10:24:40+00:00","dateModified":"2026-04-17T10:20:01+00:00","mainEntityOfPage":{"@id":"https:\/\/hotsmoke.shop\/cbd-ziedai\/"},"wordCount":2,"publisher":{"@id":"https:\/\/hotsmoke.shop\/#organization"},"image":{"@id":"https:\/\/hotsmoke.shop\/cbd-ziedai\/#primaryimage"},"thumbnailUrl":"https:\/\/hotsmoke.shop\/wp-content\/uploads\/2026\/03\/Group-513252.png","inLanguage":"en-US"},{"@type":"WebPage","@id":"https:\/\/hotsmoke.shop\/cbd-ziedai\/","url":"https:\/\/hotsmoke.shop\/cbd-ziedai\/","name":"CBD Buds | Premium Hemp Flowers","isPartOf":{"@id":"https:\/\/hotsmoke.shop\/#website"},"primaryImageOfPage":{"@id":"https:\/\/hotsmoke.shop\/cbd-ziedai\/#primaryimage"},"image":{"@id":"https:\/\/hotsmoke.shop\/cbd-ziedai\/#primaryimage"},"thumbnailUrl":"https:\/\/hotsmoke.shop\/wp-content\/uploads\/2026\/03\/Group-513252.png","datePublished":"2022-03-14T10:24:40+00:00","dateModified":"2026-04-17T10:20:01+00:00","description":"Discover premium CBD flowers: from Swiss Indoor to sunny Spanish blossoms. 6 years of experience, laboratory control, and &lt;0.2%% THC.","breadcrumb":{"@id":"https:\/\/hotsmoke.shop\/cbd-ziedai\/#breadcrumb"},"inLanguage":"en-US","potentialAction":[{"@type":"ReadAction","target":["https:\/\/hotsmoke.shop\/cbd-ziedai\/"]}]},{"@type":"ImageObject","inLanguage":"en-US","@id":"https:\/\/hotsmoke.shop\/cbd-ziedai\/#primaryimage","url":"https:\/\/hotsmoke.shop\/wp-content\/uploads\/2026\/03\/Group-513252.png","contentUrl":"https:\/\/hotsmoke.shop\/wp-content\/uploads\/2026\/03\/Group-513252.png","width":851,"height":701,"caption":"cbd \u017eiedai"},{"@type":"BreadcrumbList","@id":"https:\/\/hotsmoke.shop\/cbd-ziedai\/#breadcrumb","itemListElement":[{"@type":"ListItem","position":1,"name":"Home","item":"https:\/\/hotsmoke.shop\/"},{"@type":"ListItem","position":2,"name":"CBD \u017diedai"}]},{"@type":"WebSite","@id":"https:\/\/hotsmoke.shop\/#website","url":"https:\/\/hotsmoke.shop\/","name":"HotSmoke CBD","description":"CBD Products in United Kingdom | Premium Oils and Blossoms | HotSmoke","publisher":{"@id":"https:\/\/hotsmoke.shop\/#organization"},"potentialAction":[{"@type":"SearchAction","target":{"@type":"EntryPoint","urlTemplate":"https:\/\/hotsmoke.shop\/?s={search_term_string}"},"query-input":{"@type":"PropertyValueSpecification","valueRequired":true,"valueName":"search_term_string"}}],"inLanguage":"en-US"},{"@type":["Organization","Place"],"@id":"https:\/\/hotsmoke.shop\/#organization","name":"Hotsmoke | CBD line","url":"https:\/\/hotsmoke.shop\/","logo":{"@id":"https:\/\/hotsmoke.shop\/cbd-ziedai\/#local-main-organization-logo"},"image":{"@id":"https:\/\/hotsmoke.shop\/cbd-ziedai\/#local-main-organization-logo"},"sameAs":["https:\/\/www.facebook.com\/hotsmoke.shop","https:\/\/x.com\/HotSmokeoffici1"],"publishingPrinciples":"https:\/\/hotsmoke.shop\/apie-mus\/","ownershipFundingInfo":"https:\/\/hotsmoke.shop\/teises-ir-isipareigojimai\/","actionableFeedbackPolicy":"https:\/\/hotsmoke.shop\/teises-ir-isipareigojimai\/","correctionsPolicy":"https:\/\/hotsmoke.shop\/teises-ir-isipareigojimai\/","ethicsPolicy":"https:\/\/hotsmoke.shop\/pristatymas-ir-taisykles\/","diversityPolicy":"https:\/\/hotsmoke.shop\/garantijos-ir-grazinimas\/","diversityStaffingReport":"https:\/\/hotsmoke.shop\/teises-ir-isipareigojimai\/","openingHoursSpecification":[{"@type":"OpeningHoursSpecification","dayOfWeek":["Monday","Tuesday","Wednesday","Thursday","Friday","Saturday","Sunday"],"opens":"09:00","closes":"17:00"}]},{"@type":"Person","@id":"https:\/\/hotsmoke.shop\/#\/schema\/person\/d82184a65da787efdcf57f02f125ed38","name":"hotsmoke","image":{"@type":"ImageObject","inLanguage":"en-US","@id":"https:\/\/hotsmoke.shop\/wp-content\/uploads\/nsl_avatars\/1fb25517de3291030517078cd2ab5721-100x100.jpg","url":"https:\/\/hotsmoke.shop\/wp-content\/uploads\/nsl_avatars\/1fb25517de3291030517078cd2ab5721-100x100.jpg","contentUrl":"https:\/\/hotsmoke.shop\/wp-content\/uploads\/nsl_avatars\/1fb25517de3291030517078cd2ab5721-100x100.jpg","caption":"hotsmoke"},"sameAs":["https:\/\/hotsmoke.shop"],"url":"https:\/\/hotsmoke.shop\/en\/blogs\/author\/hotsmoke\/"},{"@type":"ImageObject","inLanguage":"en-US","@id":"https:\/\/hotsmoke.shop\/cbd-ziedai\/#local-main-organization-logo","url":"https:\/\/hotsmoke.shop\/wp-content\/uploads\/2026\/03\/Group-5-1.png","contentUrl":"https:\/\/hotsmoke.shop\/wp-content\/uploads\/2026\/03\/Group-5-1.png","width":566,"height":73,"caption":"Hotsmoke | CBD line"}]}},"_links":{"self":[{"href":"https:\/\/hotsmoke.shop\/en\/wp-json\/wp\/v2\/pages\/14584","targetHints":{"allow":["GET"]}}],"collection":[{"href":"https:\/\/hotsmoke.shop\/en\/wp-json\/wp\/v2\/pages"}],"about":[{"href":"https:\/\/hotsmoke.shop\/en\/wp-json\/wp\/v2\/types\/page"}],"author":[{"embeddable":true,"href":"https:\/\/hotsmoke.shop\/en\/wp-json\/wp\/v2\/users\/1"}],"replies":[{"embeddable":true,"href":"https:\/\/hotsmoke.shop\/en\/wp-json\/wp\/v2\/comments?post=14584"}],"version-history":[{"count":0,"href":"https:\/\/hotsmoke.shop\/en\/wp-json\/wp\/v2\/pages\/14584\/revisions"}],"wp:featuredmedia":[{"embeddable":true,"href":"https:\/\/hotsmoke.shop\/en\/wp-json\/wp\/v2\/media\/42246"}],"wp:attachment":[{"href":"https:\/\/hotsmoke.shop\/en\/wp-json\/wp\/v2\/media?parent=14584"}],"curies":[{"name":"WP","href":"https:\/\/api.w.org\/{rel}","templated":true}]}}