{"id":42642,"date":"2026-04-18T14:42:39","date_gmt":"2026-04-18T14:42:39","guid":{"rendered":"https:\/\/hotsmoke.shop\/?post_type=product&#038;p=42642"},"modified":"2026-04-21T06:17:46","modified_gmt":"2026-04-21T06:17:46","slug":"geschenkverpackung","status":"publish","type":"product","link":"https:\/\/hotsmoke.shop\/de\/parduotuve\/uncategorized\/dovanu-pakavimas\/","title":{"rendered":"Als Geschenk verpacken"},"content":{"rendered":"","protected":false},"excerpt":{"rendered":"","protected":false},"featured_media":21859,"comment_status":"closed","ping_status":"closed","template":"","meta":{"_acf_changed":false,"inline_featured_image":false},"product_brand":[],"product_cat":[16],"product_tag":[],"class_list":{"0":"post-42642","1":"product","2":"type-product","3":"status-publish","4":"has-post-thumbnail","6":"product_cat-uncategorized","8":"first","9":"instock","10":"shipping-taxable","11":"purchasable","12":"product-type-simple"},"acf":[],"yoast_head":"<!-- This site is optimized with the Yoast SEO Premium plugin v21.8 (Yoast SEO v27.4) - https:\/\/yoast.com\/product\/yoast-seo-premium-wordpress\/ -->\n<title>\u012epakuoti kaip dovan\u0105 - HotSmoke<\/title>\n<meta name=\"robots\" content=\"index, follow, max-snippet:-1, max-image-preview:large, max-video-preview:-1\" \/>\n<link rel=\"canonical\" href=\"https:\/\/hotsmoke.shop\/de\/parduotuve\/unkategorisiert\/geschenkverpackung\/\" \/>\n<meta property=\"og:locale\" content=\"de_DE\" \/>\n<meta property=\"og:type\" content=\"article\" \/>\n<meta property=\"og:title\" content=\"\u012epakuoti kaip dovan\u0105\" \/>\n<meta property=\"og:url\" content=\"https:\/\/hotsmoke.shop\/de\/parduotuve\/unkategorisiert\/geschenkverpackung\/\" \/>\n<meta property=\"og:site_name\" content=\"HotSmoke\" \/>\n<meta property=\"article:publisher\" content=\"https:\/\/www.facebook.com\/hotsmoke.shop\" \/>\n<meta property=\"article:modified_time\" content=\"2026-04-21T06:17:46+00:00\" \/>\n<meta property=\"og:image\" content=\"https:\/\/hotsmoke.shop\/wp-content\/uploads\/2026\/03\/image-1-3.png\" \/>\n\t<meta property=\"og:image:width\" content=\"1980\" \/>\n\t<meta property=\"og:image:height\" content=\"1097\" \/>\n\t<meta property=\"og:image:type\" content=\"image\/png\" \/>\n<meta name=\"twitter:card\" content=\"summary_large_image\" \/>\n<meta name=\"twitter:site\" content=\"@HotSmokeoffici1\" \/>\n<meta name=\"twitter:label1\" content=\"Preis\" \/>\n\t<meta name=\"twitter:data1\" content=\"6.00&euro;\" \/>\n\t<meta name=\"twitter:label2\" content=\"Availability\" \/>\n\t<meta name=\"twitter:data2\" content=\"In stock\" \/>\n<script type=\"application\/ld+json\" class=\"yoast-schema-graph\">{\"@context\":\"https:\\\/\\\/schema.org\",\"@graph\":[{\"@type\":\"WebPage\",\"@id\":\"https:\\\/\\\/hotsmoke.shop\\\/parduotuve\\\/uncategorized\\\/dovanu-pakavimas\\\/\",\"url\":\"https:\\\/\\\/hotsmoke.shop\\\/parduotuve\\\/uncategorized\\\/dovanu-pakavimas\\\/\",\"name\":\"\u012epakuoti kaip dovan\u0105 - HotSmoke\",\"isPartOf\":{\"@id\":\"https:\\\/\\\/hotsmoke.shop\\\/#website\"},\"primaryImageOfPage\":{\"@id\":\"https:\\\/\\\/hotsmoke.shop\\\/parduotuve\\\/uncategorized\\\/dovanu-pakavimas\\\/#primaryimage\"},\"image\":{\"@id\":\"https:\\\/\\\/hotsmoke.shop\\\/parduotuve\\\/uncategorized\\\/dovanu-pakavimas\\\/#primaryimage\"},\"thumbnailUrl\":\"https:\\\/\\\/hotsmoke.shop\\\/wp-content\\\/uploads\\\/2023\\\/05\\\/gift.svg\",\"datePublished\":\"2026-04-18T14:42:39+00:00\",\"dateModified\":\"2026-04-21T06:17:46+00:00\",\"breadcrumb\":{\"@id\":\"https:\\\/\\\/hotsmoke.shop\\\/parduotuve\\\/uncategorized\\\/dovanu-pakavimas\\\/#breadcrumb\"},\"inLanguage\":\"de\",\"potentialAction\":[{\"@type\":\"ReadAction\",\"target\":[\"https:\\\/\\\/hotsmoke.shop\\\/parduotuve\\\/uncategorized\\\/dovanu-pakavimas\\\/\"]}]},{\"@type\":\"ImageObject\",\"inLanguage\":\"de\",\"@id\":\"https:\\\/\\\/hotsmoke.shop\\\/parduotuve\\\/uncategorized\\\/dovanu-pakavimas\\\/#primaryimage\",\"url\":\"https:\\\/\\\/hotsmoke.shop\\\/wp-content\\\/uploads\\\/2023\\\/05\\\/gift.svg\",\"contentUrl\":\"https:\\\/\\\/hotsmoke.shop\\\/wp-content\\\/uploads\\\/2023\\\/05\\\/gift.svg\",\"width\":18,\"height\":18,\"caption\":\"dovana\"},{\"@type\":\"BreadcrumbList\",\"@id\":\"https:\\\/\\\/hotsmoke.shop\\\/parduotuve\\\/uncategorized\\\/dovanu-pakavimas\\\/#breadcrumb\",\"itemListElement\":[{\"@type\":\"ListItem\",\"position\":1,\"name\":\"Home\",\"item\":\"https:\\\/\\\/hotsmoke.shop\\\/\"},{\"@type\":\"ListItem\",\"position\":2,\"name\":\"CBD Parduotuv\u0117 | Premium Aliejai ir \u017diedai Internetu\",\"item\":\"https:\\\/\\\/hotsmoke.shop\\\/parduotuve\\\/\"},{\"@type\":\"ListItem\",\"position\":3,\"name\":\"\u012epakuoti kaip dovan\u0105\"}]},{\"@type\":\"WebSite\",\"@id\":\"https:\\\/\\\/hotsmoke.shop\\\/#website\",\"url\":\"https:\\\/\\\/hotsmoke.shop\\\/\",\"name\":\"HotSmoke CBD\",\"description\":\"CBD Produktai Lietuvoje | Premium Aliejus ir \u017diedai | HotSmoke\",\"publisher\":{\"@id\":\"https:\\\/\\\/hotsmoke.shop\\\/#organization\"},\"potentialAction\":[{\"@type\":\"SearchAction\",\"target\":{\"@type\":\"EntryPoint\",\"urlTemplate\":\"https:\\\/\\\/hotsmoke.shop\\\/?s={search_term_string}\"},\"query-input\":{\"@type\":\"PropertyValueSpecification\",\"valueRequired\":true,\"valueName\":\"search_term_string\"}}],\"inLanguage\":\"de\"},{\"@type\":[\"Organization\",\"Place\"],\"@id\":\"https:\\\/\\\/hotsmoke.shop\\\/#organization\",\"name\":\"Hotsmoke | CBD line\",\"url\":\"https:\\\/\\\/hotsmoke.shop\\\/\",\"logo\":{\"@id\":\"https:\\\/\\\/hotsmoke.shop\\\/parduotuve\\\/uncategorized\\\/dovanu-pakavimas\\\/#local-main-organization-logo\"},\"image\":{\"@id\":\"https:\\\/\\\/hotsmoke.shop\\\/parduotuve\\\/uncategorized\\\/dovanu-pakavimas\\\/#local-main-organization-logo\"},\"sameAs\":[\"https:\\\/\\\/www.facebook.com\\\/hotsmoke.shop\",\"https:\\\/\\\/x.com\\\/HotSmokeoffici1\"],\"publishingPrinciples\":\"https:\\\/\\\/hotsmoke.shop\\\/apie-mus\\\/\",\"ownershipFundingInfo\":\"https:\\\/\\\/hotsmoke.shop\\\/teises-ir-isipareigojimai\\\/\",\"actionableFeedbackPolicy\":\"https:\\\/\\\/hotsmoke.shop\\\/teises-ir-isipareigojimai\\\/\",\"correctionsPolicy\":\"https:\\\/\\\/hotsmoke.shop\\\/teises-ir-isipareigojimai\\\/\",\"ethicsPolicy\":\"https:\\\/\\\/hotsmoke.shop\\\/pristatymas-ir-taisykles\\\/\",\"diversityPolicy\":\"https:\\\/\\\/hotsmoke.shop\\\/garantijos-ir-grazinimas\\\/\",\"diversityStaffingReport\":\"https:\\\/\\\/hotsmoke.shop\\\/teises-ir-isipareigojimai\\\/\",\"openingHoursSpecification\":[{\"@type\":\"OpeningHoursSpecification\",\"dayOfWeek\":[\"Monday\",\"Tuesday\",\"Wednesday\",\"Thursday\",\"Friday\",\"Saturday\",\"Sunday\"],\"opens\":\"09:00\",\"closes\":\"17:00\"}]},{\"@type\":\"ImageObject\",\"inLanguage\":\"de\",\"@id\":\"https:\\\/\\\/hotsmoke.shop\\\/parduotuve\\\/uncategorized\\\/dovanu-pakavimas\\\/#local-main-organization-logo\",\"url\":\"https:\\\/\\\/hotsmoke.shop\\\/wp-content\\\/uploads\\\/2026\\\/03\\\/Group-5-1.png\",\"contentUrl\":\"https:\\\/\\\/hotsmoke.shop\\\/wp-content\\\/uploads\\\/2026\\\/03\\\/Group-5-1.png\",\"width\":566,\"height\":73,\"caption\":\"Hotsmoke | CBD line\"}]}<\/script>\n<!-- \/ Yoast SEO Premium plugin. -->","yoast_head_json":{"title":"Als Geschenk verpackt - HotSmoke","robots":{"index":"index","follow":"follow","max-snippet":"max-snippet:-1","max-image-preview":"max-image-preview:large","max-video-preview":"max-video-preview:-1"},"canonical":"https:\/\/hotsmoke.shop\/de\/parduotuve\/unkategorisiert\/geschenkverpackung\/","og_locale":"de_DE","og_type":"article","og_title":"\u012epakuoti kaip dovan\u0105","og_url":"https:\/\/hotsmoke.shop\/de\/parduotuve\/unkategorisiert\/geschenkverpackung\/","og_site_name":"HotSmoke","article_publisher":"https:\/\/www.facebook.com\/hotsmoke.shop","article_modified_time":"2026-04-21T06:17:46+00:00","og_image":[{"width":1980,"height":1097,"url":"https:\/\/hotsmoke.shop\/wp-content\/uploads\/2026\/03\/image-1-3.png","type":"image\/png"}],"twitter_card":"summary_large_image","twitter_site":"@HotSmokeoffici1","twitter_misc":{"Preis":"6.00&euro;","Availability":"In stock"},"schema":{"@context":"https:\/\/schema.org","@graph":[{"@type":"WebPage","@id":"https:\/\/hotsmoke.shop\/parduotuve\/uncategorized\/dovanu-pakavimas\/","url":"https:\/\/hotsmoke.shop\/parduotuve\/uncategorized\/dovanu-pakavimas\/","name":"Als Geschenk verpackt - HotSmoke","isPartOf":{"@id":"https:\/\/hotsmoke.shop\/#website"},"primaryImageOfPage":{"@id":"https:\/\/hotsmoke.shop\/parduotuve\/uncategorized\/dovanu-pakavimas\/#primaryimage"},"image":{"@id":"https:\/\/hotsmoke.shop\/parduotuve\/uncategorized\/dovanu-pakavimas\/#primaryimage"},"thumbnailUrl":"https:\/\/hotsmoke.shop\/wp-content\/uploads\/2023\/05\/gift.svg","datePublished":"2026-04-18T14:42:39+00:00","dateModified":"2026-04-21T06:17:46+00:00","breadcrumb":{"@id":"https:\/\/hotsmoke.shop\/parduotuve\/uncategorized\/dovanu-pakavimas\/#breadcrumb"},"inLanguage":"de","potentialAction":[{"@type":"ReadAction","target":["https:\/\/hotsmoke.shop\/parduotuve\/uncategorized\/dovanu-pakavimas\/"]}]},{"@type":"ImageObject","inLanguage":"de","@id":"https:\/\/hotsmoke.shop\/parduotuve\/uncategorized\/dovanu-pakavimas\/#primaryimage","url":"https:\/\/hotsmoke.shop\/wp-content\/uploads\/2023\/05\/gift.svg","contentUrl":"https:\/\/hotsmoke.shop\/wp-content\/uploads\/2023\/05\/gift.svg","width":18,"height":18,"caption":"dovana"},{"@type":"BreadcrumbList","@id":"https:\/\/hotsmoke.shop\/parduotuve\/uncategorized\/dovanu-pakavimas\/#breadcrumb","itemListElement":[{"@type":"ListItem","position":1,"name":"Home","item":"https:\/\/hotsmoke.shop\/"},{"@type":"ListItem","position":2,"name":"CBD Parduotuv\u0117 | Premium Aliejai ir \u017diedai Internetu","item":"https:\/\/hotsmoke.shop\/parduotuve\/"},{"@type":"ListItem","position":3,"name":"\u012epakuoti kaip dovan\u0105"}]},{"@type":"WebSite","@id":"https:\/\/hotsmoke.shop\/#website","url":"https:\/\/hotsmoke.shop\/","name":"HotSmoke CBD","description":"CBD Produkte in Vereinigtes K\u00f6nigreich | Premium \u00d6le und Bl\u00fcten | HotSmoke","publisher":{"@id":"https:\/\/hotsmoke.shop\/#organization"},"potentialAction":[{"@type":"SearchAction","target":{"@type":"EntryPoint","urlTemplate":"https:\/\/hotsmoke.shop\/?s={search_term_string}"},"query-input":{"@type":"PropertyValueSpecification","valueRequired":true,"valueName":"search_term_string"}}],"inLanguage":"de"},{"@type":["Organization","Place"],"@id":"https:\/\/hotsmoke.shop\/#organization","name":"Hotsmoke | CBD Linie","url":"https:\/\/hotsmoke.shop\/","logo":{"@id":"https:\/\/hotsmoke.shop\/parduotuve\/uncategorized\/dovanu-pakavimas\/#local-main-organization-logo"},"image":{"@id":"https:\/\/hotsmoke.shop\/parduotuve\/uncategorized\/dovanu-pakavimas\/#local-main-organization-logo"},"sameAs":["https:\/\/www.facebook.com\/hotsmoke.shop","https:\/\/x.com\/HotSmokeoffici1"],"publishingPrinciples":"https:\/\/hotsmoke.shop\/apie-mus\/","ownershipFundingInfo":"https:\/\/hotsmoke.shop\/teises-ir-isipareigojimai\/","actionableFeedbackPolicy":"https:\/\/hotsmoke.shop\/teises-ir-isipareigojimai\/","correctionsPolicy":"https:\/\/hotsmoke.shop\/teises-ir-isipareigojimai\/","ethicsPolicy":"https:\/\/hotsmoke.shop\/pristatymas-ir-taisykles\/","diversityPolicy":"https:\/\/hotsmoke.shop\/garantijos-ir-grazinimas\/","diversityStaffingReport":"https:\/\/hotsmoke.shop\/teises-ir-isipareigojimai\/","openingHoursSpecification":[{"@type":"OpeningHoursSpecification","dayOfWeek":["Monday","Tuesday","Wednesday","Thursday","Friday","Saturday","Sunday"],"opens":"09:00","closes":"17:00"}]},{"@type":"ImageObject","inLanguage":"de","@id":"https:\/\/hotsmoke.shop\/parduotuve\/uncategorized\/dovanu-pakavimas\/#local-main-organization-logo","url":"https:\/\/hotsmoke.shop\/wp-content\/uploads\/2026\/03\/Group-5-1.png","contentUrl":"https:\/\/hotsmoke.shop\/wp-content\/uploads\/2026\/03\/Group-5-1.png","width":566,"height":73,"caption":"Hotsmoke | CBD line"}]}},"_links":{"self":[{"href":"https:\/\/hotsmoke.shop\/de\/wp-json\/wp\/v2\/product\/42642","targetHints":{"allow":["GET"]}}],"collection":[{"href":"https:\/\/hotsmoke.shop\/de\/wp-json\/wp\/v2\/product"}],"about":[{"href":"https:\/\/hotsmoke.shop\/de\/wp-json\/wp\/v2\/types\/product"}],"replies":[{"embeddable":true,"href":"https:\/\/hotsmoke.shop\/de\/wp-json\/wp\/v2\/comments?post=42642"}],"wp:featuredmedia":[{"embeddable":true,"href":"https:\/\/hotsmoke.shop\/de\/wp-json\/wp\/v2\/media\/21859"}],"wp:attachment":[{"href":"https:\/\/hotsmoke.shop\/de\/wp-json\/wp\/v2\/media?parent=42642"}],"wp:term":[{"taxonomy":"product_brand","embeddable":true,"href":"https:\/\/hotsmoke.shop\/de\/wp-json\/wp\/v2\/product_brand?post=42642"},{"taxonomy":"product_cat","embeddable":true,"href":"https:\/\/hotsmoke.shop\/de\/wp-json\/wp\/v2\/product_cat?post=42642"},{"taxonomy":"product_tag","embeddable":true,"href":"https:\/\/hotsmoke.shop\/de\/wp-json\/wp\/v2\/product_tag?post=42642"}],"curies":[{"name":"wp","href":"https:\/\/api.w.org\/{rel}","templated":true}]}}