{"id":42587,"date":"2026-04-01T21:46:22","date_gmt":"2026-04-01T21:46:22","guid":{"rendered":"https:\/\/hotsmoke.shop\/?post_type=product&#038;p=42587"},"modified":"2026-04-01T21:46:22","modified_gmt":"2026-04-01T21:46:22","slug":"herbican-moon-rock-cbd-90-kanapiu-ziedai","status":"publish","type":"product","link":"https:\/\/hotsmoke.shop\/de\/parduotuve\/cbd-produktai\/herbican-moon-rock-cbd-90-kanapiu-ziedai\/","title":{"rendered":"Herbican Moon Rock CBD 90% Kanapi\u0173 \u017diedai"},"content":{"rendered":"<p><strong>Herbican Moon Rock CBD 90% Premium kanapi\u0173 \u017eiedai<\/strong> &#8211; \u201eMoon Rock\u201c (m\u0117nulio uola) &#8211; tai produktas, sukurtas ie\u0161kantiems maksimalaus intensyvumo ir nepriekai\u0161tingos botanin\u0117s i\u0161vaizdos. Kiekvienas \u017eiedynas pereina kruop\u0161t\u0173 gamybos proces\u0105, kurio metu suformuojama unikali, m\u0117nuli primenanti tekst\u016bra.<\/p>\n<h2><strong>Unsere Priorit\u00e4t ist Qualit\u00e4t, deshalb ist jeder Ring<\/strong><\/h2>\n<ul>\n<li>Indoor-Anbau: Kontrollierte Bedingungen sorgen f\u00fcr eine makellose Struktur, Sauberkeit und ein reiches Aroma.<\/li>\n<li>Maximal frisch: Nur harzige, nicht angetrocknete Bl\u00fctenst\u00e4nde ausgew\u00e4hlt.<\/li>\n<li>Laborgepr\u00fcft: Jede Charge wird in akkreditierten Laboren getestet und best\u00e4tigt einen legalen THC-Gehalt von &lt;0.2%.<\/li>\n<\/ul>\n<h2><strong>Eigenschaften von CBD-Bl\u00fcten<\/strong><\/h2>\n<ul>\n<li>Trij\u0173 sluoksni\u0173 technologija: \u0160\u012f produkt\u0105 sudaro auk\u0161\u010diausios kokyb\u0117s pluo\u0161tin\u0117s kanap\u0117s \u017eiedas, suvilgytas gryname augaliniame ekstrakte ir galutinai padengtas smulkiais, rudais kanapi\u0173 kristalais (izoliatu).<\/li>\n<li>Profilis: Nat\u00fcrliche Cannabinoide (CBD, CBG, CBC, THC usw.) und ein reichhaltiges Spektrum an Terpenen und Flavonoiden.<\/li>\n<li>Kilm\u0117: I\u0161auginta specializuotuose ES \u016bkiuose, naudojant tvarius auginimo metodus.<\/li>\n<li>Aromatas: Intensyvus ir daugiasluoksnis, pasi\u017eymi giliomis \u017eemi\u0161komis bei spygliuo\u010di\u0173 derv\u0173 natomis, kurias papildo sodrus \u201ekief\u201c dulki\u0173 dvelksmas ir lengvas, salstel\u0117j\u0119s aromatas.<\/li>\n<li>Struktur: Dichte, harzige Bl\u00fctenst\u00e4nde, bedeckt mit sichtbaren Trichomen.<\/li>\n<li>Kokyb\u0117s kontrol\u0117: Kiekviena partija testuojama nepriklausomose laboratorijose.<\/li>\n<li>Sud\u0117tis: D\u017eiovinti pluo\u0161tini\u0173 kanapi\u0173 \u017eiedai + CBD distiliatas + \u017eiedadulk\u0117s, pasi\u017eymintys dideliu (CBD) kiekiu.<\/li>\n<li>CBD kiekis: Net 90%<\/li>\n<\/ul>\n<h2><strong>Verwendungszweck und Informationen zu Ringen<\/strong><\/h2>\n<ul>\n<li>Gem\u00e4\u00df den Rechtsakten der Republik Litauen ist dieses Produkt kein Lebensmittel, Arzneimittel oder Nahrungserg\u00e4nzungsmittel.<\/li>\n<li>Paskirtis: Technin\u0117s kanap\u0117s \u017eiedai. Technin\u0117s kanap\u0117s gaunamos i\u0161 veisli\u0173, \u012ftraukt\u0173 \u012f Bendr\u0105j\u012f \u017eem\u0117s \u016bkio augal\u0173 veisli\u0173 katalog\u0105, s\u0117kl\u0173. \u0160is produktas atitinka visus taikomus \u012fstatymus ir kitus teis\u0117s aktus ir yra skirtas tik pramon\u0117s, kosmetikos, techniniams ar sodininkyst\u0117s tikslams.<\/li>\n<li>Altersbeschr\u00e4nkung: Verkauf nur an Personen ab 18 Jahren.<\/li>\n<\/ul>","protected":false},"excerpt":{"rendered":"<p>\u201eMoon Rock\u201c &#8211; tai itin tank\u016bs kanapi\u0173 \u017eiedynai, padengti tyrais augalo kristalais. I\u0161skirtin\u0117 ruda i\u0161vaizda, intensyvus aromatas ir unikali trij\u0173 sluoksni\u0173 strukt\u016bra<\/p>","protected":false},"featured_media":42558,"comment_status":"closed","ping_status":"closed","template":"","meta":{"_acf_changed":false,"inline_featured_image":false},"product_brand":[302],"product_cat":[43,293],"product_tag":[],"class_list":{"0":"post-42587","1":"product","2":"type-product","3":"status-publish","4":"has-post-thumbnail","6":"product_brand-herbican","7":"product_cat-cbd-produktai","8":"product_cat-rock-cbd-ziedai","10":"first","11":"instock","12":"sale","13":"shipping-taxable","14":"purchasable","15":"product-type-simple"},"acf":[],"yoast_head":"<!-- This site is optimized with the Yoast SEO Premium plugin v21.8 (Yoast SEO v27.2) - https:\/\/yoast.com\/product\/yoast-seo-premium-wordpress\/ -->\n<title>Moon Rock CBD - Premium Pluo\u0161tini\u0173 Kanapi\u0173 \u017diedai | HotSmoke<\/title>\n<meta name=\"description\" content=\"I\u0161skirtiniai Moon Rock CBD kanapi\u0173 \u017eiedai, padengti tyrais kristalais. Auk\u0161\u010diausia botanin\u0117 kokyb\u0117, intensyvus aromatas ir unikali strukt\u016bra. THC &lt; 0,2%.\" \/>\n<meta name=\"robots\" content=\"index, follow, max-snippet:-1, max-image-preview:large, max-video-preview:-1\" \/>\n<link rel=\"canonical\" href=\"https:\/\/hotsmoke.shop\/de\/parduotuve\/cbd-produkte\/herbican-moon-rock-cbd-90-kanapiu-ziedai\/\" \/>\n<meta property=\"og:locale\" content=\"de_DE\" \/>\n<meta property=\"og:type\" content=\"article\" \/>\n<meta property=\"og:title\" content=\"Herbican Moon Rock CBD 90% Kanapi\u0173 \u017diedai\" \/>\n<meta property=\"og:description\" content=\"I\u0161skirtiniai Moon Rock CBD kanapi\u0173 \u017eiedai, padengti tyrais kristalais. Auk\u0161\u010diausia botanin\u0117 kokyb\u0117, intensyvus aromatas ir unikali strukt\u016bra. THC &lt; 0,2%.\" \/>\n<meta property=\"og:url\" content=\"https:\/\/hotsmoke.shop\/de\/parduotuve\/cbd-produkte\/herbican-moon-rock-cbd-90-kanapiu-ziedai\/\" \/>\n<meta property=\"og:site_name\" content=\"HotSmoke\" \/>\n<meta property=\"article:publisher\" content=\"https:\/\/www.facebook.com\/hotsmoke.shop\" \/>\n<meta property=\"og:image\" content=\"https:\/\/hotsmoke.shop\/wp-content\/uploads\/2026\/04\/moon-rock-cbd-ziedai-hotsmoke.shop_.webp\" \/>\n\t<meta property=\"og:image:width\" content=\"1024\" \/>\n\t<meta property=\"og:image:height\" content=\"1024\" \/>\n\t<meta property=\"og:image:type\" content=\"image\/webp\" \/>\n<meta name=\"twitter:card\" content=\"summary_large_image\" \/>\n<meta name=\"twitter:site\" content=\"@HotSmokeoffici1\" \/>\n<meta name=\"twitter:label1\" content=\"Preis\" \/>\n\t<meta name=\"twitter:data1\" content=\"25.00&euro; Urspr\u00fcnglicher Preis war: 25.00&euro;14.99&euro;Aktueller Preis ist: 14.99&euro;.\" \/>\n\t<meta name=\"twitter:label2\" content=\"Availability\" \/>\n\t<meta name=\"twitter:data2\" content=\"In stock\" \/>\n<script type=\"application\/ld+json\" class=\"yoast-schema-graph\">{\"@context\":\"https:\/\/schema.org\",\"@graph\":[{\"@type\":\"WebPage\",\"@id\":\"https:\/\/hotsmoke.shop\/parduotuve\/cbd-produktai\/herbican-moon-rock-cbd-90-kanapiu-ziedai\/\",\"url\":\"https:\/\/hotsmoke.shop\/parduotuve\/cbd-produktai\/herbican-moon-rock-cbd-90-kanapiu-ziedai\/\",\"name\":\"Moon Rock CBD - Premium Pluo\u0161tini\u0173 Kanapi\u0173 \u017diedai | HotSmoke\",\"isPartOf\":{\"@id\":\"https:\/\/hotsmoke.shop\/#website\"},\"primaryImageOfPage\":{\"@id\":\"https:\/\/hotsmoke.shop\/parduotuve\/cbd-produktai\/herbican-moon-rock-cbd-90-kanapiu-ziedai\/#primaryimage\"},\"image\":{\"@id\":\"https:\/\/hotsmoke.shop\/parduotuve\/cbd-produktai\/herbican-moon-rock-cbd-90-kanapiu-ziedai\/#primaryimage\"},\"thumbnailUrl\":\"https:\/\/hotsmoke.shop\/wp-content\/uploads\/2026\/04\/moon-rock-cbd-ziedai-hotsmoke.shop_.webp\",\"datePublished\":\"2026-04-01T21:46:22+00:00\",\"description\":\"I\u0161skirtiniai Moon Rock CBD kanapi\u0173 \u017eiedai, padengti tyrais kristalais. Auk\u0161\u010diausia botanin\u0117 kokyb\u0117, intensyvus aromatas ir unikali strukt\u016bra. THC &lt; 0,2%.\",\"breadcrumb\":{\"@id\":\"https:\/\/hotsmoke.shop\/parduotuve\/cbd-produktai\/herbican-moon-rock-cbd-90-kanapiu-ziedai\/#breadcrumb\"},\"inLanguage\":\"de\",\"potentialAction\":[{\"@type\":\"ReadAction\",\"target\":[\"https:\/\/hotsmoke.shop\/parduotuve\/cbd-produktai\/herbican-moon-rock-cbd-90-kanapiu-ziedai\/\"]}]},{\"@type\":\"ImageObject\",\"inLanguage\":\"de\",\"@id\":\"https:\/\/hotsmoke.shop\/parduotuve\/cbd-produktai\/herbican-moon-rock-cbd-90-kanapiu-ziedai\/#primaryimage\",\"url\":\"https:\/\/hotsmoke.shop\/wp-content\/uploads\/2026\/04\/moon-rock-cbd-ziedai-hotsmoke.shop_.webp\",\"contentUrl\":\"https:\/\/hotsmoke.shop\/wp-content\/uploads\/2026\/04\/moon-rock-cbd-ziedai-hotsmoke.shop_.webp\",\"width\":1024,\"height\":1024,\"caption\":\"moon rock cbd ziedai\"},{\"@type\":\"BreadcrumbList\",\"@id\":\"https:\/\/hotsmoke.shop\/parduotuve\/cbd-produktai\/herbican-moon-rock-cbd-90-kanapiu-ziedai\/#breadcrumb\",\"itemListElement\":[{\"@type\":\"ListItem\",\"position\":1,\"name\":\"Home\",\"item\":\"https:\/\/hotsmoke.shop\/\"},{\"@type\":\"ListItem\",\"position\":2,\"name\":\"CBD Parduotuv\u0117 | Premium Aliejai ir \u017diedai Internetu\",\"item\":\"https:\/\/hotsmoke.shop\/parduotuve\/\"},{\"@type\":\"ListItem\",\"position\":3,\"name\":\"Herbican Moon Rock CBD 90% Kanapi\u0173 \u017diedai\"}]},{\"@type\":\"WebSite\",\"@id\":\"https:\/\/hotsmoke.shop\/#website\",\"url\":\"https:\/\/hotsmoke.shop\/\",\"name\":\"HotSmoke CBD\",\"description\":\"CBD Produktai Lietuvoje | Premium Aliejus ir \u017diedai | HotSmoke\",\"publisher\":{\"@id\":\"https:\/\/hotsmoke.shop\/#organization\"},\"potentialAction\":[{\"@type\":\"SearchAction\",\"target\":{\"@type\":\"EntryPoint\",\"urlTemplate\":\"https:\/\/hotsmoke.shop\/?s={search_term_string}\"},\"query-input\":{\"@type\":\"PropertyValueSpecification\",\"valueRequired\":true,\"valueName\":\"search_term_string\"}}],\"inLanguage\":\"de\"},{\"@type\":[\"Organization\",\"Place\"],\"@id\":\"https:\/\/hotsmoke.shop\/#organization\",\"name\":\"Hotsmoke | CBD line\",\"url\":\"https:\/\/hotsmoke.shop\/\",\"logo\":{\"@id\":\"https:\/\/hotsmoke.shop\/parduotuve\/cbd-produktai\/herbican-moon-rock-cbd-90-kanapiu-ziedai\/#local-main-organization-logo\"},\"image\":{\"@id\":\"https:\/\/hotsmoke.shop\/parduotuve\/cbd-produktai\/herbican-moon-rock-cbd-90-kanapiu-ziedai\/#local-main-organization-logo\"},\"sameAs\":[\"https:\/\/www.facebook.com\/hotsmoke.shop\",\"https:\/\/x.com\/HotSmokeoffici1\"],\"publishingPrinciples\":\"https:\/\/hotsmoke.shop\/apie-mus\/\",\"ownershipFundingInfo\":\"https:\/\/hotsmoke.shop\/teises-ir-isipareigojimai\/\",\"actionableFeedbackPolicy\":\"https:\/\/hotsmoke.shop\/teises-ir-isipareigojimai\/\",\"correctionsPolicy\":\"https:\/\/hotsmoke.shop\/teises-ir-isipareigojimai\/\",\"ethicsPolicy\":\"https:\/\/hotsmoke.shop\/pristatymas-ir-taisykles\/\",\"diversityPolicy\":\"https:\/\/hotsmoke.shop\/garantijos-ir-grazinimas\/\",\"diversityStaffingReport\":\"https:\/\/hotsmoke.shop\/teises-ir-isipareigojimai\/\",\"openingHoursSpecification\":[{\"@type\":\"OpeningHoursSpecification\",\"dayOfWeek\":[\"Monday\",\"Tuesday\",\"Wednesday\",\"Thursday\",\"Friday\",\"Saturday\",\"Sunday\"],\"opens\":\"09:00\",\"closes\":\"17:00\"}]},{\"@type\":\"ImageObject\",\"inLanguage\":\"de\",\"@id\":\"https:\/\/hotsmoke.shop\/parduotuve\/cbd-produktai\/herbican-moon-rock-cbd-90-kanapiu-ziedai\/#local-main-organization-logo\",\"url\":\"https:\/\/hotsmoke.shop\/wp-content\/uploads\/2026\/03\/Group-5-1.png\",\"contentUrl\":\"https:\/\/hotsmoke.shop\/wp-content\/uploads\/2026\/03\/Group-5-1.png\",\"width\":566,\"height\":73,\"caption\":\"Hotsmoke | CBD line\"}]}<\/script>\n<!-- \/ Yoast SEO Premium plugin. -->","yoast_head_json":{"title":"Moon Rock CBD - Premium Pluo\u0161tini\u0173 Kanapi\u0173 \u017diedai | HotSmoke","description":"I\u0161skirtiniai Moon Rock CBD kanapi\u0173 \u017eiedai, padengti tyrais kristalais. Auk\u0161\u010diausia botanin\u0117 kokyb\u0117, intensyvus aromatas ir unikali strukt\u016bra. THC &lt; 0,2%.","robots":{"index":"index","follow":"follow","max-snippet":"max-snippet:-1","max-image-preview":"max-image-preview:large","max-video-preview":"max-video-preview:-1"},"canonical":"https:\/\/hotsmoke.shop\/de\/parduotuve\/cbd-produkte\/herbican-moon-rock-cbd-90-kanapiu-ziedai\/","og_locale":"de_DE","og_type":"article","og_title":"Herbican Moon Rock CBD 90% Kanapi\u0173 \u017diedai","og_description":"I\u0161skirtiniai Moon Rock CBD kanapi\u0173 \u017eiedai, padengti tyrais kristalais. Auk\u0161\u010diausia botanin\u0117 kokyb\u0117, intensyvus aromatas ir unikali strukt\u016bra. THC &lt; 0,2%.","og_url":"https:\/\/hotsmoke.shop\/de\/parduotuve\/cbd-produkte\/herbican-moon-rock-cbd-90-kanapiu-ziedai\/","og_site_name":"HotSmoke","article_publisher":"https:\/\/www.facebook.com\/hotsmoke.shop","og_image":[{"width":1024,"height":1024,"url":"https:\/\/hotsmoke.shop\/wp-content\/uploads\/2026\/04\/moon-rock-cbd-ziedai-hotsmoke.shop_.webp","type":"image\/webp"}],"twitter_card":"summary_large_image","twitter_site":"@HotSmokeoffici1","twitter_misc":{"Preis":"25.00&euro; Urspr\u00fcnglicher Preis war: 25.00&euro;14.99&euro;Aktueller Preis ist: 14.99&euro;.","Availability":"In stock"},"schema":{"@context":"https:\/\/schema.org","@graph":[{"@type":"WebPage","@id":"https:\/\/hotsmoke.shop\/parduotuve\/cbd-produktai\/herbican-moon-rock-cbd-90-kanapiu-ziedai\/","url":"https:\/\/hotsmoke.shop\/parduotuve\/cbd-produktai\/herbican-moon-rock-cbd-90-kanapiu-ziedai\/","name":"Moon Rock CBD - Premium Pluo\u0161tini\u0173 Kanapi\u0173 \u017diedai | HotSmoke","isPartOf":{"@id":"https:\/\/hotsmoke.shop\/#website"},"primaryImageOfPage":{"@id":"https:\/\/hotsmoke.shop\/parduotuve\/cbd-produktai\/herbican-moon-rock-cbd-90-kanapiu-ziedai\/#primaryimage"},"image":{"@id":"https:\/\/hotsmoke.shop\/parduotuve\/cbd-produktai\/herbican-moon-rock-cbd-90-kanapiu-ziedai\/#primaryimage"},"thumbnailUrl":"https:\/\/hotsmoke.shop\/wp-content\/uploads\/2026\/04\/moon-rock-cbd-ziedai-hotsmoke.shop_.webp","datePublished":"2026-04-01T21:46:22+00:00","description":"I\u0161skirtiniai Moon Rock CBD kanapi\u0173 \u017eiedai, padengti tyrais kristalais. Auk\u0161\u010diausia botanin\u0117 kokyb\u0117, intensyvus aromatas ir unikali strukt\u016bra. THC &lt; 0,2%.","breadcrumb":{"@id":"https:\/\/hotsmoke.shop\/parduotuve\/cbd-produktai\/herbican-moon-rock-cbd-90-kanapiu-ziedai\/#breadcrumb"},"inLanguage":"de","potentialAction":[{"@type":"ReadAction","target":["https:\/\/hotsmoke.shop\/parduotuve\/cbd-produktai\/herbican-moon-rock-cbd-90-kanapiu-ziedai\/"]}]},{"@type":"ImageObject","inLanguage":"de","@id":"https:\/\/hotsmoke.shop\/parduotuve\/cbd-produktai\/herbican-moon-rock-cbd-90-kanapiu-ziedai\/#primaryimage","url":"https:\/\/hotsmoke.shop\/wp-content\/uploads\/2026\/04\/moon-rock-cbd-ziedai-hotsmoke.shop_.webp","contentUrl":"https:\/\/hotsmoke.shop\/wp-content\/uploads\/2026\/04\/moon-rock-cbd-ziedai-hotsmoke.shop_.webp","width":1024,"height":1024,"caption":"moon rock cbd ziedai"},{"@type":"BreadcrumbList","@id":"https:\/\/hotsmoke.shop\/parduotuve\/cbd-produktai\/herbican-moon-rock-cbd-90-kanapiu-ziedai\/#breadcrumb","itemListElement":[{"@type":"ListItem","position":1,"name":"Home","item":"https:\/\/hotsmoke.shop\/"},{"@type":"ListItem","position":2,"name":"CBD Parduotuv\u0117 | Premium Aliejai ir \u017diedai Internetu","item":"https:\/\/hotsmoke.shop\/parduotuve\/"},{"@type":"ListItem","position":3,"name":"Herbican Moon Rock CBD 90% Kanapi\u0173 \u017diedai"}]},{"@type":"WebSite","@id":"https:\/\/hotsmoke.shop\/#website","url":"https:\/\/hotsmoke.shop\/","name":"HotSmoke CBD","description":"CBD Produkte in Vereinigtes K\u00f6nigreich | Premium \u00d6le und Bl\u00fcten | HotSmoke","publisher":{"@id":"https:\/\/hotsmoke.shop\/#organization"},"potentialAction":[{"@type":"SearchAction","target":{"@type":"EntryPoint","urlTemplate":"https:\/\/hotsmoke.shop\/?s={search_term_string}"},"query-input":{"@type":"PropertyValueSpecification","valueRequired":true,"valueName":"search_term_string"}}],"inLanguage":"de"},{"@type":["Organization","Place"],"@id":"https:\/\/hotsmoke.shop\/#organization","name":"Hotsmoke | CBD Linie","url":"https:\/\/hotsmoke.shop\/","logo":{"@id":"https:\/\/hotsmoke.shop\/parduotuve\/cbd-produktai\/herbican-moon-rock-cbd-90-kanapiu-ziedai\/#local-main-organization-logo"},"image":{"@id":"https:\/\/hotsmoke.shop\/parduotuve\/cbd-produktai\/herbican-moon-rock-cbd-90-kanapiu-ziedai\/#local-main-organization-logo"},"sameAs":["https:\/\/www.facebook.com\/hotsmoke.shop","https:\/\/x.com\/HotSmokeoffici1"],"publishingPrinciples":"https:\/\/hotsmoke.shop\/apie-mus\/","ownershipFundingInfo":"https:\/\/hotsmoke.shop\/teises-ir-isipareigojimai\/","actionableFeedbackPolicy":"https:\/\/hotsmoke.shop\/teises-ir-isipareigojimai\/","correctionsPolicy":"https:\/\/hotsmoke.shop\/teises-ir-isipareigojimai\/","ethicsPolicy":"https:\/\/hotsmoke.shop\/pristatymas-ir-taisykles\/","diversityPolicy":"https:\/\/hotsmoke.shop\/garantijos-ir-grazinimas\/","diversityStaffingReport":"https:\/\/hotsmoke.shop\/teises-ir-isipareigojimai\/","openingHoursSpecification":[{"@type":"OpeningHoursSpecification","dayOfWeek":["Monday","Tuesday","Wednesday","Thursday","Friday","Saturday","Sunday"],"opens":"09:00","closes":"17:00"}]},{"@type":"ImageObject","inLanguage":"de","@id":"https:\/\/hotsmoke.shop\/parduotuve\/cbd-produktai\/herbican-moon-rock-cbd-90-kanapiu-ziedai\/#local-main-organization-logo","url":"https:\/\/hotsmoke.shop\/wp-content\/uploads\/2026\/03\/Group-5-1.png","contentUrl":"https:\/\/hotsmoke.shop\/wp-content\/uploads\/2026\/03\/Group-5-1.png","width":566,"height":73,"caption":"Hotsmoke | CBD line"}]}},"_links":{"self":[{"href":"https:\/\/hotsmoke.shop\/de\/wp-json\/wp\/v2\/product\/42587","targetHints":{"allow":["GET"]}}],"collection":[{"href":"https:\/\/hotsmoke.shop\/de\/wp-json\/wp\/v2\/product"}],"about":[{"href":"https:\/\/hotsmoke.shop\/de\/wp-json\/wp\/v2\/types\/product"}],"replies":[{"embeddable":true,"href":"https:\/\/hotsmoke.shop\/de\/wp-json\/wp\/v2\/comments?post=42587"}],"wp:featuredmedia":[{"embeddable":true,"href":"https:\/\/hotsmoke.shop\/de\/wp-json\/wp\/v2\/media\/42558"}],"wp:attachment":[{"href":"https:\/\/hotsmoke.shop\/de\/wp-json\/wp\/v2\/media?parent=42587"}],"wp:term":[{"taxonomy":"product_brand","embeddable":true,"href":"https:\/\/hotsmoke.shop\/de\/wp-json\/wp\/v2\/product_brand?post=42587"},{"taxonomy":"product_cat","embeddable":true,"href":"https:\/\/hotsmoke.shop\/de\/wp-json\/wp\/v2\/product_cat?post=42587"},{"taxonomy":"product_tag","embeddable":true,"href":"https:\/\/hotsmoke.shop\/de\/wp-json\/wp\/v2\/product_tag?post=42587"}],"curies":[{"name":"wp","href":"https:\/\/api.w.org\/{rel}","templated":true}]}}