{"id":42581,"date":"2026-04-01T20:42:16","date_gmt":"2026-04-01T20:42:16","guid":{"rendered":"https:\/\/hotsmoke.shop\/?post_type=product&#038;p=42581"},"modified":"2026-04-01T20:42:16","modified_gmt":"2026-04-01T20:42:16","slug":"legendary-og-kanapiu-ziedai","status":"publish","type":"product","link":"https:\/\/hotsmoke.shop\/de\/parduotuve\/cbd-produktai\/legendary-og-kanapiu-ziedai\/","title":{"rendered":"Legendary OG \u2013 Hanfsamen"},"content":{"rendered":"<p><strong>Baltic Shamans Kanapi\u0173 \u017diedai &#8211; \u201eLegendary OG\u201c<\/strong>. Tai kruop\u0161\u010diai i\u0161auginti ir profesionaliai paruo\u0161ti pluo\u0161tini\u0173 kanapi\u0173 \u017eiedynai, atkeliav\u0119 tiesiai i\u0161 Lietuvos \u016bki\u0173. \u0160is produktas vertinamas d\u0117l savo unikalios strukt\u016bros ir intensyvaus, gamtos suformuoto fitocheminio profilio, kuris geriausiai atsiskleid\u017eia per sodr\u0173 aromat\u0105.<\/p>\n<h2>Produkto savyb\u0117s<\/h2>\n<ul>\n<li>Aromatin\u0117s natos: Sodrus ir sunkus; dominuoja ry\u0161kios g\u0117li\u0173 bei mi\u0161ko uog\u0173 natos, kurias papildo tradicinis \u201eOG\u201c charakteris su stipriu \u017eem\u0117s, duj\u0173 (fuel) bei pu\u0161\u0173 sak\u0173 dvelksmu.<\/li>\n<li>I\u0161vaizda ir tekst\u016bra: \u017diedynai yra tank\u016bs, tamsiai \u017ealio atspalvio, gausiai padengti nat\u016braliais augalo kristalais (trichomais), kurie liudija apie \u0161vie\u017eum\u0105 ir kokyb\u0119.<\/li>\n<li>Vietin\u0117 kilm\u0117: U\u017eauginta Lietuvoje (\u201eBaltic Shaman\u2019s Farm\u201c), u\u017etikrinant trumpiausi\u0105 keli\u0105 nuo lauko iki j\u016bs\u0173, taip i\u0161saugant visas verting\u0105sias augalo savybes.<\/li>\n<li>Rankinis apdorojimas: Kiekvienas \u017eiedynas yra r\u016bpestingai nuskintas ir nuvalytas rankomis, siekiant i\u0161laikyti nepriekai\u0161ting\u0105 botanin\u0119 estetik\u0105.<\/li>\n<li>Laborgepr\u00fcft: Jede Charge wird in akkreditierten Laboren getestet und best\u00e4tigt einen legalen THC-Gehalt von &lt;0.2%.<\/li>\n<\/ul>\n<table data-path-to-node=\"16\">\n<thead>\n<tr>\n<td><strong>Savyb\u0117<\/strong><\/td>\n<td><strong>Reik\u0161m\u0117<\/strong><\/td>\n<\/tr>\n<\/thead>\n<tbody>\n<tr>\n<td><span data-path-to-node=\"16,1,0,0\"><b data-path-to-node=\"16,1,0,0\" data-index-in-node=\"0\">Veisl\u0117<\/b><\/span><\/td>\n<td>Legend\u00e4re OG<\/td>\n<\/tr>\n<tr>\n<td><span data-path-to-node=\"16,2,0,0\"><b data-path-to-node=\"16,2,0,0\" data-index-in-node=\"0\">Kilm\u0117<\/b><\/span><\/td>\n<td><span data-path-to-node=\"16,2,1,0\">Lietuva (Vietinis \u016bkis)<\/span><\/td>\n<\/tr>\n<tr>\n<td><span data-path-to-node=\"16,3,0,0\"><b data-path-to-node=\"16,3,0,0\" data-index-in-node=\"0\">Tipas<\/b><\/span><\/td>\n<td><span data-path-to-node=\"16,3,1,0\">Pluo\u0161tini\u0173 kanapi\u0173 \u017eiedynai<\/span><\/td>\n<\/tr>\n<tr>\n<td><span data-path-to-node=\"16,4,0,0\"><b data-path-to-node=\"16,4,0,0\" data-index-in-node=\"0\">Apdorojimas<\/b><\/span><\/td>\n<td><span data-path-to-node=\"16,4,1,0\">Rank\u0173 darbas, nat\u016bralus d\u017eiovinimas<\/span><\/td>\n<\/tr>\n<tr>\n<td><span data-path-to-node=\"16,5,0,0\"><b data-path-to-node=\"16,5,0,0\" data-index-in-node=\"0\">THC kiekis<\/b><\/span><\/td>\n<td><span data-path-to-node=\"16,5,1,0\">&lt; 0,2% (Atitinka ES standartus)<\/span><\/td>\n<\/tr>\n<\/tbody>\n<\/table>\n<p>&nbsp;<\/p>\n<h2>\u017died\u0173 paruo\u0161imas<\/h2>\n<p>U\u017epilkite \u017eied\u0173 \u017eiupsnel\u012f ~80 \u00b0C vandeniu. Skonio bei arbatos savyb\u0117ms sustiprinti pad\u0117s riebal\u0173 turintys priedai: pienas, grietin\u0117l\u0117 ar kokoso aliejus.<\/p>","protected":false},"excerpt":{"rendered":"<p>Premium, auk\u0161\u010diausios kokyb\u0117s lietuvi\u0161ki kanapi\u0173 \u017eiedynai. \u201eLegendary OG\u201c Sodrus ir sunkus, dominuoja ry\u0161kios g\u0117li\u0173 bei mi\u0161ko uog\u0173 natos. Tai 100% nat\u016bralus, rankomis atrinktas produktas i\u0161 vietinio \u016bkio, vertinamas d\u0117l savo estetin\u0117s i\u0161vaizdos ir dervingumo.<\/p>","protected":false},"featured_media":42567,"comment_status":"closed","ping_status":"closed","template":"","meta":{"_acf_changed":false,"inline_featured_image":false},"product_brand":[301],"product_cat":[43,300],"product_tag":[],"class_list":{"0":"post-42581","1":"product","2":"type-product","3":"status-publish","4":"has-post-thumbnail","6":"product_brand-baltic-shamans","7":"product_cat-cbd-produktai","8":"product_cat-lietuviski-cbd-ziedai","10":"first","11":"instock","12":"sale","13":"shipping-taxable","14":"purchasable","15":"product-type-simple"},"acf":[],"yoast_head":"<!-- This site is optimized with the Yoast SEO Premium plugin v21.8 (Yoast SEO v27.2) - https:\/\/yoast.com\/product\/yoast-seo-premium-wordpress\/ -->\n<title>Legendary OG - Lietuvi\u0161ki Kanapi\u0173 \u017diedynai (Premium) | HotSmoke<\/title>\n<meta name=\"description\" content=\"Atraskite lietuvi\u0161kus Legendary OG pluo\u0161tini\u0173 kanapi\u0173 \u017eiedynus. Sodrus kavos ir kakavos aromatas, tanki strukt\u016bra ir vietin\u0117 kokyb\u0117. THC 0.2% Saugus.\" \/>\n<meta name=\"robots\" content=\"index, follow, max-snippet:-1, max-image-preview:large, max-video-preview:-1\" \/>\n<link rel=\"canonical\" href=\"https:\/\/hotsmoke.shop\/de\/parduotuve\/cbd-produkte\/legendary-og-kanapiu-ziedai\/\" \/>\n<meta property=\"og:locale\" content=\"de_DE\" \/>\n<meta property=\"og:type\" content=\"article\" \/>\n<meta property=\"og:title\" content=\"Legendary OG - Kanapi\u0173 \u017diedai\" \/>\n<meta property=\"og:description\" content=\"Atraskite lietuvi\u0161kus Legendary OG pluo\u0161tini\u0173 kanapi\u0173 \u017eiedynus. Sodrus kavos ir kakavos aromatas, tanki strukt\u016bra ir vietin\u0117 kokyb\u0117. THC 0.2% Saugus.\" \/>\n<meta property=\"og:url\" content=\"https:\/\/hotsmoke.shop\/de\/parduotuve\/cbd-produkte\/legendary-og-kanapiu-ziedai\/\" \/>\n<meta property=\"og:site_name\" content=\"HotSmoke\" \/>\n<meta property=\"article:publisher\" content=\"https:\/\/www.facebook.com\/hotsmoke.shop\" \/>\n<meta property=\"og:image\" content=\"https:\/\/hotsmoke.shop\/wp-content\/uploads\/2026\/04\/Baltic-shamans-legendary-og-cbd-ziedai-hotsmoke.shop_.webp\" \/>\n\t<meta property=\"og:image:width\" content=\"1024\" \/>\n\t<meta property=\"og:image:height\" content=\"1024\" \/>\n\t<meta property=\"og:image:type\" content=\"image\/webp\" \/>\n<meta name=\"twitter:card\" content=\"summary_large_image\" \/>\n<meta name=\"twitter:site\" content=\"@HotSmokeoffici1\" \/>\n<meta name=\"twitter:label1\" content=\"Preis\" \/>\n\t<meta name=\"twitter:data1\" content=\"18.00&euro; Urspr\u00fcnglicher Preis war: 18.00&euro;13.99&euro;Aktueller Preis ist: 13.99&euro;.\" \/>\n\t<meta name=\"twitter:label2\" content=\"Availability\" \/>\n\t<meta name=\"twitter:data2\" content=\"In stock\" \/>\n<script type=\"application\/ld+json\" class=\"yoast-schema-graph\">{\"@context\":\"https:\/\/schema.org\",\"@graph\":[{\"@type\":\"WebPage\",\"@id\":\"https:\/\/hotsmoke.shop\/parduotuve\/cbd-produktai\/legendary-og-kanapiu-ziedai\/\",\"url\":\"https:\/\/hotsmoke.shop\/parduotuve\/cbd-produktai\/legendary-og-kanapiu-ziedai\/\",\"name\":\"Legendary OG - Lietuvi\u0161ki Kanapi\u0173 \u017diedynai (Premium) | HotSmoke\",\"isPartOf\":{\"@id\":\"https:\/\/hotsmoke.shop\/#website\"},\"primaryImageOfPage\":{\"@id\":\"https:\/\/hotsmoke.shop\/parduotuve\/cbd-produktai\/legendary-og-kanapiu-ziedai\/#primaryimage\"},\"image\":{\"@id\":\"https:\/\/hotsmoke.shop\/parduotuve\/cbd-produktai\/legendary-og-kanapiu-ziedai\/#primaryimage\"},\"thumbnailUrl\":\"https:\/\/hotsmoke.shop\/wp-content\/uploads\/2026\/04\/Baltic-shamans-legendary-og-cbd-ziedai-hotsmoke.shop_.webp\",\"datePublished\":\"2026-04-01T20:42:16+00:00\",\"description\":\"Atraskite lietuvi\u0161kus Legendary OG pluo\u0161tini\u0173 kanapi\u0173 \u017eiedynus. Sodrus kavos ir kakavos aromatas, tanki strukt\u016bra ir vietin\u0117 kokyb\u0117. THC 0.2% Saugus.\",\"breadcrumb\":{\"@id\":\"https:\/\/hotsmoke.shop\/parduotuve\/cbd-produktai\/legendary-og-kanapiu-ziedai\/#breadcrumb\"},\"inLanguage\":\"de\",\"potentialAction\":[{\"@type\":\"ReadAction\",\"target\":[\"https:\/\/hotsmoke.shop\/parduotuve\/cbd-produktai\/legendary-og-kanapiu-ziedai\/\"]}]},{\"@type\":\"ImageObject\",\"inLanguage\":\"de\",\"@id\":\"https:\/\/hotsmoke.shop\/parduotuve\/cbd-produktai\/legendary-og-kanapiu-ziedai\/#primaryimage\",\"url\":\"https:\/\/hotsmoke.shop\/wp-content\/uploads\/2026\/04\/Baltic-shamans-legendary-og-cbd-ziedai-hotsmoke.shop_.webp\",\"contentUrl\":\"https:\/\/hotsmoke.shop\/wp-content\/uploads\/2026\/04\/Baltic-shamans-legendary-og-cbd-ziedai-hotsmoke.shop_.webp\",\"width\":1024,\"height\":1024,\"caption\":\"Baltic shamans legendary og cbd ziedai\"},{\"@type\":\"BreadcrumbList\",\"@id\":\"https:\/\/hotsmoke.shop\/parduotuve\/cbd-produktai\/legendary-og-kanapiu-ziedai\/#breadcrumb\",\"itemListElement\":[{\"@type\":\"ListItem\",\"position\":1,\"name\":\"Home\",\"item\":\"https:\/\/hotsmoke.shop\/\"},{\"@type\":\"ListItem\",\"position\":2,\"name\":\"CBD Parduotuv\u0117 | Premium Aliejai ir \u017diedai Internetu\",\"item\":\"https:\/\/hotsmoke.shop\/parduotuve\/\"},{\"@type\":\"ListItem\",\"position\":3,\"name\":\"Legendary OG &#8211; Kanapi\u0173 \u017diedai\"}]},{\"@type\":\"WebSite\",\"@id\":\"https:\/\/hotsmoke.shop\/#website\",\"url\":\"https:\/\/hotsmoke.shop\/\",\"name\":\"HotSmoke CBD\",\"description\":\"CBD Produktai Lietuvoje | Premium Aliejus ir \u017diedai | HotSmoke\",\"publisher\":{\"@id\":\"https:\/\/hotsmoke.shop\/#organization\"},\"potentialAction\":[{\"@type\":\"SearchAction\",\"target\":{\"@type\":\"EntryPoint\",\"urlTemplate\":\"https:\/\/hotsmoke.shop\/?s={search_term_string}\"},\"query-input\":{\"@type\":\"PropertyValueSpecification\",\"valueRequired\":true,\"valueName\":\"search_term_string\"}}],\"inLanguage\":\"de\"},{\"@type\":[\"Organization\",\"Place\"],\"@id\":\"https:\/\/hotsmoke.shop\/#organization\",\"name\":\"Hotsmoke | CBD line\",\"url\":\"https:\/\/hotsmoke.shop\/\",\"logo\":{\"@id\":\"https:\/\/hotsmoke.shop\/parduotuve\/cbd-produktai\/legendary-og-kanapiu-ziedai\/#local-main-organization-logo\"},\"image\":{\"@id\":\"https:\/\/hotsmoke.shop\/parduotuve\/cbd-produktai\/legendary-og-kanapiu-ziedai\/#local-main-organization-logo\"},\"sameAs\":[\"https:\/\/www.facebook.com\/hotsmoke.shop\",\"https:\/\/x.com\/HotSmokeoffici1\"],\"publishingPrinciples\":\"https:\/\/hotsmoke.shop\/apie-mus\/\",\"ownershipFundingInfo\":\"https:\/\/hotsmoke.shop\/teises-ir-isipareigojimai\/\",\"actionableFeedbackPolicy\":\"https:\/\/hotsmoke.shop\/teises-ir-isipareigojimai\/\",\"correctionsPolicy\":\"https:\/\/hotsmoke.shop\/teises-ir-isipareigojimai\/\",\"ethicsPolicy\":\"https:\/\/hotsmoke.shop\/pristatymas-ir-taisykles\/\",\"diversityPolicy\":\"https:\/\/hotsmoke.shop\/garantijos-ir-grazinimas\/\",\"diversityStaffingReport\":\"https:\/\/hotsmoke.shop\/teises-ir-isipareigojimai\/\",\"openingHoursSpecification\":[{\"@type\":\"OpeningHoursSpecification\",\"dayOfWeek\":[\"Monday\",\"Tuesday\",\"Wednesday\",\"Thursday\",\"Friday\",\"Saturday\",\"Sunday\"],\"opens\":\"09:00\",\"closes\":\"17:00\"}]},{\"@type\":\"ImageObject\",\"inLanguage\":\"de\",\"@id\":\"https:\/\/hotsmoke.shop\/parduotuve\/cbd-produktai\/legendary-og-kanapiu-ziedai\/#local-main-organization-logo\",\"url\":\"https:\/\/hotsmoke.shop\/wp-content\/uploads\/2026\/03\/Group-5-1.png\",\"contentUrl\":\"https:\/\/hotsmoke.shop\/wp-content\/uploads\/2026\/03\/Group-5-1.png\",\"width\":566,\"height\":73,\"caption\":\"Hotsmoke | CBD line\"}]}<\/script>\n<!-- \/ Yoast SEO Premium plugin. -->","yoast_head_json":{"title":"Legendary OG - Lietuvi\u0161ki Kanapi\u0173 \u017diedynai (Premium) | HotSmoke","description":"Atraskite lietuvi\u0161kus Legendary OG pluo\u0161tini\u0173 kanapi\u0173 \u017eiedynus. Sodrus kavos ir kakavos aromatas, tanki strukt\u016bra ir vietin\u0117 kokyb\u0117. THC 0.2% Saugus.","robots":{"index":"index","follow":"follow","max-snippet":"max-snippet:-1","max-image-preview":"max-image-preview:large","max-video-preview":"max-video-preview:-1"},"canonical":"https:\/\/hotsmoke.shop\/de\/parduotuve\/cbd-produkte\/legendary-og-kanapiu-ziedai\/","og_locale":"de_DE","og_type":"article","og_title":"Legendary OG - Kanapi\u0173 \u017diedai","og_description":"Atraskite lietuvi\u0161kus Legendary OG pluo\u0161tini\u0173 kanapi\u0173 \u017eiedynus. Sodrus kavos ir kakavos aromatas, tanki strukt\u016bra ir vietin\u0117 kokyb\u0117. THC 0.2% Saugus.","og_url":"https:\/\/hotsmoke.shop\/de\/parduotuve\/cbd-produkte\/legendary-og-kanapiu-ziedai\/","og_site_name":"HotSmoke","article_publisher":"https:\/\/www.facebook.com\/hotsmoke.shop","og_image":[{"width":1024,"height":1024,"url":"https:\/\/hotsmoke.shop\/wp-content\/uploads\/2026\/04\/Baltic-shamans-legendary-og-cbd-ziedai-hotsmoke.shop_.webp","type":"image\/webp"}],"twitter_card":"summary_large_image","twitter_site":"@HotSmokeoffici1","twitter_misc":{"Preis":"18.00&euro; Urspr\u00fcnglicher Preis war: 18.00&euro;13.99&euro;Aktueller Preis ist: 13.99&euro;.","Availability":"In stock"},"schema":{"@context":"https:\/\/schema.org","@graph":[{"@type":"WebPage","@id":"https:\/\/hotsmoke.shop\/parduotuve\/cbd-produktai\/legendary-og-kanapiu-ziedai\/","url":"https:\/\/hotsmoke.shop\/parduotuve\/cbd-produktai\/legendary-og-kanapiu-ziedai\/","name":"Legendary OG - Lietuvi\u0161ki Kanapi\u0173 \u017diedynai (Premium) | HotSmoke","isPartOf":{"@id":"https:\/\/hotsmoke.shop\/#website"},"primaryImageOfPage":{"@id":"https:\/\/hotsmoke.shop\/parduotuve\/cbd-produktai\/legendary-og-kanapiu-ziedai\/#primaryimage"},"image":{"@id":"https:\/\/hotsmoke.shop\/parduotuve\/cbd-produktai\/legendary-og-kanapiu-ziedai\/#primaryimage"},"thumbnailUrl":"https:\/\/hotsmoke.shop\/wp-content\/uploads\/2026\/04\/Baltic-shamans-legendary-og-cbd-ziedai-hotsmoke.shop_.webp","datePublished":"2026-04-01T20:42:16+00:00","description":"Atraskite lietuvi\u0161kus Legendary OG pluo\u0161tini\u0173 kanapi\u0173 \u017eiedynus. Sodrus kavos ir kakavos aromatas, tanki strukt\u016bra ir vietin\u0117 kokyb\u0117. THC 0.2% Saugus.","breadcrumb":{"@id":"https:\/\/hotsmoke.shop\/parduotuve\/cbd-produktai\/legendary-og-kanapiu-ziedai\/#breadcrumb"},"inLanguage":"de","potentialAction":[{"@type":"ReadAction","target":["https:\/\/hotsmoke.shop\/parduotuve\/cbd-produktai\/legendary-og-kanapiu-ziedai\/"]}]},{"@type":"ImageObject","inLanguage":"de","@id":"https:\/\/hotsmoke.shop\/parduotuve\/cbd-produktai\/legendary-og-kanapiu-ziedai\/#primaryimage","url":"https:\/\/hotsmoke.shop\/wp-content\/uploads\/2026\/04\/Baltic-shamans-legendary-og-cbd-ziedai-hotsmoke.shop_.webp","contentUrl":"https:\/\/hotsmoke.shop\/wp-content\/uploads\/2026\/04\/Baltic-shamans-legendary-og-cbd-ziedai-hotsmoke.shop_.webp","width":1024,"height":1024,"caption":"Baltic shamans legendary og cbd ziedai"},{"@type":"BreadcrumbList","@id":"https:\/\/hotsmoke.shop\/parduotuve\/cbd-produktai\/legendary-og-kanapiu-ziedai\/#breadcrumb","itemListElement":[{"@type":"ListItem","position":1,"name":"Home","item":"https:\/\/hotsmoke.shop\/"},{"@type":"ListItem","position":2,"name":"CBD Parduotuv\u0117 | Premium Aliejai ir \u017diedai Internetu","item":"https:\/\/hotsmoke.shop\/parduotuve\/"},{"@type":"ListItem","position":3,"name":"Legendary OG &#8211; Kanapi\u0173 \u017diedai"}]},{"@type":"WebSite","@id":"https:\/\/hotsmoke.shop\/#website","url":"https:\/\/hotsmoke.shop\/","name":"HotSmoke CBD","description":"CBD Produkte in Vereinigtes K\u00f6nigreich | Premium \u00d6le und Bl\u00fcten | HotSmoke","publisher":{"@id":"https:\/\/hotsmoke.shop\/#organization"},"potentialAction":[{"@type":"SearchAction","target":{"@type":"EntryPoint","urlTemplate":"https:\/\/hotsmoke.shop\/?s={search_term_string}"},"query-input":{"@type":"PropertyValueSpecification","valueRequired":true,"valueName":"search_term_string"}}],"inLanguage":"de"},{"@type":["Organization","Place"],"@id":"https:\/\/hotsmoke.shop\/#organization","name":"Hotsmoke | CBD Linie","url":"https:\/\/hotsmoke.shop\/","logo":{"@id":"https:\/\/hotsmoke.shop\/parduotuve\/cbd-produktai\/legendary-og-kanapiu-ziedai\/#local-main-organization-logo"},"image":{"@id":"https:\/\/hotsmoke.shop\/parduotuve\/cbd-produktai\/legendary-og-kanapiu-ziedai\/#local-main-organization-logo"},"sameAs":["https:\/\/www.facebook.com\/hotsmoke.shop","https:\/\/x.com\/HotSmokeoffici1"],"publishingPrinciples":"https:\/\/hotsmoke.shop\/apie-mus\/","ownershipFundingInfo":"https:\/\/hotsmoke.shop\/teises-ir-isipareigojimai\/","actionableFeedbackPolicy":"https:\/\/hotsmoke.shop\/teises-ir-isipareigojimai\/","correctionsPolicy":"https:\/\/hotsmoke.shop\/teises-ir-isipareigojimai\/","ethicsPolicy":"https:\/\/hotsmoke.shop\/pristatymas-ir-taisykles\/","diversityPolicy":"https:\/\/hotsmoke.shop\/garantijos-ir-grazinimas\/","diversityStaffingReport":"https:\/\/hotsmoke.shop\/teises-ir-isipareigojimai\/","openingHoursSpecification":[{"@type":"OpeningHoursSpecification","dayOfWeek":["Monday","Tuesday","Wednesday","Thursday","Friday","Saturday","Sunday"],"opens":"09:00","closes":"17:00"}]},{"@type":"ImageObject","inLanguage":"de","@id":"https:\/\/hotsmoke.shop\/parduotuve\/cbd-produktai\/legendary-og-kanapiu-ziedai\/#local-main-organization-logo","url":"https:\/\/hotsmoke.shop\/wp-content\/uploads\/2026\/03\/Group-5-1.png","contentUrl":"https:\/\/hotsmoke.shop\/wp-content\/uploads\/2026\/03\/Group-5-1.png","width":566,"height":73,"caption":"Hotsmoke | CBD line"}]}},"_links":{"self":[{"href":"https:\/\/hotsmoke.shop\/de\/wp-json\/wp\/v2\/product\/42581","targetHints":{"allow":["GET"]}}],"collection":[{"href":"https:\/\/hotsmoke.shop\/de\/wp-json\/wp\/v2\/product"}],"about":[{"href":"https:\/\/hotsmoke.shop\/de\/wp-json\/wp\/v2\/types\/product"}],"replies":[{"embeddable":true,"href":"https:\/\/hotsmoke.shop\/de\/wp-json\/wp\/v2\/comments?post=42581"}],"wp:featuredmedia":[{"embeddable":true,"href":"https:\/\/hotsmoke.shop\/de\/wp-json\/wp\/v2\/media\/42567"}],"wp:attachment":[{"href":"https:\/\/hotsmoke.shop\/de\/wp-json\/wp\/v2\/media?parent=42581"}],"wp:term":[{"taxonomy":"product_brand","embeddable":true,"href":"https:\/\/hotsmoke.shop\/de\/wp-json\/wp\/v2\/product_brand?post=42581"},{"taxonomy":"product_cat","embeddable":true,"href":"https:\/\/hotsmoke.shop\/de\/wp-json\/wp\/v2\/product_cat?post=42581"},{"taxonomy":"product_tag","embeddable":true,"href":"https:\/\/hotsmoke.shop\/de\/wp-json\/wp\/v2\/product_tag?post=42581"}],"curies":[{"name":"wp","href":"https:\/\/api.w.org\/{rel}","templated":true}]}}