{"id":42573,"date":"2026-04-01T19:13:17","date_gmt":"2026-04-01T19:13:17","guid":{"rendered":"https:\/\/hotsmoke.shop\/?post_type=product&#038;p=42573"},"modified":"2026-04-01T19:13:17","modified_gmt":"2026-04-01T19:13:17","slug":"kanapiu-lollipop-euphoria-cannabis","status":"publish","type":"product","link":"https:\/\/hotsmoke.shop\/de\/parduotuve\/cbd-produktai\/kanapiu-lollipop-euphoria-cannabis\/","title":{"rendered":"Kanapi\u0173 Lollipop EUPHORIA Cannabis"},"content":{"rendered":"<p><strong>EUPHORIA Cannabis Lollipop<\/strong> &#8211; Klasikinis pasirinkimas. Tai bene \u017einomiausias \u201eEuphoria\u201c prek\u0117s \u017eenklo produktas, tap\u0119s tikru kanapi\u0173 tematikos desert\u0173 simboliu. \u0160is \u010diulpinukas sujungia saldum\u0105 su specifiniu, nat\u016braliu pluo\u0161tini\u0173 kanapi\u0173 aromatu, sukuriant unikal\u0173 skonio profil\u012f, kurio nesumai\u0161ysite su niekuo kitu.<\/p>\n<h2>Kod\u0117l jis toks populiarus?<\/h2>\n<ul>\n<li>Autenti\u0161kas aromatas: Specialiai sukurtas receptas atspindi geriausias kanapi\u0173 savybes be joki\u0173 psichoaktyvi\u0173 pried\u0173.<\/li>\n<li>Vizualinis identitetas: Ry\u0161ki \u017ealia spalva ir i\u0161skirtinis \u012fpakavimas daro \u0161\u012f produkt\u0105 puikiu stiliaus elementu.<\/li>\n<li>Auk\u0161ta kokyb\u0117: Pagaminta Europoje pagal grie\u017etus kokyb\u0117s standartus, naudojant saugius ingredientus.<\/li>\n<li>Be kanabinoid\u0173: Gaminyje n\u0117ra CBD ar THC, tod\u0117l jis tinka visiems, norintiems pasim\u0117gauti tik unikaliu skoniu.<\/li>\n<\/ul>\n<table data-path-to-node=\"16\">\n<thead>\n<tr>\n<td><strong>Savyb\u0117<\/strong><\/td>\n<td><strong>Reik\u0161m\u0117<\/strong><\/td>\n<\/tr>\n<\/thead>\n<tbody>\n<tr>\n<td><span data-path-to-node=\"16,1,0,0\"><b data-path-to-node=\"16,1,0,0\" data-index-in-node=\"0\">Svoris<\/b><\/span><\/td>\n<td><span data-path-to-node=\"16,1,1,0\">12 g<\/span><\/td>\n<\/tr>\n<tr>\n<td><span data-path-to-node=\"16,2,0,0\"><b data-path-to-node=\"16,2,0,0\" data-index-in-node=\"0\">Skonis<\/b><\/span><\/td>\n<td><span data-path-to-node=\"16,2,1,0\">Originalus kanapi\u0173 (Cannabis)<\/span><\/td>\n<\/tr>\n<tr>\n<td><span data-path-to-node=\"16,3,0,0\"><b data-path-to-node=\"16,3,0,0\" data-index-in-node=\"0\">CBD \/ THC kiekis<\/b><\/span><\/td>\n<td><span data-path-to-node=\"16,3,1,0\">0%<\/span><\/td>\n<\/tr>\n<tr>\n<td><span data-path-to-node=\"16,4,0,0\"><b data-path-to-node=\"16,4,0,0\" data-index-in-node=\"0\">Pakuot\u0117<\/b><\/span><\/td>\n<td><span data-path-to-node=\"16,4,1,0\">Individualiai supakuota<\/span><\/td>\n<\/tr>\n<tr>\n<td><span data-path-to-node=\"16,5,0,0\"><b data-path-to-node=\"16,5,0,0\" data-index-in-node=\"0\">Gamintojas<\/b><\/span><\/td>\n<td><span data-path-to-node=\"16,5,1,0\">Euphoria (\u010cekija)<\/span><\/td>\n<\/tr>\n<\/tbody>\n<\/table>","protected":false},"excerpt":{"rendered":"<p>Ikoni\u0161kas kanapi\u0173 aromato lollipop. Autenti\u0161kas skonis, ry\u0161ki \u017ealia spalva ir stilingas \u201eEuphoria\u201c dizainas. Visi\u0161kai legalus pasirinkimas be CBD ir THC.<\/p>","protected":false},"featured_media":42562,"comment_status":"closed","ping_status":"closed","template":"","meta":{"_acf_changed":false,"inline_featured_image":false},"product_brand":[298],"product_cat":[43,294],"product_tag":[],"class_list":{"0":"post-42573","1":"product","2":"type-product","3":"status-publish","4":"has-post-thumbnail","6":"product_brand-euphoria","7":"product_cat-cbd-produktai","8":"product_cat-kanapiu-uzkandziai","10":"first","11":"instock","12":"sale","13":"shipping-taxable","14":"purchasable","15":"product-type-simple"},"acf":[],"yoast_head":"<!-- This site is optimized with the Yoast SEO Premium plugin v21.8 (Yoast SEO v27.2) - https:\/\/yoast.com\/product\/yoast-seo-premium-wordpress\/ -->\n<title>Kanapi\u0173 Lollipop EUPHORIA \u2013 Autenti\u0161kas Skonis | HotSmoke<\/title>\n<meta name=\"description\" content=\"Stilingas ir skanus kanapi\u0173 skonio lai\u017eytukas i\u0161 Euphoria. Klasikinis pasirinkimas be CBD ir THC. Atraskite unikalius desertus hotsmoke.shop parduotuv\u0117je!\" \/>\n<meta name=\"robots\" content=\"index, follow, max-snippet:-1, max-image-preview:large, max-video-preview:-1\" \/>\n<link rel=\"canonical\" href=\"https:\/\/hotsmoke.shop\/de\/parduotuve\/cbd-produkte\/kanapiu-lollipop-euphoria-cannabis\/\" \/>\n<meta property=\"og:locale\" content=\"de_DE\" \/>\n<meta property=\"og:type\" content=\"article\" \/>\n<meta property=\"og:title\" content=\"Kanapi\u0173 Lollipop EUPHORIA Cannabis\" \/>\n<meta property=\"og:description\" content=\"Stilingas ir skanus kanapi\u0173 skonio lai\u017eytukas i\u0161 Euphoria. Klasikinis pasirinkimas be CBD ir THC. Atraskite unikalius desertus hotsmoke.shop parduotuv\u0117je!\" \/>\n<meta property=\"og:url\" content=\"https:\/\/hotsmoke.shop\/de\/parduotuve\/cbd-produkte\/kanapiu-lollipop-euphoria-cannabis\/\" \/>\n<meta property=\"og:site_name\" content=\"HotSmoke\" \/>\n<meta property=\"article:publisher\" content=\"https:\/\/www.facebook.com\/hotsmoke.shop\" \/>\n<meta property=\"og:image\" content=\"https:\/\/hotsmoke.shop\/wp-content\/uploads\/2026\/04\/cbd-saldainiai-hotsmoke.shop_.webp\" \/>\n\t<meta property=\"og:image:width\" content=\"1024\" \/>\n\t<meta property=\"og:image:height\" content=\"1024\" \/>\n\t<meta property=\"og:image:type\" content=\"image\/webp\" \/>\n<meta name=\"twitter:card\" content=\"summary_large_image\" \/>\n<meta name=\"twitter:site\" content=\"@HotSmokeoffici1\" \/>\n<meta name=\"twitter:label1\" content=\"Preis\" \/>\n\t<meta name=\"twitter:data1\" content=\"1.20&euro; Urspr\u00fcnglicher Preis war: 1.20&euro;0.70&euro;Aktueller Preis ist: 0.70&euro;.\" \/>\n\t<meta name=\"twitter:label2\" content=\"Availability\" \/>\n\t<meta name=\"twitter:data2\" content=\"In stock\" \/>\n<script type=\"application\/ld+json\" class=\"yoast-schema-graph\">{\"@context\":\"https:\/\/schema.org\",\"@graph\":[{\"@type\":\"WebPage\",\"@id\":\"https:\/\/hotsmoke.shop\/parduotuve\/cbd-produktai\/kanapiu-lollipop-euphoria-cannabis\/\",\"url\":\"https:\/\/hotsmoke.shop\/parduotuve\/cbd-produktai\/kanapiu-lollipop-euphoria-cannabis\/\",\"name\":\"Kanapi\u0173 Lollipop EUPHORIA \u2013 Autenti\u0161kas Skonis | HotSmoke\",\"isPartOf\":{\"@id\":\"https:\/\/hotsmoke.shop\/#website\"},\"primaryImageOfPage\":{\"@id\":\"https:\/\/hotsmoke.shop\/parduotuve\/cbd-produktai\/kanapiu-lollipop-euphoria-cannabis\/#primaryimage\"},\"image\":{\"@id\":\"https:\/\/hotsmoke.shop\/parduotuve\/cbd-produktai\/kanapiu-lollipop-euphoria-cannabis\/#primaryimage\"},\"thumbnailUrl\":\"https:\/\/hotsmoke.shop\/wp-content\/uploads\/2026\/04\/cbd-saldainiai-hotsmoke.shop_.webp\",\"datePublished\":\"2026-04-01T19:13:17+00:00\",\"description\":\"Stilingas ir skanus kanapi\u0173 skonio lai\u017eytukas i\u0161 Euphoria. Klasikinis pasirinkimas be CBD ir THC. Atraskite unikalius desertus hotsmoke.shop parduotuv\u0117je!\",\"breadcrumb\":{\"@id\":\"https:\/\/hotsmoke.shop\/parduotuve\/cbd-produktai\/kanapiu-lollipop-euphoria-cannabis\/#breadcrumb\"},\"inLanguage\":\"de\",\"potentialAction\":[{\"@type\":\"ReadAction\",\"target\":[\"https:\/\/hotsmoke.shop\/parduotuve\/cbd-produktai\/kanapiu-lollipop-euphoria-cannabis\/\"]}]},{\"@type\":\"ImageObject\",\"inLanguage\":\"de\",\"@id\":\"https:\/\/hotsmoke.shop\/parduotuve\/cbd-produktai\/kanapiu-lollipop-euphoria-cannabis\/#primaryimage\",\"url\":\"https:\/\/hotsmoke.shop\/wp-content\/uploads\/2026\/04\/cbd-saldainiai-hotsmoke.shop_.webp\",\"contentUrl\":\"https:\/\/hotsmoke.shop\/wp-content\/uploads\/2026\/04\/cbd-saldainiai-hotsmoke.shop_.webp\",\"width\":1024,\"height\":1024,\"caption\":\"cbd saldainiai\"},{\"@type\":\"BreadcrumbList\",\"@id\":\"https:\/\/hotsmoke.shop\/parduotuve\/cbd-produktai\/kanapiu-lollipop-euphoria-cannabis\/#breadcrumb\",\"itemListElement\":[{\"@type\":\"ListItem\",\"position\":1,\"name\":\"Home\",\"item\":\"https:\/\/hotsmoke.shop\/\"},{\"@type\":\"ListItem\",\"position\":2,\"name\":\"CBD Parduotuv\u0117 | Premium Aliejai ir \u017diedai Internetu\",\"item\":\"https:\/\/hotsmoke.shop\/parduotuve\/\"},{\"@type\":\"ListItem\",\"position\":3,\"name\":\"Kanapi\u0173 Lollipop EUPHORIA Cannabis\"}]},{\"@type\":\"WebSite\",\"@id\":\"https:\/\/hotsmoke.shop\/#website\",\"url\":\"https:\/\/hotsmoke.shop\/\",\"name\":\"HotSmoke CBD\",\"description\":\"CBD Produktai Lietuvoje | Premium Aliejus ir \u017diedai | HotSmoke\",\"publisher\":{\"@id\":\"https:\/\/hotsmoke.shop\/#organization\"},\"potentialAction\":[{\"@type\":\"SearchAction\",\"target\":{\"@type\":\"EntryPoint\",\"urlTemplate\":\"https:\/\/hotsmoke.shop\/?s={search_term_string}\"},\"query-input\":{\"@type\":\"PropertyValueSpecification\",\"valueRequired\":true,\"valueName\":\"search_term_string\"}}],\"inLanguage\":\"de\"},{\"@type\":[\"Organization\",\"Place\"],\"@id\":\"https:\/\/hotsmoke.shop\/#organization\",\"name\":\"Hotsmoke | CBD line\",\"url\":\"https:\/\/hotsmoke.shop\/\",\"logo\":{\"@id\":\"https:\/\/hotsmoke.shop\/parduotuve\/cbd-produktai\/kanapiu-lollipop-euphoria-cannabis\/#local-main-organization-logo\"},\"image\":{\"@id\":\"https:\/\/hotsmoke.shop\/parduotuve\/cbd-produktai\/kanapiu-lollipop-euphoria-cannabis\/#local-main-organization-logo\"},\"sameAs\":[\"https:\/\/www.facebook.com\/hotsmoke.shop\",\"https:\/\/x.com\/HotSmokeoffici1\"],\"publishingPrinciples\":\"https:\/\/hotsmoke.shop\/apie-mus\/\",\"ownershipFundingInfo\":\"https:\/\/hotsmoke.shop\/teises-ir-isipareigojimai\/\",\"actionableFeedbackPolicy\":\"https:\/\/hotsmoke.shop\/teises-ir-isipareigojimai\/\",\"correctionsPolicy\":\"https:\/\/hotsmoke.shop\/teises-ir-isipareigojimai\/\",\"ethicsPolicy\":\"https:\/\/hotsmoke.shop\/pristatymas-ir-taisykles\/\",\"diversityPolicy\":\"https:\/\/hotsmoke.shop\/garantijos-ir-grazinimas\/\",\"diversityStaffingReport\":\"https:\/\/hotsmoke.shop\/teises-ir-isipareigojimai\/\",\"openingHoursSpecification\":[{\"@type\":\"OpeningHoursSpecification\",\"dayOfWeek\":[\"Monday\",\"Tuesday\",\"Wednesday\",\"Thursday\",\"Friday\",\"Saturday\",\"Sunday\"],\"opens\":\"09:00\",\"closes\":\"17:00\"}]},{\"@type\":\"ImageObject\",\"inLanguage\":\"de\",\"@id\":\"https:\/\/hotsmoke.shop\/parduotuve\/cbd-produktai\/kanapiu-lollipop-euphoria-cannabis\/#local-main-organization-logo\",\"url\":\"https:\/\/hotsmoke.shop\/wp-content\/uploads\/2026\/03\/Group-5-1.png\",\"contentUrl\":\"https:\/\/hotsmoke.shop\/wp-content\/uploads\/2026\/03\/Group-5-1.png\",\"width\":566,\"height\":73,\"caption\":\"Hotsmoke | CBD line\"}]}<\/script>\n<!-- \/ Yoast SEO Premium plugin. -->","yoast_head_json":{"title":"Kanapi\u0173 Lollipop EUPHORIA \u2013 Autenti\u0161kas Skonis | HotSmoke","description":"Stilingas ir skanus kanapi\u0173 skonio lai\u017eytukas i\u0161 Euphoria. Klasikinis pasirinkimas be CBD ir THC. Atraskite unikalius desertus hotsmoke.shop parduotuv\u0117je!","robots":{"index":"index","follow":"follow","max-snippet":"max-snippet:-1","max-image-preview":"max-image-preview:large","max-video-preview":"max-video-preview:-1"},"canonical":"https:\/\/hotsmoke.shop\/de\/parduotuve\/cbd-produkte\/kanapiu-lollipop-euphoria-cannabis\/","og_locale":"de_DE","og_type":"article","og_title":"Kanapi\u0173 Lollipop EUPHORIA Cannabis","og_description":"Stilingas ir skanus kanapi\u0173 skonio lai\u017eytukas i\u0161 Euphoria. Klasikinis pasirinkimas be CBD ir THC. Atraskite unikalius desertus hotsmoke.shop parduotuv\u0117je!","og_url":"https:\/\/hotsmoke.shop\/de\/parduotuve\/cbd-produkte\/kanapiu-lollipop-euphoria-cannabis\/","og_site_name":"HotSmoke","article_publisher":"https:\/\/www.facebook.com\/hotsmoke.shop","og_image":[{"width":1024,"height":1024,"url":"https:\/\/hotsmoke.shop\/wp-content\/uploads\/2026\/04\/cbd-saldainiai-hotsmoke.shop_.webp","type":"image\/webp"}],"twitter_card":"summary_large_image","twitter_site":"@HotSmokeoffici1","twitter_misc":{"Preis":"1.20&euro; Urspr\u00fcnglicher Preis war: 1.20&euro;0.70&euro;Aktueller Preis ist: 0.70&euro;.","Availability":"In stock"},"schema":{"@context":"https:\/\/schema.org","@graph":[{"@type":"WebPage","@id":"https:\/\/hotsmoke.shop\/parduotuve\/cbd-produktai\/kanapiu-lollipop-euphoria-cannabis\/","url":"https:\/\/hotsmoke.shop\/parduotuve\/cbd-produktai\/kanapiu-lollipop-euphoria-cannabis\/","name":"Kanapi\u0173 Lollipop EUPHORIA \u2013 Autenti\u0161kas Skonis | HotSmoke","isPartOf":{"@id":"https:\/\/hotsmoke.shop\/#website"},"primaryImageOfPage":{"@id":"https:\/\/hotsmoke.shop\/parduotuve\/cbd-produktai\/kanapiu-lollipop-euphoria-cannabis\/#primaryimage"},"image":{"@id":"https:\/\/hotsmoke.shop\/parduotuve\/cbd-produktai\/kanapiu-lollipop-euphoria-cannabis\/#primaryimage"},"thumbnailUrl":"https:\/\/hotsmoke.shop\/wp-content\/uploads\/2026\/04\/cbd-saldainiai-hotsmoke.shop_.webp","datePublished":"2026-04-01T19:13:17+00:00","description":"Stilingas ir skanus kanapi\u0173 skonio lai\u017eytukas i\u0161 Euphoria. Klasikinis pasirinkimas be CBD ir THC. Atraskite unikalius desertus hotsmoke.shop parduotuv\u0117je!","breadcrumb":{"@id":"https:\/\/hotsmoke.shop\/parduotuve\/cbd-produktai\/kanapiu-lollipop-euphoria-cannabis\/#breadcrumb"},"inLanguage":"de","potentialAction":[{"@type":"ReadAction","target":["https:\/\/hotsmoke.shop\/parduotuve\/cbd-produktai\/kanapiu-lollipop-euphoria-cannabis\/"]}]},{"@type":"ImageObject","inLanguage":"de","@id":"https:\/\/hotsmoke.shop\/parduotuve\/cbd-produktai\/kanapiu-lollipop-euphoria-cannabis\/#primaryimage","url":"https:\/\/hotsmoke.shop\/wp-content\/uploads\/2026\/04\/cbd-saldainiai-hotsmoke.shop_.webp","contentUrl":"https:\/\/hotsmoke.shop\/wp-content\/uploads\/2026\/04\/cbd-saldainiai-hotsmoke.shop_.webp","width":1024,"height":1024,"caption":"cbd saldainiai"},{"@type":"BreadcrumbList","@id":"https:\/\/hotsmoke.shop\/parduotuve\/cbd-produktai\/kanapiu-lollipop-euphoria-cannabis\/#breadcrumb","itemListElement":[{"@type":"ListItem","position":1,"name":"Home","item":"https:\/\/hotsmoke.shop\/"},{"@type":"ListItem","position":2,"name":"CBD Parduotuv\u0117 | Premium Aliejai ir \u017diedai Internetu","item":"https:\/\/hotsmoke.shop\/parduotuve\/"},{"@type":"ListItem","position":3,"name":"Kanapi\u0173 Lollipop EUPHORIA Cannabis"}]},{"@type":"WebSite","@id":"https:\/\/hotsmoke.shop\/#website","url":"https:\/\/hotsmoke.shop\/","name":"HotSmoke CBD","description":"CBD Produkte in Vereinigtes K\u00f6nigreich | Premium \u00d6le und Bl\u00fcten | HotSmoke","publisher":{"@id":"https:\/\/hotsmoke.shop\/#organization"},"potentialAction":[{"@type":"SearchAction","target":{"@type":"EntryPoint","urlTemplate":"https:\/\/hotsmoke.shop\/?s={search_term_string}"},"query-input":{"@type":"PropertyValueSpecification","valueRequired":true,"valueName":"search_term_string"}}],"inLanguage":"de"},{"@type":["Organization","Place"],"@id":"https:\/\/hotsmoke.shop\/#organization","name":"Hotsmoke | CBD Linie","url":"https:\/\/hotsmoke.shop\/","logo":{"@id":"https:\/\/hotsmoke.shop\/parduotuve\/cbd-produktai\/kanapiu-lollipop-euphoria-cannabis\/#local-main-organization-logo"},"image":{"@id":"https:\/\/hotsmoke.shop\/parduotuve\/cbd-produktai\/kanapiu-lollipop-euphoria-cannabis\/#local-main-organization-logo"},"sameAs":["https:\/\/www.facebook.com\/hotsmoke.shop","https:\/\/x.com\/HotSmokeoffici1"],"publishingPrinciples":"https:\/\/hotsmoke.shop\/apie-mus\/","ownershipFundingInfo":"https:\/\/hotsmoke.shop\/teises-ir-isipareigojimai\/","actionableFeedbackPolicy":"https:\/\/hotsmoke.shop\/teises-ir-isipareigojimai\/","correctionsPolicy":"https:\/\/hotsmoke.shop\/teises-ir-isipareigojimai\/","ethicsPolicy":"https:\/\/hotsmoke.shop\/pristatymas-ir-taisykles\/","diversityPolicy":"https:\/\/hotsmoke.shop\/garantijos-ir-grazinimas\/","diversityStaffingReport":"https:\/\/hotsmoke.shop\/teises-ir-isipareigojimai\/","openingHoursSpecification":[{"@type":"OpeningHoursSpecification","dayOfWeek":["Monday","Tuesday","Wednesday","Thursday","Friday","Saturday","Sunday"],"opens":"09:00","closes":"17:00"}]},{"@type":"ImageObject","inLanguage":"de","@id":"https:\/\/hotsmoke.shop\/parduotuve\/cbd-produktai\/kanapiu-lollipop-euphoria-cannabis\/#local-main-organization-logo","url":"https:\/\/hotsmoke.shop\/wp-content\/uploads\/2026\/03\/Group-5-1.png","contentUrl":"https:\/\/hotsmoke.shop\/wp-content\/uploads\/2026\/03\/Group-5-1.png","width":566,"height":73,"caption":"Hotsmoke | CBD line"}]}},"_links":{"self":[{"href":"https:\/\/hotsmoke.shop\/de\/wp-json\/wp\/v2\/product\/42573","targetHints":{"allow":["GET"]}}],"collection":[{"href":"https:\/\/hotsmoke.shop\/de\/wp-json\/wp\/v2\/product"}],"about":[{"href":"https:\/\/hotsmoke.shop\/de\/wp-json\/wp\/v2\/types\/product"}],"replies":[{"embeddable":true,"href":"https:\/\/hotsmoke.shop\/de\/wp-json\/wp\/v2\/comments?post=42573"}],"wp:featuredmedia":[{"embeddable":true,"href":"https:\/\/hotsmoke.shop\/de\/wp-json\/wp\/v2\/media\/42562"}],"wp:attachment":[{"href":"https:\/\/hotsmoke.shop\/de\/wp-json\/wp\/v2\/media?parent=42573"}],"wp:term":[{"taxonomy":"product_brand","embeddable":true,"href":"https:\/\/hotsmoke.shop\/de\/wp-json\/wp\/v2\/product_brand?post=42573"},{"taxonomy":"product_cat","embeddable":true,"href":"https:\/\/hotsmoke.shop\/de\/wp-json\/wp\/v2\/product_cat?post=42573"},{"taxonomy":"product_tag","embeddable":true,"href":"https:\/\/hotsmoke.shop\/de\/wp-json\/wp\/v2\/product_tag?post=42573"}],"curies":[{"name":"wp","href":"https:\/\/api.w.org\/{rel}","templated":true}]}}